{"id":5548,"date":"2022-03-17T21:46:18","date_gmt":"2022-03-18T02:46:18","guid":{"rendered":"https:\/\/bounce35.thedev.ca\/notre-equipe\/"},"modified":"2024-07-19T13:42:23","modified_gmt":"2024-07-19T18:42:23","slug":"notre-equipe","status":"publish","type":"page","link":"https:\/\/bounce35.thedev.ca\/fr-ca\/a-propos\/notre-equipe\/","title":{"rendered":"Notre \u00e9quipe"},"content":{"rendered":"\n<div class=\"wp-block-genesis-blocks-gb-columns submenu-navigation about-submenu gb-layout-columns-1 one-column has-theme-secondary-color alignfull\" style=\"margin-top:20px;margin-bottom:20px;padding-right:15%;padding-left:15%\"><div class=\"gb-layout-column-wrap gb-block-layout-column-gap-0 gb-is-responsive-column\">\n<div class=\"wp-block-genesis-blocks-gb-column gb-block-layout-column\"><div class=\"gb-block-layout-column-inner\"><nav style=\"font-size:25px;font-style:normal;font-weight:700;text-transform:capitalize;\" class=\"items-justified-space-between alignfull wp-block-navigation is-content-justification-space-between is-layout-flex wp-container-core-navigation-is-layout-3d213aab wp-block-navigation-is-layout-flex\" aria-label=\"\u00c0 propos du menu\"><ul style=\"font-size:25px;font-style:normal;font-weight:700;text-transform:capitalize;\" class=\"wp-block-navigation__container items-justified-space-between alignfull wp-block-navigation\"><li style=\"font-size: 25px;\" class=\" wp-block-navigation-item wp-block-navigation-link\"><a class=\"wp-block-navigation-item__content\"  href=\"https:\/\/bounce35.thedev.ca\/fr-ca\/notre-equipe\/\"><span class=\"wp-block-navigation-item__label\">Notre \u00e9quipe<\/span><\/a><\/li><li style=\"font-size: 25px;\" class=\" wp-block-navigation-item wp-block-navigation-link\"><a class=\"wp-block-navigation-item__content\"  href=\"https:\/\/bounce35.thedev.ca\/fr-ca\/a-propos\/financement-et-partenariats\/\"><span class=\"wp-block-navigation-item__label\">Financement et partenariats<\/span><\/a><\/li><li style=\"font-size: 25px;\" class=\" wp-block-navigation-item wp-block-navigation-link\"><a class=\"wp-block-navigation-item__content\"  href=\"https:\/\/bounce35.thedev.ca\/fr-ca\/ou-obtenir-nos-services\/\"><span class=\"wp-block-navigation-item__label\">O\u00f9 obtenir nos services<\/span><\/a><\/li><li style=\"font-size: 25px;\" class=\" wp-block-navigation-item wp-block-navigation-link\"><a class=\"wp-block-navigation-item__content\"  href=\"https:\/\/bounce35.thedev.ca\/fr-ca\/a-propos\/galerie-de-photos\/\"><span class=\"wp-block-navigation-item__label\">Galerie de photos<\/span><\/a><\/li><li style=\"font-size: 25px;\" class=\" wp-block-navigation-item wp-block-navigation-link\"><a class=\"wp-block-navigation-item__content\"  href=\"https:\/\/bounce35.thedev.ca\/fr-ca\/a-propos\/publication\/\"><span class=\"wp-block-navigation-item__label\">Publications<\/span><\/a><\/li><li style=\"font-size: 25px;\" class=\" wp-block-navigation-item wp-block-navigation-link\"><a class=\"wp-block-navigation-item__content\"  href=\"https:\/\/bounce35.thedev.ca\/fr-ca\/media\/\"><span class=\"wp-block-navigation-item__label\">M\u00e9dia<\/span><\/a><\/li><\/ul><\/nav><\/div><\/div>\n<\/div><\/div>\n\n\n\n<div class=\"wp-block-genesis-blocks-gb-columns gb-layout-columns-2 gb-2-col-wideleft has-white-background-color gb-columns-center alignfull\" style=\"padding-top:5%;padding-right:15%;padding-bottom:5%;padding-left:15%\"><div class=\"gb-layout-column-wrap gb-block-layout-column-gap-0 gb-is-responsive-column\" style=\"max-width:1200px\">\n<div class=\"wp-block-genesis-blocks-gb-column gb-block-layout-column\"><div class=\"gb-block-layout-column-inner\">\n<h1 class=\"wp-block-heading alignfull\">Notre \u00e9quipe de TCCpc<\/h1>\n\n\n\n<p>Nous avons cr\u00e9\u00e9 la TCCpc dans le but de r\u00e9duire les temps d\u2019attente et d\u2019am\u00e9liorer l\u2019acc\u00e8s aux programmes de th\u00e9rapie cognitivo-comportementale (TCC) pour la pr\u00e9vention et le traitement des probl\u00e8mes de sant\u00e9 mentale et des troubles li\u00e9s \u00e0 l\u2019usage de substances psychoactives pour tous les Manitobains et toutes les Manitobaines. <\/p>\n\n\n\n<div style=\"color:#ddd\" class=\"wp-block-genesis-blocks-gb-spacer gb-block-spacer gb-divider-solid gb-divider-size-1\"><hr style=\"height:8px\"\/><\/div>\n\n\n\n<p><br>L\u2019\u00e9quipe de TCCpc regroupe des professionnels de divers domaines : psychiatrie, \u00e9pid\u00e9miologie, psychologie et travail social. Ces professionnels poss\u00e8dent une expertise en th\u00e9rapie cognitivo-comportementale. Nous sommes d\u00e9termin\u00e9s \u00e0 soutenir le milieu de la sant\u00e9 mentale par la promotion et la mise en \u0153uvre de cours sur la TCCpc. L\u2019\u00e9quipe de TCCpc offre de la formation et du soutien en animation sous forme de mentorat et de soutien centralis\u00e9, ce qui comprend un encadrement pour l\u2019adaptation et la mise \u00e0 jour des programmes. La recherche en mati\u00e8re de TCCpc se poursuit, et elle inclut une \u00e9valuation centralis\u00e9e visant \u00e0 d\u00e9terminer l\u2019efficacit\u00e9 du programme de TCCpc. <\/p>\n<\/div><\/div>\n\n\n\n<div class=\"wp-block-genesis-blocks-gb-column gb-block-layout-column\"><div class=\"gb-block-layout-column-inner\">\n<p><\/p>\n<\/div><\/div>\n<\/div><\/div>\n\n\n\n<div class=\"wp-block-genesis-blocks-gb-columns gb-layout-columns-1 one-column gb-columns-center alignfull\" style=\"padding-top:1%;padding-right:15%;padding-left:15%\"><div class=\"gb-layout-column-wrap gb-block-layout-column-gap-2 gb-is-responsive-column\" style=\"max-width:1200px\">\n<div class=\"wp-block-genesis-blocks-gb-column gb-block-layout-column\"><div class=\"gb-block-layout-column-inner\">\n<h2 class=\"wp-block-heading\">L\u2019\u00e9quipe de direction<\/h2>\n<\/div><\/div>\n<\/div><\/div>\n\n\n\n<div class=\"wp-block-genesis-blocks-gb-columns gb-layout-columns-1 gb-1-col-equal has-white-background-color gb-columns-center alignfull\" style=\"padding-top:5%;padding-right:20%;padding-bottom:2%;padding-left:20%\"><div class=\"gb-layout-column-wrap gb-block-layout-column-gap-2 gb-is-responsive-column\" style=\"max-width:1200px\">\n<div class=\"wp-block-genesis-blocks-gb-column gb-block-layout-column\"><div class=\"gb-block-layout-column-inner\">\n<div class=\"wp-block-columns alignfull is-layout-flex wp-container-core-columns-is-layout-9d6595d7 wp-block-columns-is-layout-flex\">\n<div class=\"wp-block-column is-layout-flow wp-block-column-is-layout-flow\"><\/div>\n\n\n\n<div class=\"wp-block-column is-layout-flow wp-block-column-is-layout-flow\"><\/div>\n\n\n\n<div class=\"wp-block-column is-layout-flow wp-block-column-is-layout-flow\"><\/div>\n<\/div>\n<\/div><\/div>\n<\/div><\/div>\n\n\n\n<div class=\"wp-block-genesis-blocks-gb-columns gb-layout-columns-1 one-column gb-columns-center alignfull\" style=\"padding-top:1%;padding-right:15%;padding-left:15%\"><div class=\"gb-layout-column-wrap gb-block-layout-column-gap-2 gb-is-responsive-column\" style=\"max-width:1200px\">\n<div class=\"wp-block-genesis-blocks-gb-column gb-block-layout-column\"><div class=\"gb-block-layout-column-inner\">\n<h2 class=\"wp-block-heading\">L\u2019\u00e9quipe clinique et de animatrice<\/h2>\n<\/div><\/div>\n<\/div><\/div>\n\n\n\n<div class=\"wp-block-genesis-blocks-gb-columns gb-layout-columns-1 gb-1-col-equal has-white-background-color gb-columns-center alignfull\" style=\"padding-top:5%;padding-right:20%;padding-left:20%\"><div class=\"gb-layout-column-wrap gb-block-layout-column-gap-2 gb-is-responsive-column\" style=\"max-width:1200px\">\n<div class=\"wp-block-genesis-blocks-gb-column gb-block-layout-column\"><div class=\"gb-block-layout-column-inner\">\n<h2 class=\"wp-block-heading\"><br>Responsable clinique<\/h2>\n\n\n\n\n\n<div class=\"wp-block-columns alignfull is-layout-flex wp-container-core-columns-is-layout-9d6595d7 wp-block-columns-is-layout-flex\">\n<div class=\"wp-block-column is-layout-flow wp-block-column-is-layout-flow\">\n\n\n\n<\/div>\n\n\n\n<div class=\"wp-block-column is-layout-flow wp-block-column-is-layout-flow\">\n\n<\/div>\n\n\n\n<div class=\"wp-block-column is-layout-flow wp-block-column-is-layout-flow\">\n\n<\/div>\n<\/div>\n<\/div><\/div>\n<\/div><\/div>\n\n\n\n<div class=\"wp-block-genesis-blocks-gb-columns gb-layout-columns-1 one-column gb-columns-center alignfull\" style=\"padding-top:1%;padding-right:15%;padding-left:15%\"><div class=\"gb-layout-column-wrap gb-block-layout-column-gap-2 gb-is-responsive-column\" style=\"max-width:1200px\">\n<div class=\"wp-block-genesis-blocks-gb-column gb-block-layout-column\"><div class=\"gb-block-layout-column-inner\">\n<h2 class=\"wp-block-heading has-text-align-left\">Assistants de programmes et de recherche<\/h2>\n<\/div><\/div>\n<\/div><\/div>\n\n\n\n<div class=\"wp-block-genesis-blocks-gb-columns gb-layout-columns-1 one-column has-white-background-color gb-columns-center alignfull\" style=\"padding-top:1%;padding-right:15%;padding-left:15%\"><div class=\"gb-layout-column-wrap gb-block-layout-column-gap-2 gb-is-responsive-column\" style=\"max-width:1200px\">\n<div class=\"wp-block-genesis-blocks-gb-column gb-block-layout-column\"><div class=\"gb-block-layout-column-inner\">\n<div class=\"wp-block-columns is-layout-flex wp-container-core-columns-is-layout-9d6595d7 wp-block-columns-is-layout-flex\">\n<div class=\"wp-block-column is-layout-flow wp-block-column-is-layout-flow\" style=\"flex-basis:33.34%\">\n\n\n\n<\/div>\n\n\n\n<div class=\"wp-block-column is-layout-flow wp-block-column-is-layout-flow\" style=\"flex-basis:33.34%\">\n\n\n\n<\/div>\n\n\n\n<div class=\"wp-block-column is-layout-flow wp-block-column-is-layout-flow\" style=\"flex-basis:33.33%\">\n\n<\/div>\n<\/div>\n<\/div><\/div>\n<\/div><\/div>\n\n\n\n<div class=\"wp-block-genesis-blocks-gb-columns gb-layout-columns-1 one-column has-white-background-color gb-columns-center alignfull\" style=\"padding-top:5%;padding-right:25%;padding-bottom:5%;padding-left:25%\"><div class=\"gb-layout-column-wrap gb-block-layout-column-gap-2 gb-is-responsive-column\" style=\"max-width:1200px\">\n<div class=\"wp-block-genesis-blocks-gb-column gb-block-layout-column\"><div class=\"gb-block-layout-column-inner\">\n<h2 style=\"display:inline-block;font-size:20px;\">Rhea Gupta <\/h2><h3 style=\"display:inline-block;font-size:18px;\">  <\/h3><br\/>\n\n\n\n<h2 style=\"display:inline-block;font-size:20px;\">Jori Ganetsky <\/h2><h3 style=\"display:inline-block;font-size:18px;\">  <\/h3><br\/>\n<\/div><\/div>\n<\/div><\/div>\n\n\n\n<div class=\"wp-block-genesis-blocks-gb-columns gb-layout-columns-1 one-column gb-columns-center alignfull\" style=\"padding-top:1%;padding-right:15%;padding-left:15%\"><div class=\"gb-layout-column-wrap gb-block-layout-column-gap-2 gb-is-responsive-column\" style=\"max-width:1200px\">\n<div class=\"wp-block-genesis-blocks-gb-column gb-block-layout-column\"><div class=\"gb-block-layout-column-inner\">\n<h2 class=\"wp-block-heading\">Plateforme de TCCpc \u2013 Membres du Comit\u00e9 directeur <\/h2>\n\n\n\n<p>La plateforme de TCCpc a \u00e9t\u00e9 cr\u00e9\u00e9e en octobre 2021. Il s\u2019agit d\u2019une \u00e9quipe provinciale collaborative qui regroupe des sp\u00e9cialistes de l\u2019animation et d\u2019autres professionnels de diff\u00e9rents milieux dans le but de r\u00e9pondre \u00e0 l\u2019augmentation des besoins en mati\u00e8re d\u2019acc\u00e8s \u00e0 la TCCpc. Le travail effectu\u00e9 dans le cadre de la plateforme de TCCpc est financ\u00e9 par le gouvernement du Manitoba, en partenariat avec Soins communs. Voici les autres membres de la plateforme de TCCpc:<br><\/p>\n<\/div><\/div>\n<\/div><\/div>\n\n\n\n<div class=\"wp-block-genesis-blocks-gb-columns gb-layout-columns-2 gb-2-col-equal has-white-background-color gb-columns-center alignfull\" style=\"padding-top:5%;padding-right:25%;padding-bottom:5%;padding-left:25%\"><div class=\"gb-layout-column-wrap gb-block-layout-column-gap-2 gb-is-responsive-column\" style=\"max-width:1200px\">\n<div class=\"wp-block-genesis-blocks-gb-column gb-block-layout-column\"><div class=\"gb-block-layout-column-inner\">\n<div class=\"wp-block-group\"><div class=\"wp-block-group__inner-container is-layout-flow wp-block-group-is-layout-flow\">\n<div class=\"wp-block-group\"><div class=\"wp-block-group__inner-container is-layout-flow wp-block-group-is-layout-flow\">\n<h3 class=\"wp-block-heading has-large-font-size\">Allan Dubyts<\/h3>\n<\/div><\/div>\n\n\n\n<h3 class=\"wp-block-heading has-large-font-size\">Ben Fry<\/h3>\n\n\n\n<div class=\"wp-block-group\"><div class=\"wp-block-group__inner-container is-layout-flow wp-block-group-is-layout-flow\">\n<h3 class=\"wp-block-heading has-large-font-size\">Corey Mackenzie<\/h3>\n<\/div><\/div>\n\n\n\n<div class=\"wp-block-group\"><div class=\"wp-block-group__inner-container is-layout-flow wp-block-group-is-layout-flow\">\n<h3 class=\"wp-block-heading has-large-font-size\">Rick Hawe<\/h3>\n\n\n\n<h3 class=\"wp-block-heading has-large-font-size\">Jane Moody<\/h3>\n<\/div><\/div>\n\n\n\n<div class=\"wp-block-group\"><div class=\"wp-block-group__inner-container is-layout-flow wp-block-group-is-layout-flow\">\n<h3 class=\"wp-block-heading has-large-font-size\">Ji Hyun Ko<\/h3>\n\n\n\n<h3 class=\"wp-block-heading has-large-font-size\">Joanna Bhaskaran<\/h3>\n<\/div><\/div>\n\n\n\n<div class=\"wp-block-group\"><div class=\"wp-block-group__inner-container is-layout-flow wp-block-group-is-layout-flow\">\n<h3 class=\"wp-block-heading has-large-font-size\">Ken Genlik<\/h3>\n\n\n\n<h3 class=\"wp-block-heading has-large-font-size\">Lori Ulrich<\/h3>\n\n\n\n<h3 class=\"wp-block-heading has-large-font-size\">Oai Truong<\/h3>\n<\/div><\/div>\n<\/div><\/div>\n<\/div><\/div>\n\n\n\n<div class=\"wp-block-genesis-blocks-gb-column gb-block-layout-column\"><div class=\"gb-block-layout-column-inner\">\n<div class=\"wp-block-group\"><div class=\"wp-block-group__inner-container is-layout-flow wp-block-group-is-layout-flow\">\n<h3 class=\"wp-block-heading has-large-font-size\">Antonio Paletta<\/h3>\n<\/div><\/div>\n\n\n\n<h3 class=\"wp-block-heading has-large-font-size\">Brent Anderson<\/h3>\n\n\n\n<div class=\"wp-block-group\"><div class=\"wp-block-group__inner-container is-layout-flow wp-block-group-is-layout-flow\">\n<h3 class=\"wp-block-heading has-large-font-size\">Dean Smallwood<\/h3>\n\n\n\n<h3 class=\"wp-block-heading has-large-font-size\">Erin Knight<\/h3>\n<\/div><\/div>\n\n\n\n<div class=\"wp-block-group\"><div class=\"wp-block-group__inner-container is-layout-flow wp-block-group-is-layout-flow\">\n<h3 class=\"wp-block-heading has-large-font-size\">Irene Maendel<\/h3>\n\n\n\n<h3 class=\"wp-block-heading has-large-font-size\">Jaye Miles<\/h3>\n<\/div><\/div>\n\n\n\n<div class=\"wp-block-group\"><div class=\"wp-block-group__inner-container is-layout-flow wp-block-group-is-layout-flow\">\n<h3 class=\"wp-block-heading has-large-font-size\">Jill H McConnell<\/h3>\n\n\n\n<h3 class=\"wp-block-heading has-large-font-size\">Joanne Warkentin<\/h3>\n<\/div><\/div>\n\n\n\n<div class=\"wp-block-group\"><div class=\"wp-block-group__inner-container is-layout-flow wp-block-group-is-layout-flow\">\n<h3 class=\"wp-block-heading has-large-font-size\">Kristin Reynolds<\/h3>\n\n\n\n<h3 class=\"wp-block-heading has-large-font-size\">Navjot Brainch<\/h3>\n<\/div><\/div>\n<\/div><\/div>\n<\/div><\/div>\n","protected":false},"excerpt":{"rendered":"","protected":false},"author":57,"featured_media":0,"parent":5555,"menu_order":0,"comment_status":"closed","ping_status":"closed","template":"","meta":{"_acf_changed":false,"footnotes":""},"class_list":["post-5548","page","type-page","status-publish","hentry"],"acf":[],"_links":{"self":[{"href":"https:\/\/bounce35.thedev.ca\/fr-ca\/wp-json\/wp\/v2\/pages\/5548","targetHints":{"allow":["GET"]}}],"collection":[{"href":"https:\/\/bounce35.thedev.ca\/fr-ca\/wp-json\/wp\/v2\/pages"}],"about":[{"href":"https:\/\/bounce35.thedev.ca\/fr-ca\/wp-json\/wp\/v2\/types\/page"}],"author":[{"embeddable":true,"href":"https:\/\/bounce35.thedev.ca\/fr-ca\/wp-json\/wp\/v2\/users\/57"}],"replies":[{"embeddable":true,"href":"https:\/\/bounce35.thedev.ca\/fr-ca\/wp-json\/wp\/v2\/comments?post=5548"}],"version-history":[{"count":3,"href":"https:\/\/bounce35.thedev.ca\/fr-ca\/wp-json\/wp\/v2\/pages\/5548\/revisions"}],"predecessor-version":[{"id":6137,"href":"https:\/\/bounce35.thedev.ca\/fr-ca\/wp-json\/wp\/v2\/pages\/5548\/revisions\/6137"}],"up":[{"embeddable":true,"href":"https:\/\/bounce35.thedev.ca\/fr-ca\/wp-json\/wp\/v2\/pages\/5555"}],"wp:attachment":[{"href":"https:\/\/bounce35.thedev.ca\/fr-ca\/wp-json\/wp\/v2\/media?parent=5548"}],"curies":[{"name":"wp","href":"https:\/\/api.w.org\/{rel}","templated":true}]}}