{"id":5570,"date":"2022-03-21T15:21:08","date_gmt":"2022-03-21T20:21:08","guid":{"rendered":"https:\/\/bounce35.thedev.ca\/a-propos\/financement-et-partenariats\/"},"modified":"2024-07-09T11:42:28","modified_gmt":"2024-07-09T16:42:28","slug":"financement-et-partenariats","status":"publish","type":"page","link":"https:\/\/bounce35.thedev.ca\/fr-ca\/a-propos\/financement-et-partenariats\/","title":{"rendered":"Financement et partenariats"},"content":{"rendered":"\n<div class=\"wp-block-genesis-blocks-gb-columns submenu-navigation about-submenu gb-layout-columns-1 one-column has-theme-secondary-color alignfull\" style=\"margin-top:20px;margin-bottom:20px;padding-right:15%;padding-left:15%\"><div class=\"gb-layout-column-wrap gb-block-layout-column-gap-0 gb-is-responsive-column\">\n<div class=\"wp-block-genesis-blocks-gb-column gb-block-layout-column\"><div class=\"gb-block-layout-column-inner\"><nav style=\"font-size:25px;font-style:normal;font-weight:700;text-transform:capitalize;\" class=\"items-justified-space-between alignfull wp-block-navigation is-content-justification-space-between is-layout-flex wp-container-core-navigation-is-layout-3d213aab wp-block-navigation-is-layout-flex\" aria-label=\"\u00c0 propos du menu\"><ul style=\"font-size:25px;font-style:normal;font-weight:700;text-transform:capitalize;\" class=\"wp-block-navigation__container items-justified-space-between alignfull wp-block-navigation\"><li style=\"font-size: 25px;\" class=\" wp-block-navigation-item wp-block-navigation-link\"><a class=\"wp-block-navigation-item__content\"  href=\"https:\/\/bounce35.thedev.ca\/fr-ca\/notre-equipe\/\"><span class=\"wp-block-navigation-item__label\">Notre \u00e9quipe<\/span><\/a><\/li><li style=\"font-size: 25px;\" class=\" wp-block-navigation-item wp-block-navigation-link\"><a class=\"wp-block-navigation-item__content\"  href=\"https:\/\/bounce35.thedev.ca\/fr-ca\/a-propos\/financement-et-partenariats\/\"><span class=\"wp-block-navigation-item__label\">Financement et partenariats<\/span><\/a><\/li><li style=\"font-size: 25px;\" class=\" wp-block-navigation-item wp-block-navigation-link\"><a class=\"wp-block-navigation-item__content\"  href=\"https:\/\/bounce35.thedev.ca\/fr-ca\/ou-obtenir-nos-services\/\"><span class=\"wp-block-navigation-item__label\">O\u00f9 obtenir nos services<\/span><\/a><\/li><li style=\"font-size: 25px;\" class=\" wp-block-navigation-item wp-block-navigation-link\"><a class=\"wp-block-navigation-item__content\"  href=\"https:\/\/bounce35.thedev.ca\/fr-ca\/a-propos\/galerie-de-photos\/\"><span class=\"wp-block-navigation-item__label\">Galerie de photos<\/span><\/a><\/li><li style=\"font-size: 25px;\" class=\" wp-block-navigation-item wp-block-navigation-link\"><a class=\"wp-block-navigation-item__content\"  href=\"https:\/\/bounce35.thedev.ca\/fr-ca\/a-propos\/publication\/\"><span class=\"wp-block-navigation-item__label\">Publications<\/span><\/a><\/li><li style=\"font-size: 25px;\" class=\" wp-block-navigation-item wp-block-navigation-link\"><a class=\"wp-block-navigation-item__content\"  href=\"https:\/\/bounce35.thedev.ca\/fr-ca\/media\/\"><span class=\"wp-block-navigation-item__label\">M\u00e9dia<\/span><\/a><\/li><\/ul><\/nav><\/div><\/div>\n<\/div><\/div>\n\n\n\n<div class=\"wp-block-genesis-blocks-gb-columns gb-layout-columns-2 gb-2-col-wideleft has-white-background-color alignfull\" style=\"padding-top:5%;padding-right:15%;padding-bottom:5%;padding-left:15%\"><div class=\"gb-layout-column-wrap gb-block-layout-column-gap-0 gb-is-responsive-column\">\n<div class=\"wp-block-genesis-blocks-gb-column gb-block-layout-column\"><div class=\"gb-block-layout-column-inner\">\n<h1 class=\"wp-block-heading alignfull\">Financement et partenariats<\/h1>\n\n\n\n<p>L\u2019\u00e9quipe de la plateforme de TCCpc a re\u00e7u de nombreux prix et a mis en place plusieurs partenariats qui nous aident \u00e0 poursuivre notre travail. <\/p>\n<\/div><\/div>\n\n\n\n<div class=\"wp-block-genesis-blocks-gb-column gb-block-layout-column\"><div class=\"gb-block-layout-column-inner\">\n<p><\/p>\n<\/div><\/div>\n<\/div><\/div>\n\n\n\n<div class=\"wp-block-genesis-blocks-gb-columns four-quadrant-block gb-layout-columns-1 one-column alignfull\" style=\"padding-top:5%;padding-right:15%;padding-bottom:2.5%;padding-left:15%\"><div class=\"gb-layout-column-wrap gb-block-layout-column-gap-2 gb-is-responsive-column\">\n<div class=\"wp-block-genesis-blocks-gb-column pop-card gb-block-layout-column\"><div class=\"gb-block-layout-column-inner has-white-background-color\" style=\"padding:3%\">\n<h2 class=\"wp-block-heading has-theme-secondary-color has-text-color\">Prix et financement<\/h2>\n\n\n\n\n\n\n\n\n\n\n\n\n\n\n\n\n\n\n\n\n\n\n\n\n<\/div><\/div>\n<\/div><\/div>\n\n\n\n<div class=\"wp-block-genesis-blocks-gb-columns gb-layout-columns-1 one-column alignfull\" style=\"padding-top:2.5%;padding-right:15%;padding-bottom:5%;padding-left:15%\"><div class=\"gb-layout-column-wrap gb-block-layout-column-gap-2 gb-is-responsive-column\">\n<div class=\"wp-block-genesis-blocks-gb-column pop-card gb-block-layout-column\"><div class=\"gb-block-layout-column-inner has-white-background-color\" style=\"padding:3%\">\n<h2 class=\"wp-block-heading has-theme-secondary-color has-text-color\">Partenariats<\/h2>\n\n\n\n<div class=\"wp-block-genesis-blocks-gb-columns gb-layout-columns-3 gb-3-col-equal\"><div class=\"gb-layout-column-wrap gb-block-layout-column-gap-2 gb-is-responsive-column\">\n<div class=\"wp-block-genesis-blocks-gb-column gb-block-layout-column\"><div class=\"gb-block-layout-column-inner\"><div class=\"wp-block-image is-resized\">\n<figure class=\"aligncenter size-medium\"><img loading=\"lazy\" decoding=\"async\" width=\"300\" height=\"158\" src=\"https:\/\/bounce35.thedev.ca\/wp-content\/uploads\/2022\/08\/mb-logo-300x158.png\" alt=\"Logo du gouvernement du Manitoba\" class=\"wp-image-2192\" srcset=\"https:\/\/bounce35.thedev.ca\/wp-content\/uploads\/2022\/08\/mb-logo-300x158.png 300w, https:\/\/bounce35.thedev.ca\/wp-content\/uploads\/2022\/08\/mb-logo.png 600w\" sizes=\"auto, (max-width: 300px) 100vw, 300px\" \/><\/figure><\/div>\n\n<div class=\"wp-block-image is-resized\">\n<figure class=\"aligncenter size-full\"><img loading=\"lazy\" decoding=\"async\" width=\"300\" height=\"108\" src=\"https:\/\/bounce35.thedev.ca\/wp-content\/uploads\/2022\/08\/WCB-Blue-Logo-with-Name-300x108-1.jpg\" alt=\"Logo de la Commission des accidents du travail du Manitoba \" class=\"wp-image-2190\"\/><\/figure><\/div>\n\n<div class=\"wp-block-image is-resized\">\n<figure class=\"aligncenter size-medium\"><img loading=\"lazy\" decoding=\"async\" width=\"300\" height=\"145\" src=\"https:\/\/bounce35.thedev.ca\/wp-content\/uploads\/2022\/11\/University-of-manitoba-logo.svg_-300x145.png\" alt=\"Logo de universit\u00e9 du Manitoba\" class=\"wp-image-2480\" srcset=\"https:\/\/bounce35.thedev.ca\/wp-content\/uploads\/2022\/11\/University-of-manitoba-logo.svg_-300x145.png 300w, https:\/\/bounce35.thedev.ca\/wp-content\/uploads\/2022\/11\/University-of-manitoba-logo.svg_-1024x496.png 1024w, https:\/\/bounce35.thedev.ca\/wp-content\/uploads\/2022\/11\/University-of-manitoba-logo.svg_-768x372.png 768w, https:\/\/bounce35.thedev.ca\/wp-content\/uploads\/2022\/11\/University-of-manitoba-logo.svg_.png 1200w\" sizes=\"auto, (max-width: 300px) 100vw, 300px\" \/><\/figure><\/div>\n\n<div class=\"wp-block-image is-resized\">\n<figure class=\"aligncenter size-medium\"><img loading=\"lazy\" decoding=\"async\" width=\"300\" height=\"195\" src=\"https:\/\/bounce35.thedev.ca\/wp-content\/uploads\/2022\/11\/1706497930-300x195.png\" alt=\"Logo de Doctors Manitoba\" class=\"wp-image-2484\" srcset=\"https:\/\/bounce35.thedev.ca\/wp-content\/uploads\/2022\/11\/1706497930-300x195.png 300w, https:\/\/bounce35.thedev.ca\/wp-content\/uploads\/2022\/11\/1706497930-1024x664.png 1024w, https:\/\/bounce35.thedev.ca\/wp-content\/uploads\/2022\/11\/1706497930-768x498.png 768w, https:\/\/bounce35.thedev.ca\/wp-content\/uploads\/2022\/11\/1706497930-1536x996.png 1536w, https:\/\/bounce35.thedev.ca\/wp-content\/uploads\/2022\/11\/1706497930-2048x1328.png 2048w\" sizes=\"auto, (max-width: 300px) 100vw, 300px\" \/><\/figure><\/div>\n\n<div class=\"wp-block-image is-resized\">\n<figure class=\"aligncenter size-medium\"><img loading=\"lazy\" decoding=\"async\" width=\"250\" height=\"300\" src=\"https:\/\/bounce35.thedev.ca\/wp-content\/uploads\/2022\/11\/6a4120_9b2dcb202da94290a36fd3e672b85ec0mv2-1-250x300.gif\" alt=\"Mood disorders association of manitoba (MDAM) logo\" class=\"wp-image-2373\"\/><\/figure><\/div>\n\n<div class=\"wp-block-image is-resized\">\n<figure class=\"aligncenter size-medium\"><img loading=\"lazy\" decoding=\"async\" width=\"300\" height=\"215\" src=\"https:\/\/bounce35.thedev.ca\/wp-content\/uploads\/2022\/11\/49724660557_537bd55d79_b-300x215.jpg\" alt=\"Logo du Service de police de Winnipeg - Community Commitment\" class=\"wp-image-2486\" srcset=\"https:\/\/bounce35.thedev.ca\/wp-content\/uploads\/2022\/11\/49724660557_537bd55d79_b-300x215.jpg 300w, https:\/\/bounce35.thedev.ca\/wp-content\/uploads\/2022\/11\/49724660557_537bd55d79_b-768x551.jpg 768w, https:\/\/bounce35.thedev.ca\/wp-content\/uploads\/2022\/11\/49724660557_537bd55d79_b.jpg 1024w\" sizes=\"auto, (max-width: 300px) 100vw, 300px\" \/><\/figure><\/div>\n\n<div class=\"wp-block-image\">\n<figure class=\"aligncenter size-thumbnail\"><img loading=\"lazy\" decoding=\"async\" width=\"150\" height=\"150\" src=\"https:\/\/bounce35.thedev.ca\/wp-content\/uploads\/2023\/08\/Screenshot-2023-08-03-at-12.32.33-PM-150x150.png\" alt=\"Logo de la Hindu Society of Manitoba\" class=\"wp-image-3906\" srcset=\"https:\/\/bounce35.thedev.ca\/wp-content\/uploads\/2023\/08\/Screenshot-2023-08-03-at-12.32.33-PM-150x150.png 150w, https:\/\/bounce35.thedev.ca\/wp-content\/uploads\/2023\/08\/Screenshot-2023-08-03-at-12.32.33-PM-75x75.png 75w\" sizes=\"auto, (max-width: 150px) 100vw, 150px\" \/><\/figure><\/div><\/div><\/div>\n\n\n\n<div class=\"wp-block-genesis-blocks-gb-column gb-block-layout-column\"><div class=\"gb-block-layout-column-inner\"><div class=\"wp-block-image is-resized\">\n<figure class=\"aligncenter size-full\"><img loading=\"lazy\" decoding=\"async\" width=\"300\" height=\"111\" src=\"https:\/\/bounce35.thedev.ca\/wp-content\/uploads\/2022\/08\/MMSF-LogoTagNew-300x111-1.png\" alt=\"Logo de la Manitoba Medical Service Foundation \" class=\"wp-image-2191\"\/><\/figure><\/div>\n\n<div class=\"wp-block-image is-resized\">\n<figure class=\"aligncenter size-medium\"><img loading=\"lazy\" decoding=\"async\" width=\"300\" height=\"85\" src=\"https:\/\/bounce35.thedev.ca\/wp-content\/uploads\/2022\/08\/HSC-Foundation-Logo-_Horizontal_RGB-e1564783702490-300x85.png\" alt=\"Logo de la Fondation du Centre des sciences de la sant\u00e9\" class=\"wp-image-2194\" srcset=\"https:\/\/bounce35.thedev.ca\/wp-content\/uploads\/2022\/08\/HSC-Foundation-Logo-_Horizontal_RGB-e1564783702490-300x85.png 300w, https:\/\/bounce35.thedev.ca\/wp-content\/uploads\/2022\/08\/HSC-Foundation-Logo-_Horizontal_RGB-e1564783702490.png 560w\" sizes=\"auto, (max-width: 300px) 100vw, 300px\" \/><\/figure><\/div>\n\n<div class=\"wp-block-image is-resized\">\n<figure class=\"aligncenter size-full\"><img loading=\"lazy\" decoding=\"async\" width=\"290\" height=\"104\" src=\"https:\/\/bounce35.thedev.ca\/wp-content\/uploads\/2022\/11\/logo-winnipeg.png\" alt=\"\" class=\"wp-image-2481\"\/><\/figure><\/div>\n\n<div class=\"wp-block-image is-resized\">\n<figure class=\"aligncenter size-medium\"><img loading=\"lazy\" decoding=\"async\" width=\"300\" height=\"187\" src=\"https:\/\/bounce35.thedev.ca\/wp-content\/uploads\/2022\/11\/cihr-logo-300x187.png\" alt=\"\" class=\"wp-image-2485\" srcset=\"https:\/\/bounce35.thedev.ca\/wp-content\/uploads\/2022\/11\/cihr-logo-300x187.png 300w, https:\/\/bounce35.thedev.ca\/wp-content\/uploads\/2022\/11\/cihr-logo-1024x639.png 1024w, https:\/\/bounce35.thedev.ca\/wp-content\/uploads\/2022\/11\/cihr-logo-768x480.png 768w, https:\/\/bounce35.thedev.ca\/wp-content\/uploads\/2022\/11\/cihr-logo-1536x959.png 1536w, https:\/\/bounce35.thedev.ca\/wp-content\/uploads\/2022\/11\/cihr-logo-2048x1279.png 2048w\" sizes=\"auto, (max-width: 300px) 100vw, 300px\" \/><\/figure><\/div>\n\n<div class=\"wp-block-image is-resized\">\n<figure class=\"aligncenter size-medium\"><img loading=\"lazy\" decoding=\"async\" width=\"300\" height=\"115\" src=\"https:\/\/bounce35.thedev.ca\/wp-content\/uploads\/2022\/11\/site-logo-2-300x115.png\" alt=\"\" class=\"wp-image-2487\" srcset=\"https:\/\/bounce35.thedev.ca\/wp-content\/uploads\/2022\/11\/site-logo-2-300x115.png 300w, https:\/\/bounce35.thedev.ca\/wp-content\/uploads\/2022\/11\/site-logo-2.png 500w\" sizes=\"auto, (max-width: 300px) 100vw, 300px\" \/><\/figure><\/div>\n\n<div class=\"wp-block-image is-resized\">\n<figure class=\"aligncenter size-medium\"><img loading=\"lazy\" decoding=\"async\" width=\"274\" height=\"300\" src=\"https:\/\/bounce35.thedev.ca\/wp-content\/uploads\/2022\/11\/1200x600wa-e1669651161146-274x300.png\" alt=\"Logo du Service d\u2019incendie et de soins param\u00e9dicaux de Winnipeg - We hold thee safe\" class=\"wp-image-2489\" srcset=\"https:\/\/bounce35.thedev.ca\/wp-content\/uploads\/2022\/11\/1200x600wa-e1669651161146-274x300.png 274w, https:\/\/bounce35.thedev.ca\/wp-content\/uploads\/2022\/11\/1200x600wa-e1669651161146.png 354w\" sizes=\"auto, (max-width: 274px) 100vw, 274px\" \/><\/figure><\/div>\n\n<div class=\"wp-block-image is-resized\">\n<figure class=\"aligncenter size-vp_sm\"><img loading=\"lazy\" decoding=\"async\" width=\"500\" height=\"335\" src=\"https:\/\/bounce35.thedev.ca\/wp-content\/uploads\/2023\/07\/tnyf_logo-500x335.jpg\" alt=\"Logo de True North Youth Foundation\" class=\"wp-image-3888\" srcset=\"https:\/\/bounce35.thedev.ca\/wp-content\/uploads\/2023\/07\/tnyf_logo-500x335.jpg 500w, https:\/\/bounce35.thedev.ca\/wp-content\/uploads\/2023\/07\/tnyf_logo-300x201.jpg 300w, https:\/\/bounce35.thedev.ca\/wp-content\/uploads\/2023\/07\/tnyf_logo.jpg 590w\" sizes=\"auto, (max-width: 500px) 100vw, 500px\" \/><\/figure><\/div><\/div><\/div>\n\n\n\n<div class=\"wp-block-genesis-blocks-gb-column gb-block-layout-column\"><div class=\"gb-block-layout-column-inner\"><div class=\"wp-block-image is-resized\">\n<figure class=\"aligncenter size-medium\"><img loading=\"lazy\" decoding=\"async\" width=\"300\" height=\"76\" src=\"https:\/\/bounce35.thedev.ca\/wp-content\/uploads\/2024\/05\/TDReadyCommitment_LockupEN_3-e1715181035671-300x76.png\" alt=\"Logo de TD - Ready to Commit \" class=\"wp-image-5146\" srcset=\"https:\/\/bounce35.thedev.ca\/wp-content\/uploads\/2024\/05\/TDReadyCommitment_LockupEN_3-e1715181035671-300x76.png 300w, https:\/\/bounce35.thedev.ca\/wp-content\/uploads\/2024\/05\/TDReadyCommitment_LockupEN_3-e1715181035671-1024x259.png 1024w, https:\/\/bounce35.thedev.ca\/wp-content\/uploads\/2024\/05\/TDReadyCommitment_LockupEN_3-e1715181035671-768x194.png 768w, https:\/\/bounce35.thedev.ca\/wp-content\/uploads\/2024\/05\/TDReadyCommitment_LockupEN_3-e1715181035671-500x126.png 500w, https:\/\/bounce35.thedev.ca\/wp-content\/uploads\/2024\/05\/TDReadyCommitment_LockupEN_3-e1715181035671-800x202.png 800w, https:\/\/bounce35.thedev.ca\/wp-content\/uploads\/2024\/05\/TDReadyCommitment_LockupEN_3-e1715181035671.png 1186w\" sizes=\"auto, (max-width: 300px) 100vw, 300px\" \/><\/figure><\/div>\n\n\n<div style=\"color:#ddd\" class=\"wp-block-genesis-blocks-gb-spacer gb-block-spacer gb-divider-solid gb-divider-size-1\"><hr style=\"height:30px\"\/><\/div>\n\n\n<div class=\"wp-block-image is-resized\">\n<figure class=\"aligncenter size-medium\"><img loading=\"lazy\" decoding=\"async\" width=\"300\" height=\"130\" src=\"https:\/\/bounce35.thedev.ca\/wp-content\/uploads\/2022\/08\/reserach_manitoba_logo-300x130.png\" alt=\"Logo de Research Manitoba\" class=\"wp-image-2193\" srcset=\"https:\/\/bounce35.thedev.ca\/wp-content\/uploads\/2022\/08\/reserach_manitoba_logo-300x130.png 300w, https:\/\/bounce35.thedev.ca\/wp-content\/uploads\/2022\/08\/reserach_manitoba_logo-1024x442.png 1024w, https:\/\/bounce35.thedev.ca\/wp-content\/uploads\/2022\/08\/reserach_manitoba_logo-768x332.png 768w, https:\/\/bounce35.thedev.ca\/wp-content\/uploads\/2022\/08\/reserach_manitoba_logo.png 1278w\" sizes=\"auto, (max-width: 300px) 100vw, 300px\" \/><\/figure><\/div>\n\n<div class=\"wp-block-image is-resized\">\n<figure class=\"aligncenter size-medium\"><img loading=\"lazy\" decoding=\"async\" width=\"300\" height=\"74\" src=\"https:\/\/bounce35.thedev.ca\/wp-content\/uploads\/2022\/11\/site-logo-300x74.png\" alt=\"Logo de l\u2019Office r\u00e9gional de la sant\u00e9 d\u2019Entre-les-Lacs et de l\u2019Est\" class=\"wp-image-2482\" srcset=\"https:\/\/bounce35.thedev.ca\/wp-content\/uploads\/2022\/11\/site-logo-300x74.png 300w, https:\/\/bounce35.thedev.ca\/wp-content\/uploads\/2022\/11\/site-logo.png 536w\" sizes=\"auto, (max-width: 300px) 100vw, 300px\" \/><\/figure><\/div>\n\n<div class=\"wp-block-image is-resized\">\n<figure class=\"aligncenter size-medium\"><img loading=\"lazy\" decoding=\"async\" width=\"300\" height=\"300\" src=\"https:\/\/bounce35.thedev.ca\/wp-content\/uploads\/2022\/11\/favicon-512-300x300.png\" alt=\"\" class=\"wp-image-2483\" srcset=\"https:\/\/bounce35.thedev.ca\/wp-content\/uploads\/2022\/11\/favicon-512-300x300.png 300w, https:\/\/bounce35.thedev.ca\/wp-content\/uploads\/2022\/11\/favicon-512-150x150.png 150w, https:\/\/bounce35.thedev.ca\/wp-content\/uploads\/2022\/11\/favicon-512-75x75.png 75w, https:\/\/bounce35.thedev.ca\/wp-content\/uploads\/2022\/11\/favicon-512.png 512w\" sizes=\"auto, (max-width: 300px) 100vw, 300px\" \/><\/figure><\/div>\n\n<div class=\"wp-block-image is-resized\">\n<figure class=\"aligncenter size-medium\"><img loading=\"lazy\" decoding=\"async\" width=\"300\" height=\"131\" src=\"https:\/\/bounce35.thedev.ca\/wp-content\/uploads\/2022\/11\/9e44e161-71ba-46da-8565-a7070f226322-1-300x131.gif\" alt=\"Anxiety Disorders Association of Manitoba (ADAM) Logo \" class=\"wp-image-2374\" srcset=\"https:\/\/bounce35.thedev.ca\/wp-content\/uploads\/2022\/11\/9e44e161-71ba-46da-8565-a7070f226322-1-300x131.gif 300w, https:\/\/bounce35.thedev.ca\/wp-content\/uploads\/2022\/11\/9e44e161-71ba-46da-8565-a7070f226322-1-768x335.gif 768w\" sizes=\"auto, (max-width: 300px) 100vw, 300px\" \/><\/figure><\/div>\n\n<div class=\"wp-block-image is-resized\">\n<figure class=\"aligncenter size-full\"><img loading=\"lazy\" decoding=\"async\" width=\"280\" height=\"89\" src=\"https:\/\/bounce35.thedev.ca\/wp-content\/uploads\/2022\/11\/sharedhealth-logo.png\" alt=\"\" class=\"wp-image-2488\"\/><\/figure><\/div>\n\n<div class=\"wp-block-image is-resized\">\n<figure class=\"aligncenter size-medium\"><img loading=\"lazy\" decoding=\"async\" width=\"247\" height=\"300\" src=\"https:\/\/bounce35.thedev.ca\/wp-content\/uploads\/2022\/11\/iv255_19900057_policebadge_-247x300.jpg\" alt=\"Logo des Services correctionnels du Manitoba\" class=\"wp-image-2490\" srcset=\"https:\/\/bounce35.thedev.ca\/wp-content\/uploads\/2022\/11\/iv255_19900057_policebadge_-247x300.jpg 247w, https:\/\/bounce35.thedev.ca\/wp-content\/uploads\/2022\/11\/iv255_19900057_policebadge_.jpg 452w\" sizes=\"auto, (max-width: 247px) 100vw, 247px\" \/><\/figure><\/div>\n\n\n<p><\/p>\n<\/div><\/div>\n<\/div><\/div>\n<\/div><\/div>\n<\/div><\/div>\n","protected":false},"excerpt":{"rendered":"","protected":false},"author":57,"featured_media":0,"parent":5555,"menu_order":0,"comment_status":"closed","ping_status":"closed","template":"","meta":{"_acf_changed":false,"footnotes":""},"class_list":["post-5570","page","type-page","status-publish","hentry"],"acf":[],"_links":{"self":[{"href":"https:\/\/bounce35.thedev.ca\/fr-ca\/wp-json\/wp\/v2\/pages\/5570","targetHints":{"allow":["GET"]}}],"collection":[{"href":"https:\/\/bounce35.thedev.ca\/fr-ca\/wp-json\/wp\/v2\/pages"}],"about":[{"href":"https:\/\/bounce35.thedev.ca\/fr-ca\/wp-json\/wp\/v2\/types\/page"}],"author":[{"embeddable":true,"href":"https:\/\/bounce35.thedev.ca\/fr-ca\/wp-json\/wp\/v2\/users\/57"}],"replies":[{"embeddable":true,"href":"https:\/\/bounce35.thedev.ca\/fr-ca\/wp-json\/wp\/v2\/comments?post=5570"}],"version-history":[{"count":0,"href":"https:\/\/bounce35.thedev.ca\/fr-ca\/wp-json\/wp\/v2\/pages\/5570\/revisions"}],"up":[{"embeddable":true,"href":"https:\/\/bounce35.thedev.ca\/fr-ca\/wp-json\/wp\/v2\/pages\/5555"}],"wp:attachment":[{"href":"https:\/\/bounce35.thedev.ca\/fr-ca\/wp-json\/wp\/v2\/media?parent=5570"}],"curies":[{"name":"wp","href":"https:\/\/api.w.org\/{rel}","templated":true}]}}