{"id":5709,"date":"2022-03-23T16:30:53","date_gmt":"2022-03-23T21:30:53","guid":{"rendered":"https:\/\/bounce35.thedev.ca\/programmes-de-tccpc\/professionnels-de-la-sante\/"},"modified":"2024-10-25T13:23:44","modified_gmt":"2024-10-25T18:23:44","slug":"professionnels-de-la-sante","status":"publish","type":"page","link":"https:\/\/bounce35.thedev.ca\/fr-ca\/programmes-de-tccpc\/professionnels-de-la-sante\/","title":{"rendered":"Professionnels de la sant\u00e9"},"content":{"rendered":"\n<div class=\"wp-block-group alignfull\"><div class=\"wp-block-group__inner-container is-layout-flow wp-block-group-is-layout-flow\">\n<div class=\"wp-block-themepunch-revslider revslider\" data-modal=\"false\" data-slidertitle=\"Programmes de TCCpc - (Programs Intro Fr)\" style=\"\">[rev_slider alias=\u00a0\u00bbprograms-intro-11&Prime; slidertitle=\u00a0\u00bbProgrammes de TCCpc &#8211; (Programs Intro Fr)\u00a0\u00bb][\/rev_slider]<\/div>\n<\/div><\/div>\n\n\n\n<div class=\"wp-block-genesis-blocks-gb-columns submenu-navigation program-submenu gb-layout-columns-1 gb-1-col-equal gb-columns-center alignfull\" style=\"padding-top:5%;padding-right:10%;padding-bottom:5%;padding-left:10%\"><div class=\"gb-layout-column-wrap gb-block-layout-column-gap-2 gb-is-responsive-column\" style=\"max-width:2000px\">\n<div class=\"wp-block-genesis-blocks-gb-column gb-block-layout-column\"><div class=\"gb-block-layout-column-inner\"><nav style=\"font-style:normal;font-weight:700;text-transform:capitalize;\" class=\"has-text-color has-theme-secondary-color has-larger-font-size is-responsive items-justified-space-between no-wrap alignfull collapsable-menu wp-block-navigation is-horizontal is-content-justification-space-between is-nowrap is-layout-flex wp-container-core-navigation-is-layout-d781b60d wp-block-navigation-is-layout-flex\" aria-label=\"Programs - French (Canada)\" \n\t\t data-wp-interactive=\"core\/navigation\" data-wp-context='{\"overlayOpenedBy\":{\"click\":false,\"hover\":false,\"focus\":false},\"type\":\"overlay\",\"roleAttribute\":\"\",\"ariaLabel\":\"Menu\"}'><button aria-haspopup=\"dialog\" aria-label=\"Ouvrir le menu\" class=\"wp-block-navigation__responsive-container-open\" \n\t\t\t\tdata-wp-on-async--click=\"actions.openMenuOnClick\"\n\t\t\t\tdata-wp-on--keydown=\"actions.handleMenuKeydown\"\n\t\t\t><svg width=\"24\" height=\"24\" xmlns=\"http:\/\/www.w3.org\/2000\/svg\" viewBox=\"0 0 24 24\"><path d=\"M5 5v1.5h14V5H5zm0 7.8h14v-1.5H5v1.5zM5 19h14v-1.5H5V19z\" \/><\/svg><\/button>\n\t\t\t\t<div class=\"wp-block-navigation__responsive-container\"  id=\"modal-1\" \n\t\t\t\tdata-wp-class--has-modal-open=\"state.isMenuOpen\"\n\t\t\t\tdata-wp-class--is-menu-open=\"state.isMenuOpen\"\n\t\t\t\tdata-wp-watch=\"callbacks.initMenu\"\n\t\t\t\tdata-wp-on--keydown=\"actions.handleMenuKeydown\"\n\t\t\t\tdata-wp-on-async--focusout=\"actions.handleMenuFocusout\"\n\t\t\t\ttabindex=\"-1\"\n\t\t\t>\n\t\t\t\t\t<div class=\"wp-block-navigation__responsive-close\" tabindex=\"-1\">\n\t\t\t\t\t\t<div class=\"wp-block-navigation__responsive-dialog\" \n\t\t\t\tdata-wp-bind--aria-modal=\"state.ariaModal\"\n\t\t\t\tdata-wp-bind--aria-label=\"state.ariaLabel\"\n\t\t\t\tdata-wp-bind--role=\"state.roleAttribute\"\n\t\t\t>\n\t\t\t\t\t\t\t<button aria-label=\"Fermer le menu\" class=\"wp-block-navigation__responsive-container-close\" \n\t\t\t\tdata-wp-on-async--click=\"actions.closeMenuOnClick\"\n\t\t\t><svg xmlns=\"http:\/\/www.w3.org\/2000\/svg\" viewBox=\"0 0 24 24\" width=\"24\" height=\"24\" aria-hidden=\"true\" focusable=\"false\"><path d=\"m13.06 12 6.47-6.47-1.06-1.06L12 10.94 5.53 4.47 4.47 5.53 10.94 12l-6.47 6.47 1.06 1.06L12 13.06l6.47 6.47 1.06-1.06L13.06 12Z\"><\/path><\/svg><\/button>\n\t\t\t\t\t\t\t<div class=\"wp-block-navigation__responsive-container-content\" \n\t\t\t\tdata-wp-watch=\"callbacks.focusFirstElement\"\n\t\t\t id=\"modal-1-content\">\n\t\t\t\t\t\t\t\t<ul style=\"font-style:normal;font-weight:700;text-transform:capitalize;\" class=\"wp-block-navigation__container has-text-color has-theme-secondary-color has-larger-font-size is-responsive items-justified-space-between no-wrap alignfull collapsable-menu wp-block-navigation has-larger-font-size\"><li class=\"has-larger-font-size wp-block-navigation-item wp-block-navigation-link\"><a class=\"wp-block-navigation-item__content\"  href=\"https:\/\/bounce35.thedev.ca\/fr-ca\/programmes-de-tccpc\/pour-les-adultes\/\"><span class=\"wp-block-navigation-item__label\">Adultes (18+)<\/span><\/a><\/li><li class=\"has-larger-font-size wp-block-navigation-item wp-block-navigation-link\"><a class=\"wp-block-navigation-item__content\"  href=\"https:\/\/bounce35.thedev.ca\/fr-ca\/programmes-de-tccpc\/jeunes-12-17-ans\/\"><span class=\"wp-block-navigation-item__label\">Jeunes (12-17 ans)<\/span><\/a><\/li><li class=\"has-larger-font-size wp-block-navigation-item wp-block-navigation-link\"><a class=\"wp-block-navigation-item__content\"  href=\"https:\/\/bounce35.thedev.ca\/fr-ca\/programmes-de-tccpc\/professionnels-de-la-sante\/\"><span class=\"wp-block-navigation-item__label\">Professionnels de la sant\u00e9<\/span><\/a><\/li><li class=\"has-larger-font-size wp-block-navigation-item wp-block-navigation-link\"><a class=\"wp-block-navigation-item__content\"  href=\"https:\/\/bounce35.thedev.ca\/fr-ca\/programmes-de-tccpc\/personnel-de-la-sante-publique\/\"><span class=\"wp-block-navigation-item__label\">Personnel de la sant\u00e9 publique, militaires et anciens combattants<\/span><\/a><\/li><li class=\"has-larger-font-size wp-block-navigation-item wp-block-navigation-link\"><a class=\"wp-block-navigation-item__content\"  href=\"https:\/\/bounce35.thedev.ca\/fr-ca\/programmes-de-tccpc\/la-tccpc-et-actioncancer\/\"><span class=\"wp-block-navigation-item__label\">La TCCpc et ActionCancer<\/span><\/a><\/li><li class=\"has-larger-font-size wp-block-navigation-item wp-block-navigation-link\"><a class=\"wp-block-navigation-item__content\"  href=\"https:\/\/bounce35.thedev.ca\/fr-ca\/programmes-de-tccpc\/turning-pages\/\"><span class=\"wp-block-navigation-item__label\">Programme Turning Pages (50+)<\/span><\/a><\/li><li class=\"has-larger-font-size wp-block-navigation-item wp-block-navigation-link\"><a class=\"wp-block-navigation-item__content\"  href=\"https:\/\/bounce35.thedev.ca\/fr-ca\/programmes-de-tccpc\/questions-frequentes\/\"><span class=\"wp-block-navigation-item__label\">Questions fr\u00e9quentes<\/span><\/a><\/li><\/ul>\n\t\t\t\t\t\t\t<\/div>\n\t\t\t\t\t\t<\/div>\n\t\t\t\t\t<\/div>\n\t\t\t\t<\/div><\/nav><\/div><\/div>\n<\/div><\/div>\n\n\n\n<div class=\"wp-block-genesis-blocks-gb-columns gb-layout-columns-2 gb-2-col-wideleft alignfull\" style=\"padding-top:5%;padding-right:15%;padding-bottom:5%;padding-left:15%\"><div class=\"gb-layout-column-wrap gb-block-layout-column-gap-2 gb-is-responsive-column\">\n<div class=\"wp-block-genesis-blocks-gb-column pop-card four-quadrant-block gb-block-layout-column\"><div class=\"gb-block-layout-column-inner has-white-background-color\" style=\"padding:3%\">\n<h2 class=\"wp-block-heading\"><strong>Professionnels de la sant\u00e9<\/strong><\/h2>\n\n\n\n<p>Ce programme est con\u00e7u sp\u00e9cialement pour les professionnels de la sant\u00e9 afin de les aider \u00e0 am\u00e9liorer leur bien-\u00eatre mental gr\u00e2ce \u00e0 des strat\u00e9gies de gestion de soi fond\u00e9es sur des donn\u00e9es probantes. La participation \u00e0 ce programme est confidentielle. Veuillez lire l\u2019information ci-apr\u00e8s pour d\u00e9terminer si le programme vous convient. <\/p>\n\n\n\n<h2 class=\"wp-block-heading\">Pourquoi participer \u00e0 un programme de TCCpc? <\/h2>\n\n\n\n<ul class=\"wp-block-list\">\n<li>Pour apprendre des concepts sur l\u2019approche cognitivo-comportementale et pour savoir comment les mettre en application, pour soi-m\u00eame et pour les patients. <\/li>\n\n\n\n<li>Pour conna\u00eetre des ressources de bonne qualit\u00e9. <\/li>\n\n\n\n<li>Pour apprendre de nouvelles comp\u00e9tences et strat\u00e9gies sur la gestion du stress et l\u2019am\u00e9lioration du bien-\u00eatre. <\/li>\n\n\n\n<li>Pour \u00e9changer avec d\u2019autres professionnels de la sant\u00e9 dans un environnement favorable. <\/li>\n<\/ul>\n\n\n\n<h2 class=\"wp-block-heading\">Quels sont les sujets abord\u00e9s? <\/h2>\n\n\n\n<ul class=\"wp-block-list\">\n<li>Le mod\u00e8le de la TCC <\/li>\n\n\n\n<li>La pleine conscience <\/li>\n\n\n\n<li>L\u2019\u00e9tablissement d\u2019objectifs <\/li>\n\n\n\n<li>La pens\u00e9e saine et r\u00e9aliste <\/li>\n\n\n\n<li>Les fondements de la th\u00e9rapie comportementale <\/li>\n\n\n\n<li>Un mode de vie sain et le sommeil <\/li>\n\n\n\n<li>La col\u00e8re, l\u2019affirmation de soi et l\u2019autocompassion <\/li>\n\n\n\n<li>La r\u00e9solution de probl\u00e8mes <\/li>\n\n\n\n<li>La gestion du stress <\/li>\n<\/ul>\n\n\n\n<h2 class=\"wp-block-heading\">Est-ce que la TCCpc s\u2019adresse \u00e0 moi? <\/h2>\n\n\n\n<ul class=\"wp-block-list\">\n<li>Le stress a un impact n\u00e9gatif sur ma sant\u00e9 et mon bien-\u00eatre. <\/li>\n\n\n\n<li>Je veux acqu\u00e9rir de nouvelles comp\u00e9tences en gestion du stress. <\/li>\n\n\n\n<li>J\u2019ai du temps et de l\u2019\u00e9nergie \u00e0 consacrer \u00e0 l\u2019apprentissage de nouvelles comp\u00e9tences. <\/li>\n<\/ul>\n\n\n\n<h2 class=\"wp-block-heading\">Les programmes de TCCpc offrent 2 options pour suivre les cours :<\/h2>\n\n\n\n<div class=\"wp-block-genesis-blocks-gb-columns gb-layout-columns-1 one-column alignwide\" style=\"padding-right:8%;padding-left:8%\"><div class=\"gb-layout-column-wrap gb-block-layout-column-gap-2 gb-is-responsive-column\">\n<div class=\"wp-block-genesis-blocks-gb-column gb-block-layout-column\"><div class=\"gb-block-layout-column-inner\">\n<h2 class=\"wp-block-heading\">Option 1. Cours pr\u00e9sent\u00e9s par une animatrice ou un animateur <\/h2>\n\n\n\n<ul class=\"wp-block-list\">\n<li>Les participants re\u00e7oivent un lien pour acc\u00e9der \u00e0 une vid\u00e9oconf\u00e9rence sur Zoom. Les s\u00e9ances durent 90 minutes et ont lieu une fois par semaine, durant 5 semaines. <\/li>\n\n\n\n<li>Chaque s\u00e9ance est anim\u00e9e par 1 professionnel clinicien et 1 assistant de recherche. La s\u00e9ance inclut une pr\u00e9sentation PowerPoint sur la TCCpc en format de lecture. <\/li>\n\n\n\n<li>Les participants sont invit\u00e9s et encourag\u00e9s \u00e0 discuter, \u00e0 formuler des commentaires et \u00e0 poser des questions \u00e0 l\u2019animatrice ou \u00e0 l\u2019animateur, tout au long de la pr\u00e9sentation.<\/li>\n\n\n\n<li>Des exercices pratiques sont propos\u00e9s \u00e0 chaque s\u00e9ance en lien avec la mati\u00e8re pr\u00e9sent\u00e9e. Les participants ont une semaine pour mettre en pratique les comp\u00e9tences apprises. Une discussion \u00e0 ce sujet a lieu \u00e0 la s\u00e9ance suivante. <\/li>\n<\/ul>\n\n\n\n<h2 class=\"wp-block-heading\">Option 2. Cours en ligne <\/h2>\n\n\n\n<ul class=\"wp-block-list\">\n<li>Les participants ont acc\u00e8s \u00e0 un cours en ligne autoguid\u00e9 sur la TCCpc. La mati\u00e8re enseign\u00e9e dans ce programme est la m\u00eame que pour les groupes accompagn\u00e9s par une animatrice ou un animateur. Les participants ont acc\u00e8s au mat\u00e9riel de la 1re s\u00e9ance au moment de commencer le programme et peuvent progresser \u00e0 leur propre rythme. <\/li>\n\n\n\n<li>La mati\u00e8re est pr\u00e9sent\u00e9e sous forme de diaporama sonoris\u00e9. Les diapos et la bande sonore correspondent \u00e0 la mati\u00e8re enseign\u00e9e dans les cours pr\u00e9sent\u00e9s en personne. Le travail peut \u00eatre termin\u00e9 en une seule s\u00e9ance ou on peut choisir d\u2019interrompre la s\u00e9ance pour la reprendre \u00e0 un moment ult\u00e9rieur. <\/li>\n\n\n\n<li>Des exercices pratiques sont propos\u00e9s comme pour les s\u00e9ances sur ZOOM. Des formulaires accessibles en ligne apparaissent \u00e0 la fin de chaque s\u00e9ance. Ces formulaires peuvent \u00eatre remplis en ligne en tout temps, durant ou apr\u00e8s la s\u00e9ance.<\/li>\n\n\n\n<li>Une semaine apr\u00e8s avoir termin\u00e9 la 1re s\u00e9ance, les participants ont acc\u00e8s \u00e0 la 2e s\u00e9ance. Cette p\u00e9riode d\u2019une semaine avant d\u2019avoir acc\u00e8s \u00e0 la s\u00e9ance suivante permet aux participants de mettre en pratique les comp\u00e9tences apprises chaque semaine avant de pouvoir commencer une nouvelle s\u00e9ance. <\/li>\n<\/ul>\n<\/div><\/div>\n<\/div><\/div>\n\n\n\n<h2 class=\"wp-block-heading\">Information \u00e0 des fins de recherche <\/h2>\n\n\n\n<p>Dans le but de d\u00e9terminer si les programmes de TCCpc sont utiles pour les professionnels de la sant\u00e9 du Manitoba, on demande aux participants de r\u00e9pondre \u00e0 des questions apr\u00e8s chaque cours, une fois que la formation est termin\u00e9e. Les questions portent sur la sant\u00e9 mentale et servent aussi \u00e0 recueillir des r\u00e9troactions au sujet du programme. Tous les renseignements recueillis demeurent confidentiels. <\/p>\n<\/div><\/div>\n\n\n\n<div class=\"wp-block-genesis-blocks-gb-column pop-card gb-block-layout-column\"><div class=\"gb-block-layout-column-inner has-white-background-color\" style=\"padding:3%\">\n<h2 class=\"wp-block-heading\">Si le programme vous int\u00e9resse\u2026<\/h2>\n\n\n\n<div class=\"wp-block-columns is-layout-flex wp-container-core-columns-is-layout-9d6595d7 wp-block-columns-is-layout-flex\">\n<div class=\"wp-block-column is-layout-flow wp-block-column-is-layout-flow\" style=\"flex-basis:100%\">\n<p>Cliquez sur le bouton ci-apr\u00e8s pour vous inscrire et cr\u00e9er votre profil pour la TCCpc.<\/p>\n<\/div>\n<\/div>\n\n\n\n<div style=\"text-align:center\" class=\"wp-block-genesis-blocks-gb-button gb-block-button\"><a href=\"https:\/\/cbtm.portal.gs\/clinic\/cbtm-intake-clinic\/signup\/patient\/intake\/\" target=\"_blank\" aria-label=\"Opens the CBTm Portal page in a new tab\" rel=\"noopener noreferrer\" class=\"gb-button gb-button-shape-rounded gb-button-size-large\" style=\"color:#ffffff;background-color:#4a54ae\">Pour s\u2019inscrire<\/a><\/div>\n\n\n\n<div style=\"color:#ddd\" class=\"wp-block-genesis-blocks-gb-spacer gb-block-spacer gb-divider-solid gb-divider-size-1\"><hr style=\"height:17px\"\/><\/div>\n\n\n\n<h2 class=\"wp-block-heading\">Cours \u00e0 venir :<\/h2>\n\n\n\n<p>Admission continue pour le programme web autodirig\u00e9<\/p>\n\n\n\n<div style=\"color:#ddd\" class=\"wp-block-genesis-blocks-gb-spacer gb-block-spacer gb-divider-solid gb-divider-size-1\"><hr style=\"height:13px\"\/><\/div>\n\n\n\n<h2 class=\"wp-block-heading\">Autres possibilit\u00e9s :<\/h2>\n\n\n\n<ul class=\"wp-block-list\">\n<li>Faites progresser plus rapidement votre cheminement en sant\u00e9 mentale en participant \u00e0 une \u00e9tude sur la stimulation c\u00e9r\u00e9brale non invasive; <strong><a href=\"https:\/\/bounce35.thedev.ca\/wp-content\/uploads\/2024\/01\/Infographic-JK-edited-.pdf\" target=\"_blank\" rel=\"noopener\" title=\"Opens a PDF infographic in a new tab\">cliquez ici <\/a><\/strong> pour obtenir plus de d\u00e9tails!<\/li>\n<\/ul>\n\n\n<\/div><\/div>\n<\/div><\/div>\n","protected":false},"excerpt":{"rendered":"","protected":false},"author":57,"featured_media":0,"parent":5653,"menu_order":0,"comment_status":"closed","ping_status":"closed","template":"","meta":{"_acf_changed":false,"footnotes":""},"class_list":["post-5709","page","type-page","status-publish","hentry"],"acf":[],"_links":{"self":[{"href":"https:\/\/bounce35.thedev.ca\/fr-ca\/wp-json\/wp\/v2\/pages\/5709","targetHints":{"allow":["GET"]}}],"collection":[{"href":"https:\/\/bounce35.thedev.ca\/fr-ca\/wp-json\/wp\/v2\/pages"}],"about":[{"href":"https:\/\/bounce35.thedev.ca\/fr-ca\/wp-json\/wp\/v2\/types\/page"}],"author":[{"embeddable":true,"href":"https:\/\/bounce35.thedev.ca\/fr-ca\/wp-json\/wp\/v2\/users\/57"}],"replies":[{"embeddable":true,"href":"https:\/\/bounce35.thedev.ca\/fr-ca\/wp-json\/wp\/v2\/comments?post=5709"}],"version-history":[{"count":13,"href":"https:\/\/bounce35.thedev.ca\/fr-ca\/wp-json\/wp\/v2\/pages\/5709\/revisions"}],"predecessor-version":[{"id":6212,"href":"https:\/\/bounce35.thedev.ca\/fr-ca\/wp-json\/wp\/v2\/pages\/5709\/revisions\/6212"}],"up":[{"embeddable":true,"href":"https:\/\/bounce35.thedev.ca\/fr-ca\/wp-json\/wp\/v2\/pages\/5653"}],"wp:attachment":[{"href":"https:\/\/bounce35.thedev.ca\/fr-ca\/wp-json\/wp\/v2\/media?parent=5709"}],"curies":[{"name":"wp","href":"https:\/\/api.w.org\/{rel}","templated":true}]}}