{"id":5715,"date":"2022-03-23T16:31:50","date_gmt":"2022-03-23T21:31:50","guid":{"rendered":"https:\/\/bounce35.thedev.ca\/programmes-de-tccpc\/personnel-de-la-sante-publique-militaires-et-anciens-combattants\/"},"modified":"2024-10-23T15:11:31","modified_gmt":"2024-10-23T20:11:31","slug":"personnel-de-la-sante-publique","status":"publish","type":"page","link":"https:\/\/bounce35.thedev.ca\/fr-ca\/programmes-de-tccpc\/personnel-de-la-sante-publique\/","title":{"rendered":"Personnel de la sant\u00e9 publique, militaires et anciens combattants"},"content":{"rendered":"\n<div class=\"wp-block-group alignfull\"><div class=\"wp-block-group__inner-container is-layout-flow wp-block-group-is-layout-flow\">\n<div class=\"wp-block-themepunch-revslider revslider\" data-modal=\"false\" data-slidertitle=\"Programmes de TCCpc - (Programs Intro Fr)\" style=\"\">[rev_slider alias=\u00a0\u00bbprograms-intro-11&Prime; slidertitle=\u00a0\u00bbProgrammes de TCCpc &#8211; (Programs Intro Fr)\u00a0\u00bb][\/rev_slider]<\/div>\n<\/div><\/div>\n\n\n\n<div class=\"wp-block-genesis-blocks-gb-columns submenu-navigation program-submenu gb-layout-columns-1 gb-1-col-equal gb-columns-center alignfull\" style=\"padding-top:5%;padding-right:10%;padding-bottom:5%;padding-left:10%\"><div class=\"gb-layout-column-wrap gb-block-layout-column-gap-2 gb-is-responsive-column\" style=\"max-width:2000px\">\n<div class=\"wp-block-genesis-blocks-gb-column gb-block-layout-column\"><div class=\"gb-block-layout-column-inner\"><nav style=\"font-style:normal;font-weight:700;text-transform:capitalize;\" class=\"has-text-color has-theme-secondary-color has-larger-font-size is-responsive items-justified-space-between no-wrap alignfull collapsable-menu wp-block-navigation is-horizontal is-content-justification-space-between is-nowrap is-layout-flex wp-container-core-navigation-is-layout-d781b60d wp-block-navigation-is-layout-flex\" aria-label=\"Programs - French (Canada)\" \n\t\t data-wp-interactive=\"core\/navigation\" data-wp-context='{\"overlayOpenedBy\":{\"click\":false,\"hover\":false,\"focus\":false},\"type\":\"overlay\",\"roleAttribute\":\"\",\"ariaLabel\":\"Menu\"}'><button aria-haspopup=\"dialog\" aria-label=\"Ouvrir le menu\" class=\"wp-block-navigation__responsive-container-open\" \n\t\t\t\tdata-wp-on-async--click=\"actions.openMenuOnClick\"\n\t\t\t\tdata-wp-on--keydown=\"actions.handleMenuKeydown\"\n\t\t\t><svg width=\"24\" height=\"24\" xmlns=\"http:\/\/www.w3.org\/2000\/svg\" viewBox=\"0 0 24 24\"><path d=\"M5 5v1.5h14V5H5zm0 7.8h14v-1.5H5v1.5zM5 19h14v-1.5H5V19z\" \/><\/svg><\/button>\n\t\t\t\t<div class=\"wp-block-navigation__responsive-container\"  id=\"modal-1\" \n\t\t\t\tdata-wp-class--has-modal-open=\"state.isMenuOpen\"\n\t\t\t\tdata-wp-class--is-menu-open=\"state.isMenuOpen\"\n\t\t\t\tdata-wp-watch=\"callbacks.initMenu\"\n\t\t\t\tdata-wp-on--keydown=\"actions.handleMenuKeydown\"\n\t\t\t\tdata-wp-on-async--focusout=\"actions.handleMenuFocusout\"\n\t\t\t\ttabindex=\"-1\"\n\t\t\t>\n\t\t\t\t\t<div class=\"wp-block-navigation__responsive-close\" tabindex=\"-1\">\n\t\t\t\t\t\t<div class=\"wp-block-navigation__responsive-dialog\" \n\t\t\t\tdata-wp-bind--aria-modal=\"state.ariaModal\"\n\t\t\t\tdata-wp-bind--aria-label=\"state.ariaLabel\"\n\t\t\t\tdata-wp-bind--role=\"state.roleAttribute\"\n\t\t\t>\n\t\t\t\t\t\t\t<button aria-label=\"Fermer le menu\" class=\"wp-block-navigation__responsive-container-close\" \n\t\t\t\tdata-wp-on-async--click=\"actions.closeMenuOnClick\"\n\t\t\t><svg xmlns=\"http:\/\/www.w3.org\/2000\/svg\" viewBox=\"0 0 24 24\" width=\"24\" height=\"24\" aria-hidden=\"true\" focusable=\"false\"><path d=\"m13.06 12 6.47-6.47-1.06-1.06L12 10.94 5.53 4.47 4.47 5.53 10.94 12l-6.47 6.47 1.06 1.06L12 13.06l6.47 6.47 1.06-1.06L13.06 12Z\"><\/path><\/svg><\/button>\n\t\t\t\t\t\t\t<div class=\"wp-block-navigation__responsive-container-content\" \n\t\t\t\tdata-wp-watch=\"callbacks.focusFirstElement\"\n\t\t\t id=\"modal-1-content\">\n\t\t\t\t\t\t\t\t<ul style=\"font-style:normal;font-weight:700;text-transform:capitalize;\" class=\"wp-block-navigation__container has-text-color has-theme-secondary-color has-larger-font-size is-responsive items-justified-space-between no-wrap alignfull collapsable-menu wp-block-navigation has-larger-font-size\"><li class=\"has-larger-font-size wp-block-navigation-item wp-block-navigation-link\"><a class=\"wp-block-navigation-item__content\"  href=\"https:\/\/bounce35.thedev.ca\/fr-ca\/programmes-de-tccpc\/pour-les-adultes\/\"><span class=\"wp-block-navigation-item__label\">Adultes (18+)<\/span><\/a><\/li><li class=\"has-larger-font-size wp-block-navigation-item wp-block-navigation-link\"><a class=\"wp-block-navigation-item__content\"  href=\"https:\/\/bounce35.thedev.ca\/fr-ca\/programmes-de-tccpc\/jeunes-12-17-ans\/\"><span class=\"wp-block-navigation-item__label\">Jeunes (12-17 ans)<\/span><\/a><\/li><li class=\"has-larger-font-size wp-block-navigation-item wp-block-navigation-link\"><a class=\"wp-block-navigation-item__content\"  href=\"https:\/\/bounce35.thedev.ca\/fr-ca\/programmes-de-tccpc\/professionnels-de-la-sante\/\"><span class=\"wp-block-navigation-item__label\">Professionnels de la sant\u00e9<\/span><\/a><\/li><li class=\"has-larger-font-size wp-block-navigation-item wp-block-navigation-link\"><a class=\"wp-block-navigation-item__content\"  href=\"https:\/\/bounce35.thedev.ca\/fr-ca\/programmes-de-tccpc\/personnel-de-la-sante-publique\/\"><span class=\"wp-block-navigation-item__label\">Personnel de la sant\u00e9 publique, militaires et anciens combattants<\/span><\/a><\/li><li class=\"has-larger-font-size wp-block-navigation-item wp-block-navigation-link\"><a class=\"wp-block-navigation-item__content\"  href=\"https:\/\/bounce35.thedev.ca\/fr-ca\/programmes-de-tccpc\/la-tccpc-et-actioncancer\/\"><span class=\"wp-block-navigation-item__label\">La TCCpc et ActionCancer<\/span><\/a><\/li><li class=\"has-larger-font-size wp-block-navigation-item wp-block-navigation-link\"><a class=\"wp-block-navigation-item__content\"  href=\"https:\/\/bounce35.thedev.ca\/fr-ca\/programmes-de-tccpc\/turning-pages\/\"><span class=\"wp-block-navigation-item__label\">Programme Turning Pages (50+)<\/span><\/a><\/li><li class=\"has-larger-font-size wp-block-navigation-item wp-block-navigation-link\"><a class=\"wp-block-navigation-item__content\"  href=\"https:\/\/bounce35.thedev.ca\/fr-ca\/programmes-de-tccpc\/questions-frequentes\/\"><span class=\"wp-block-navigation-item__label\">Questions fr\u00e9quentes<\/span><\/a><\/li><\/ul>\n\t\t\t\t\t\t\t<\/div>\n\t\t\t\t\t\t<\/div>\n\t\t\t\t\t<\/div>\n\t\t\t\t<\/div><\/nav><\/div><\/div>\n<\/div><\/div>\n\n\n\n<div class=\"wp-block-genesis-blocks-gb-columns gb-layout-columns-2 gb-2-col-wideleft alignfull\" style=\"padding-top:5%;padding-right:15%;padding-bottom:5%;padding-left:15%\"><div class=\"gb-layout-column-wrap gb-block-layout-column-gap-2 gb-is-responsive-column\">\n<div class=\"wp-block-genesis-blocks-gb-column pop-card four-quadrant-block gb-block-layout-column\"><div class=\"gb-block-layout-column-inner has-white-background-color\" style=\"padding:3%\">\n<h2 class=\"wp-block-heading\">Personnel de la sant\u00e9 publique, militaires et anciens combattants<\/h2>\n\n\n\n<p><strong>Gardons les troupes sur le terrain.<\/strong><\/p>\n\n\n\n<p><\/p>\n\n\n\n<h2 class=\"wp-block-heading\" style=\"font-style:normal;font-weight:700\"><strong>Pourquoi s\u2019inscrire? <\/strong><\/h2>\n\n\n\n<ul class=\"wp-block-list\">\n<li>Acqu\u00e9rir des comp\u00e9tences pour am\u00e9liorer la r\u00e9silience et le bien-\u00eatre.<\/li>\n\n\n\n<li>Acqu\u00e9rir des comp\u00e9tences pour la gestion du travail par quarts et la conciliation travail et vie personnelle.<\/li>\n\n\n\n<li>R\u00e9soudre des conflits au travail et surmonter les traumatismes.<br><\/li>\n<\/ul>\n\n\n\n<h2 class=\"wp-block-heading\"><strong>Qui peut s\u2019inscrire? <\/strong><\/h2>\n\n\n\n<p>Toute personne qui travaille ou a d\u00e9j\u00e0 travaill\u00e9 dans le domaine militaire ou de la s\u00e9curit\u00e9 publique, comme policier, polici\u00e8re, pompier, pompi\u00e8re, ambulancier param\u00e9dical, ambulanci\u00e8re param\u00e9dicale, agent ou agente des services correctionnels, r\u00e9partiteur, r\u00e9partitrice, ou dans un poste similaire. <\/p>\n\n\n\n<div class=\"wp-block-columns is-layout-flex wp-container-core-columns-is-layout-9d6595d7 wp-block-columns-is-layout-flex\">\n<div class=\"wp-block-column is-layout-flow wp-block-column-is-layout-flow\" style=\"flex-basis:100%\">\n<p>Toute personne \u00e2g\u00e9e de 18 ans et plus, qui vit au Manitoba, et qui est pr\u00eate \u00e0 participer \u00e0 l\u2019\u00e9valuation des cours \u00e0 des fins de recherche peut s\u2019inscrire. Il n\u2019est pas n\u00e9cessaire d\u2019avoir re\u00e7u un diagnostic concernant la sant\u00e9 mentale pour s\u2019inscrire. <\/p>\n<\/div>\n<\/div>\n\n\n\n<div class=\"wp-block-columns is-layout-flex wp-container-core-columns-is-layout-9d6595d7 wp-block-columns-is-layout-flex\">\n<div class=\"wp-block-column is-layout-flow wp-block-column-is-layout-flow\" style=\"flex-basis:100%\">\n<p>Toute personne qui r\u00e9pond aux crit\u00e8res susmentionn\u00e9s peut s\u2019inscrire. Aucune recommandation d\u2019un professionnel de la sant\u00e9 n\u2019est requise. <\/p>\n<\/div>\n<\/div>\n\n\n\n<div class=\"wp-block-columns is-layout-flex wp-container-core-columns-is-layout-9d6595d7 wp-block-columns-is-layout-flex\">\n<div class=\"wp-block-column is-layout-flow wp-block-column-is-layout-flow\">\n<h2 class=\"wp-block-heading\">Quelles sont les options?<\/h2>\n\n\n\n<p>Deux options sont offertes pour suivre nos programmes de TCCpc : <\/p>\n\n\n\n<div class=\"wp-block-genesis-blocks-gb-columns gb-layout-columns-1 one-column\" style=\"padding-left:43px\"><div class=\"gb-layout-column-wrap gb-block-layout-column-gap-2 gb-is-responsive-column\">\n<div class=\"wp-block-genesis-blocks-gb-column gb-block-layout-column\"><div class=\"gb-block-layout-column-inner\">\n<h2 class=\"wp-block-heading\" id=\"block-b1cbd3c5-4f39-434e-8f82-69f21e96a147\">Option 1. Cours sur la TCCpc pr\u00e9sent\u00e9s par une animatrice ou un animateur <\/h2>\n\n\n\n<ul class=\"wp-block-list\">\n<li>Les cours sont donn\u00e9s en mode virtuel par visioconf\u00e9rence, par une personne poss\u00e9dant une formation clinique. Les s\u00e9ances durent approximativement 90 minutes et ont lieu une fois par semaine, pendant 5 semaines. <\/li>\n\n\n\n<li>Les cours comprennent une pr\u00e9sentation PowerPoint, en format de lecture. Les participants qui souhaitent poser des questions \u00e0 la personne responsable de l\u2019animation sont encourag\u00e9s \u00e0 le faire. <\/li>\n\n\n\n<li>Des exercices pratiques sont propos\u00e9s chaque semaine. Les participants peuvent suivre le cours en compagnie d\u2019une personne qui leur offre du soutien. <\/li>\n\n\n\n<li><em>\u00c0 noter : Les cours pr\u00e9sent\u00e9s par une animatrice ou un animateur sont actuellement offerts \u00e0 des adultes faisant partie de la population g\u00e9n\u00e9rale.<\/em><\/li>\n<\/ul>\n\n\n\n<h2 class=\"wp-block-heading\" id=\"block-b0430417-605b-451f-9316-8fc47876770f\">Option 2. Cours en ligne sur la TCCpc<\/h2>\n\n\n\n<ul class=\"wp-block-list\">\n<li>Les participants ont acc\u00e8s \u00e0 une formation en mode autonome sur le Web qui comprend 5 cours adapt\u00e9s pour le personnel de la sant\u00e9 publique. Cette formation est con\u00e7ue pour correspondre aux cours sur la TCCpc pr\u00e9sent\u00e9s par une animatrice ou un animateur. <\/li>\n\n\n\n<li>Chaque cours peut \u00eatre termin\u00e9 approximativement en 90 minutes. Les travaux peuvent \u00eatre faits en une seule s\u00e9ance; on peut aussi choisir d\u2019interrompre la s\u00e9ance pour la reprendre \u00e0 un moment ult\u00e9rieur. <\/li>\n\n\n\n<li>Des exercices pratiques sont propos\u00e9s \u00e0 la fin de chaque cours. Un nouveau cours sera accessible au bout d\u2019une semaine, une fois que les exercices de la semaine pr\u00e9c\u00e9dente auront \u00e9t\u00e9 termin\u00e9s. <\/li>\n<\/ul>\n<\/div><\/div>\n<\/div><\/div>\n\n\n\n<h2 class=\"wp-block-heading\">Information \u00e0 des fins de recherche pour les programmes de TCCpc<\/h2>\n\n\n\n<p>Dans le but de d\u00e9terminer si les programmes de TCCpc sont utiles, on demande aux participants de r\u00e9pondre \u00e0 des questions apr\u00e8s chaque cours et une fois que la formation est termin\u00e9e. Les questions portent sur la sant\u00e9 mentale et servent aussi \u00e0 recueillir des r\u00e9troactions au sujet du programme. Tous les renseignements recueillis sont conserv\u00e9s dans un serveur s\u00e9curis\u00e9 et les donn\u00e9es sont anonymis\u00e9es. <\/p>\n<\/div>\n<\/div>\n\n\n\n<h2 class=\"wp-block-heading\"><strong>T\u00e9moignages <\/strong><\/h2>\n\n\n\n<p>\u00ab Le cours a \u00e9t\u00e9 utile pour reconna\u00eetre des choses que je voulais changer en moi et m\u2019a donn\u00e9 les outils pour amorcer ce processus. J\u2019appr\u00e9cie ces apprentissages. Merci. \u00bb <br>\u2013 Participation en 2021<\/p>\n\n\n\n<p><br>\u00ab Il faut int\u00e9grer ces pratiques dans les milieux de travail et dans la formation. \u00bb <br>\u2013 Participation en 2020<\/p>\n\n\n\n<p><br>\u00ab J\u2019ai trouv\u00e9 cette exp\u00e9rience tr\u00e8s instructive. Je crois fermement que je poss\u00e8de maintenant les outils pour bien g\u00e9rer les traumatismes li\u00e9s au stress op\u00e9rationnel. \u00bb <br>\u2013 Participation en 2020<\/p>\n\n\n\n<p><\/p>\n\n\n\n<p><\/p>\n<\/div><\/div>\n\n\n\n<div class=\"wp-block-genesis-blocks-gb-column pop-card gb-block-layout-column\"><div class=\"gb-block-layout-column-inner has-white-background-color\" style=\"padding:3%\">\n<h2 class=\"wp-block-heading\">Si le programme vous int\u00e9resse :<\/h2>\n\n\n\n<div class=\"wp-block-columns is-layout-flex wp-container-core-columns-is-layout-9d6595d7 wp-block-columns-is-layout-flex\">\n<div class=\"wp-block-column is-layout-flow wp-block-column-is-layout-flow\" style=\"flex-basis:100%\">\n<p>Cliquez sur le bouton ci-apr\u00e8s pour vous inscrire et cr\u00e9er votre profil pour la TCCpc.<\/p>\n<\/div>\n<\/div>\n\n\n\n<div style=\"text-align:center\" class=\"wp-block-genesis-blocks-gb-button gb-block-button\"><a href=\"https:\/\/cbtm.portal.gs\/clinic\/cbtm-intake-clinic\/signup\/patient\/intake\/\" target=\"_blank\" aria-label=\"Opens the CBTm portal in a new tab\" rel=\"noopener noreferrer\" class=\"gb-button gb-button-shape-rounded gb-button-size-large\" style=\"color:#ffffff;background-color:#4a54ae\">Pour s\u2019inscrire<\/a><\/div>\n\n\n\n<div class=\"wp-block-columns is-layout-flex wp-container-core-columns-is-layout-9d6595d7 wp-block-columns-is-layout-flex\">\n<div class=\"wp-block-column is-layout-flow wp-block-column-is-layout-flow\" style=\"flex-basis:100%\">\n<p><em>\u00c0 noter : <\/em> Les cours offerts actuellement en visioconf\u00e9rence sur Zoom s\u2019adressent \u00e0 des adultes de la population g\u00e9n\u00e9rale. Les cours en ligne sont adapt\u00e9s au personnel de la sant\u00e9 publique et au personnel militaire.<\/p>\n\n\n\n<div style=\"color:#ddd\" class=\"wp-block-genesis-blocks-gb-spacer gb-block-spacer gb-divider-solid gb-divider-size-1\"><hr style=\"height:17px\"\/><\/div>\n\n\n\n<h2 class=\"wp-block-heading\">Autres possibilit\u00e9s :<\/h2>\n\n\n\n<ul class=\"wp-block-list\">\n<li>Faites progresser plus rapidement votre cheminement en sant\u00e9 mentale en participant \u00e0 une \u00e9tude sur la stimulation c\u00e9r\u00e9brale non invasive; <strong><a href=\"https:\/\/bounce35.thedev.ca\/wp-content\/uploads\/2024\/01\/Infographic-JK-edited-.pdf\" target=\"_blank\" rel=\"noopener\" title=\"Ouvrir une infographie en format PDF dans un nouvel onglet\">cliquez ici <\/a><\/strong> pour obtenir plus de d\u00e9tails!<\/li>\n<\/ul>\n\n\n<\/div>\n<\/div>\n<\/div><\/div>\n<\/div><\/div>\n","protected":false},"excerpt":{"rendered":"","protected":false},"author":57,"featured_media":0,"parent":5653,"menu_order":0,"comment_status":"closed","ping_status":"closed","template":"","meta":{"_acf_changed":false,"footnotes":""},"class_list":["post-5715","page","type-page","status-publish","hentry"],"acf":[],"_links":{"self":[{"href":"https:\/\/bounce35.thedev.ca\/fr-ca\/wp-json\/wp\/v2\/pages\/5715","targetHints":{"allow":["GET"]}}],"collection":[{"href":"https:\/\/bounce35.thedev.ca\/fr-ca\/wp-json\/wp\/v2\/pages"}],"about":[{"href":"https:\/\/bounce35.thedev.ca\/fr-ca\/wp-json\/wp\/v2\/types\/page"}],"author":[{"embeddable":true,"href":"https:\/\/bounce35.thedev.ca\/fr-ca\/wp-json\/wp\/v2\/users\/57"}],"replies":[{"embeddable":true,"href":"https:\/\/bounce35.thedev.ca\/fr-ca\/wp-json\/wp\/v2\/comments?post=5715"}],"version-history":[{"count":1,"href":"https:\/\/bounce35.thedev.ca\/fr-ca\/wp-json\/wp\/v2\/pages\/5715\/revisions"}],"predecessor-version":[{"id":6202,"href":"https:\/\/bounce35.thedev.ca\/fr-ca\/wp-json\/wp\/v2\/pages\/5715\/revisions\/6202"}],"up":[{"embeddable":true,"href":"https:\/\/bounce35.thedev.ca\/fr-ca\/wp-json\/wp\/v2\/pages\/5653"}],"wp:attachment":[{"href":"https:\/\/bounce35.thedev.ca\/fr-ca\/wp-json\/wp\/v2\/media?parent=5715"}],"curies":[{"name":"wp","href":"https:\/\/api.w.org\/{rel}","templated":true}]}}