{"id":5751,"date":"2022-03-23T19:41:01","date_gmt":"2022-03-24T00:41:01","guid":{"rendered":"https:\/\/bounce35.thedev.ca\/communiquer-avec-nous\/"},"modified":"2025-05-12T15:11:34","modified_gmt":"2025-05-12T20:11:34","slug":"communiquer-avec-nous","status":"publish","type":"page","link":"https:\/\/bounce35.thedev.ca\/fr-ca\/communiquer-avec-nous\/","title":{"rendered":"Communiquer avec nous"},"content":{"rendered":"\n<div class=\"wp-block-genesis-blocks-gb-columns gb-layout-columns-2 gb-2-col-wideright has-white-background-color alignfull\" style=\"padding-top:10%;padding-right:15%;padding-bottom:10%;padding-left:15%\"><div class=\"gb-layout-column-wrap gb-block-layout-column-gap-2 gb-is-responsive-column\">\n<div class=\"wp-block-genesis-blocks-gb-column gb-block-layout-column\"><div class=\"gb-block-layout-column-inner\" style=\"padding-right:15%\">\n<div class=\"wp-block-columns is-layout-flex wp-container-core-columns-is-layout-9d6595d7 wp-block-columns-is-layout-flex\">\n<div class=\"wp-block-column is-layout-flow wp-block-column-is-layout-flow\" style=\"flex-basis:100%\">\n<h1 class=\"wp-block-heading has-theme-secondary-color has-text-color\">Communiquer avec nous<\/h1>\n<\/div>\n<\/div>\n\n\n\n<div class=\"wp-block-columns is-layout-flex wp-container-core-columns-is-layout-9d6595d7 wp-block-columns-is-layout-flex\">\n<div class=\"wp-block-column is-layout-flow wp-block-column-is-layout-flow\" style=\"flex-basis:100%\">\n<p>Merci d\u2019avoir consult\u00e9 notre site! <\/p>\n<\/div>\n<\/div>\n\n\n\n<div class=\"wp-block-columns is-layout-flex wp-container-core-columns-is-layout-9d6595d7 wp-block-columns-is-layout-flex\">\n<div class=\"wp-block-column is-layout-flow wp-block-column-is-layout-flow\" style=\"flex-basis:100%\">\n<p>Si vous avez des questions ou des pr\u00e9occupations, veuillez remplir le formulaire. N\u2019oubliez pas d\u2019indiquer vos coordonn\u00e9es (nom et courriel) avant de nous le transmettre.<\/p>\n<\/div>\n<\/div>\n\n\n\n<div class=\"wp-block-columns is-layout-flex wp-container-core-columns-is-layout-9d6595d7 wp-block-columns-is-layout-flex\">\n<div class=\"wp-block-column is-layout-flow wp-block-column-is-layout-flow\" style=\"flex-basis:100%\">\n<p>L\u2019\u00e9quipe de TCCpc vous r\u00e9pondra dans un d\u00e9lai de 3 \u00e0 5 jours ouvrables.<\/p>\n<\/div>\n<\/div>\n<\/div><\/div>\n\n\n\n<div class=\"wp-block-genesis-blocks-gb-column gb-block-layout-column\"><div class=\"gb-block-layout-column-inner\"><div class=\"frm_forms  with_frm_style frm_style_formidable-style\" id=\"frm_form_4_container\" data-token=\"b003b275957a292a8faeaf61f9cfa509\">\n<form enctype=\"multipart\/form-data\" method=\"post\" class=\"frm-show-form  frm_pro_form \" id=\"form_contact-us\" data-token=\"b003b275957a292a8faeaf61f9cfa509\">\n<div class=\"frm_form_fields \">\n<fieldset>\n<legend class=\"frm_screen_reader\">Communiquer avec nous<\/legend>\r\n\r\n<div class=\"frm_fields_container\">\n<input type=\"hidden\" name=\"frm_action\" value=\"create\" \/>\n<input type=\"hidden\" name=\"form_id\" value=\"4\" \/>\n<input type=\"hidden\" name=\"frm_hide_fields_4\" id=\"frm_hide_fields_4\" value=\"\" \/>\n<input type=\"hidden\" name=\"form_key\" value=\"contact-us\" \/>\n<input type=\"hidden\" name=\"item_meta[0]\" value=\"\" \/>\n<input type=\"hidden\" id=\"frm_submit_entry_4\" name=\"frm_submit_entry_4\" value=\"d6d84a4453\" \/><input type=\"hidden\" name=\"_wp_http_referer\" value=\"\/fr-ca\/wp-json\/wp\/v2\/pages\/5751\" \/><div id=\"frm_field_41_container\" class=\"frm_form_field form-field  frm_required_field frm_top_container vertical_radio\">\r\n    <div  id=\"field_1gyhx_label\" class=\"frm_primary_label\">Je suis :\r\n        <span class=\"frm_required\" aria-hidden=\"true\">*<\/span>\r\n    <\/div>\r\n    <div class=\"frm_opt_container\" aria-labelledby=\"field_1gyhx_label\" role=\"radiogroup\" aria-required=\"true\">\t\t<div class=\"frm_radio\" id=\"frm_radio_41-0\">\t\t\t<label  for=\"field_1gyhx-0\">\n\t\t\t\t\t<input type=\"radio\" name=\"item_meta[41]\" id=\"field_1gyhx-0\" value=\"Facilitator\"\n\t\t   data-reqmsg=\"Ce champ ne peut pas \u00eatre vide.\" data-invmsg=\"Je suis : is invalid\" aria-required=\"true\"  \/> Un animateur\/une animatrice<\/label><\/div>\n\t\t<div class=\"frm_radio\" id=\"frm_radio_41-1\">\t\t\t<label  for=\"field_1gyhx-1\">\n\t\t\t\t\t<input type=\"radio\" name=\"item_meta[41]\" id=\"field_1gyhx-1\" value=\"Participant (interested or enrolled in classes)\"\n\t\t   data-reqmsg=\"Ce champ ne peut pas \u00eatre vide.\" data-invmsg=\"Je suis : is invalid\" aria-required=\"true\"  \/> Un participant\/une participante (int\u00e9ress\u00e9.e par les cours ou d\u00e9j\u00e0 inscrit.e)<\/label><\/div>\n\t\t<div class=\"frm_radio\" id=\"frm_radio_41-2\">\t\t\t<label  for=\"field_1gyhx-2\">\n\t\t\t\t\t<input type=\"radio\" name=\"item_meta[41]\" id=\"field_1gyhx-2\" value=\"Other\"\n\t\t   data-reqmsg=\"Ce champ ne peut pas \u00eatre vide.\" data-invmsg=\"Je suis : is invalid\" aria-required=\"true\"  \/> Autre<\/label><\/div>\n<\/div>\r\n    \r\n    \r\n<\/div>\n<div id=\"frm_field_36_container\" class=\"frm_form_field form-field  frm_top_container frm12\">\r\n    <label for=\"field_37lu5\" id=\"field_37lu5_label\" class=\"frm_primary_label\">Votre nom :\r\n        <span class=\"frm_required\" aria-hidden=\"true\"><\/span>\r\n    <\/label>\r\n    <input type=\"text\" id=\"field_37lu5\" name=\"item_meta[36]\" value=\"\"  data-invmsg=\"Le texte n&#039;est pas valide\" aria-invalid=\"false\"  \/>\r\n    \r\n    \r\n<\/div>\n<div id=\"frm_field_37_container\" class=\"frm_form_field form-field  frm_top_container frm6 frm_first\">\r\n    <label for=\"field_4hzua\" id=\"field_4hzua_label\" class=\"frm_primary_label\">T\u00e9l\u00e9phone\r\n        <span class=\"frm_required\" aria-hidden=\"true\"><\/span>\r\n    <\/label>\r\n    <input type=\"tel\" id=\"field_4hzua\" name=\"item_meta[37]\" value=\"\"  data-invmsg=\"Le t\u00e9l\u00e9phone est invalide\" aria-invalid=\"false\" pattern=\"((\\+\\d{1,3}(-|.| )?\\(?\\d\\)?(-| |.)?\\d{1,5})|(\\(?\\d{2,6}\\)?))(-|.| )?(\\d{3,4})(-|.| )?(\\d{4})(( x| ext)\\d{1,5}){0,1}$\"  \/>\r\n    \r\n    \r\n<\/div>\n<div id=\"frm_field_33_container\" class=\"frm_form_field form-field  frm_required_field frm_top_container frm6\">\r\n    <label for=\"field_29yf4d2\" id=\"field_29yf4d2_label\" class=\"frm_primary_label\">Courriel :\r\n        <span class=\"frm_required\" aria-hidden=\"true\">*<\/span>\r\n    <\/label>\r\n    <input type=\"email\" id=\"field_29yf4d2\" name=\"item_meta[33]\" value=\"\"  data-reqmsg=\"Ce champ ne peut pas \u00eatre vide.\" aria-required=\"true\" data-invmsg=\"Veuillez utiliser une adresse de courriel valide.\" aria-invalid=\"false\"  \/>\r\n    \r\n    \r\n<\/div>\n<div id=\"frm_field_38_container\" class=\"frm_form_field form-field  frm_required_field frm_top_container\">\r\n    <label for=\"field_2p08h\" id=\"field_2p08h_label\" class=\"frm_primary_label\">Sujet :\r\n        <span class=\"frm_required\" aria-hidden=\"true\">*<\/span>\r\n    <\/label>\r\n    \t\t<select name=\"item_meta[38]\" id=\"field_2p08h\"  data-placeholder=\"Veuillez choisir un sujet dans le menu d\u00e9roulant :\"  placeholder=\"Veuillez choisir un sujet dans le menu d\u00e9roulant :\" data-reqmsg=\"Ce champ ne peut pas \u00eatre vide.\" aria-required=\"truetrue\" data-invmsg=\"Sujet : is invalid\" aria-invalid=\"false\"  >\n\t\t<option  class=\"frm-select-placeholder\" value=\"\" data-placeholder=\"true\">Veuillez choisir un sujet dans le menu d\u00e9roulant :<\/option><option  value=\"I want to register for a program but don\u2019t know what to do next\">Je veux m\u2019inscrire \u00e0 un programme, mais je ne sais pas quoi faire ensuite.<\/option><option  value=\"I want to register for a zoom class, or the web-based course\">Je veux m\u2019inscrire \u00e0 un cours sur Zoom ou \u00e0 un cours en ligne.<\/option><option  value=\"I want to learn more about the zoom classes or web-based course\">J\u2019aimerais en savoir plus sur les cours sur Zoom ou les cours en ligne.<\/option><option  value=\"I don\u2019t see a CBTm program that suits my needs\">Je ne vois pas de programme de TCCpc qui r\u00e9pond \u00e0 mes besoins.<\/option><option  value=\"Accessibility concerns or feedback\">Accessibility concerns or feedback<\/option><option  value=\"Make your own subject\">Indiquer votre propre sujet.<\/option>\t<\/select>\n\t\r\n    \r\n    \r\n<\/div>\n<div id=\"frm_field_42_container\" class=\"frm_form_field form-field  frm_required_field frm_top_container\">\r\n    <label for=\"field_x0viy\" id=\"field_x0viy_label\" class=\"frm_primary_label\">Sujet :\r\n        <span class=\"frm_required\" aria-hidden=\"true\">*<\/span>\r\n    <\/label>\r\n    \t\t<select name=\"item_meta[42]\" id=\"field_x0viy\"  data-placeholder=\"Veuillez choisir un sujet dans le menu d\u00e9roulant :\"  placeholder=\"Veuillez choisir un sujet dans le menu d\u00e9roulant :\" data-reqmsg=\"Ce champ ne peut pas \u00eatre vide.\" aria-required=\"truetrue\" data-invmsg=\"Sujet : is invalid\" aria-invalid=\"false\"  >\n\t\t<option  class=\"frm-select-placeholder\" value=\"\" data-placeholder=\"true\">Veuillez choisir un sujet dans le menu d\u00e9roulant :<\/option><option  value=\"I\u2019m interested in becoming a facilitator and would like to be placed on the waitlist for the next available workshop\">J\u2019aimerais m\u2019inscrire sur la liste d\u2019attente pour le prochain atelier disponible pour devenir animatrice ou animateur.<\/option><option  value=\"I\u2019m having troubles logging in\">J\u2019ai de la difficult\u00e9 \u00e0 ouvrir une session.<\/option><option  value=\"I want to learn more about the CBTm Hub\">J\u2019aimerais en savoir plus au sujet de la plateforme de TCCpc.<\/option><option  value=\"I want to observe CBTm classes as a facilitator\">J\u2019aimerais observer des cours sur la TCCpc en tant qu\u2019animatrice ou animateur.<\/option><option  value=\"I am interested in co-facilitation\">Je m\u2019int\u00e9resse \u00e0 la coanimation.<\/option><option  value=\"Accessibility concerns or feedback\">Probl\u00e8mes d&#039;accessibilit\u00e9 ou retour d&#039;information<\/option><option  value=\"Make your own subject\">Indiquer votre propre sujet.<\/option>\t<\/select>\n\t\r\n    \r\n    \r\n<\/div>\n<div id=\"frm_field_43_container\" class=\"frm_form_field form-field  frm_required_field frm_top_container\">\r\n    <label for=\"field_iz1ff\" id=\"field_iz1ff_label\" class=\"frm_primary_label\">Objet\r\n        <span class=\"frm_required\" aria-hidden=\"true\">*<\/span>\r\n    <\/label>\r\n    <input type=\"text\" id=\"field_iz1ff\" name=\"item_meta[43]\" value=\"\"  data-reqmsg=\"Ce champ ne peut pas \u00eatre vide.\" aria-required=\"truetrue\" data-invmsg=\"Le texte n&#039;est pas valide\" aria-invalid=\"false\"  \/>\r\n    \r\n    \r\n<\/div>\n<div id=\"frm_field_35_container\" class=\"frm_form_field form-field  frm_required_field frm_top_container frm_full\">\r\n    <label for=\"field_9jv0r12\" id=\"field_9jv0r12_label\" class=\"frm_primary_label\">Message\r\n        <span class=\"frm_required\" aria-hidden=\"true\">*<\/span>\r\n    <\/label>\r\n    <textarea name=\"item_meta[35]\" id=\"field_9jv0r12\" rows=\"5\"  data-reqmsg=\"Ce champ ne peut pas \u00eatre vide.\" aria-required=\"truetrue\" data-invmsg=\"Message is invalid\" aria-invalid=\"false\"  ><\/textarea>\r\n    \r\n    \r\n<\/div>\n<div id=\"frm_field_76_container\" class=\"frm_form_field form-field  frm_none_container\">\n\t<label for=\"g-recaptcha-response\" id=\"field_9uba6_label\" class=\"frm_primary_label\">Captcha\n\t\t<span class=\"frm_required\" aria-hidden=\"true\"><\/span>\n\t<\/label>\n\t<div  id=\"field_9uba6\" class=\"frm-g-recaptcha\" data-sitekey=\"6Lef2oYhAAAAAMqDgRUWdnGjiq4wABB5tkqordST\" data-size=\"invisible\" data-theme=\"light\"><\/div>\n\t\n\t\n<\/div>\n<div id=\"frm_field_45_container\" class=\"frm_form_field form-field \">\r\n\t<div class=\"frm_submit\">\r\n\r\n<button class=\"frm_button_submit frm_final_submit\" type=\"submit\"   formnovalidate=\"formnovalidate\">Envoyer<\/button>\r\n\r\n<\/div>\r\n<\/div>\n\t<input type=\"hidden\" name=\"item_key\" value=\"\" \/>\n\t\t\t<div id=\"frm_field_236_container\">\n\t\t\t<label for=\"field_z2kh6\" >\n\t\t\t\tIf you are human, leave this field blank.\t\t\t<\/label>\n\t\t\t<input  id=\"field_z2kh6\" type=\"text\" class=\"frm_form_field form-field frm_verify\" name=\"item_meta[236]\" value=\"\"  \/>\n\t\t<\/div>\n\t\t<input name=\"frm_state\" type=\"hidden\" value=\"16ZtRDsMyo8CHn\/t89AVSwVtfF8fJmQ7Txw6ONAm51WoFQZ46QgxJ6xnf+\/El0c1\" \/><\/div>\n<\/fieldset>\n<\/div>\n\n<\/form>\n<\/div>\n<\/div><\/div>\n<\/div><\/div>\n","protected":false},"excerpt":{"rendered":"","protected":false},"author":57,"featured_media":0,"parent":0,"menu_order":0,"comment_status":"closed","ping_status":"closed","template":"","meta":{"_acf_changed":false,"footnotes":""},"class_list":["post-5751","page","type-page","status-publish","hentry"],"acf":[],"_links":{"self":[{"href":"https:\/\/bounce35.thedev.ca\/fr-ca\/wp-json\/wp\/v2\/pages\/5751","targetHints":{"allow":["GET"]}}],"collection":[{"href":"https:\/\/bounce35.thedev.ca\/fr-ca\/wp-json\/wp\/v2\/pages"}],"about":[{"href":"https:\/\/bounce35.thedev.ca\/fr-ca\/wp-json\/wp\/v2\/types\/page"}],"author":[{"embeddable":true,"href":"https:\/\/bounce35.thedev.ca\/fr-ca\/wp-json\/wp\/v2\/users\/57"}],"replies":[{"embeddable":true,"href":"https:\/\/bounce35.thedev.ca\/fr-ca\/wp-json\/wp\/v2\/comments?post=5751"}],"version-history":[{"count":2,"href":"https:\/\/bounce35.thedev.ca\/fr-ca\/wp-json\/wp\/v2\/pages\/5751\/revisions"}],"predecessor-version":[{"id":6452,"href":"https:\/\/bounce35.thedev.ca\/fr-ca\/wp-json\/wp\/v2\/pages\/5751\/revisions\/6452"}],"wp:attachment":[{"href":"https:\/\/bounce35.thedev.ca\/fr-ca\/wp-json\/wp\/v2\/media?parent=5751"}],"curies":[{"name":"wp","href":"https:\/\/api.w.org\/{rel}","templated":true}]}}