{"id":5766,"date":"2023-10-10T13:39:18","date_gmt":"2023-10-10T18:39:18","guid":{"rendered":"https:\/\/bounce35.thedev.ca\/?page_id=5766"},"modified":"2024-06-27T15:31:30","modified_gmt":"2024-06-27T20:31:30","slug":"land-acknowledgement","status":"publish","type":"page","link":"https:\/\/bounce35.thedev.ca\/fr-ca\/land-acknowledgement\/","title":{"rendered":"Reconnaissance territoriale et engagement en mati\u00e8re d\u2019inclusion"},"content":{"rendered":"\n<div class=\"wp-block-genesis-blocks-gb-columns gb-layout-columns-1 gb-1-col-equal has-white-background-color gb-columns-center alignfull\" style=\"padding-top:5%;padding-right:15%;padding-bottom:5%;padding-left:15%\"><div class=\"gb-layout-column-wrap gb-block-layout-column-gap-0 gb-is-responsive-column\" style=\"max-width:1200px\">\n<div class=\"wp-block-genesis-blocks-gb-column land-acknowledgement-header gb-block-layout-column\"><div class=\"gb-block-layout-column-inner\">\n<p class=\"has-text-align-center\"><strong>La TCCpc reconna\u00eet les territoires traditionnels et s\u2019engage \u00e0 offrir un environnement diversifi\u00e9 et inclusif pour tout le monde.<\/strong><\/p>\n<\/div><\/div>\n<\/div><\/div>\n\n\n\n<div class=\"wp-block-genesis-blocks-gb-columns gb-layout-columns-1 gb-1-col-equal has-white-background-color gb-columns-center alignfull\" style=\"padding-top:5%;padding-right:15%;padding-bottom:5%;padding-left:15%\"><div class=\"gb-layout-column-wrap gb-block-layout-column-gap-0 gb-is-responsive-column\" style=\"max-width:1200px\">\n<div class=\"wp-block-genesis-blocks-gb-column gb-block-layout-column\"><div class=\"gb-block-layout-column-inner\">\n<p>L\u2019\u00e9quipe de TCCpc se trouve sur des terres qui font partie du territoire traditionnel des Premi\u00e8res Nations et des Inuits et de la patrie de la Nation m\u00e9tisse. Nous respectons les trait\u00e9s conclus par les Premi\u00e8res Nations sur ces territoires. Nous reconnaissons les torts et les erreurs du pass\u00e9. Nous sommes d\u00e9termin\u00e9s \u00e0 travailler en collaboration avec les Premi\u00e8res Nations, les Inuits et les M\u00e9tis, dans un esprit de r\u00e9conciliation.<\/p>\n\n\n\n<div style=\"height:40px\" aria-hidden=\"true\" class=\"wp-block-spacer\"><\/div>\n\n\n\n<p>Nous reconnaissons que la discrimination et le racisme existent toujours dans le syst\u00e8me de soins de sant\u00e9 du Manitoba, que des pr\u00e9judices ont \u00e9t\u00e9 caus\u00e9s, et que des personnes et des communaut\u00e9s autochtones, noires et racialis\u00e9es ont \u00e9t\u00e9 touch\u00e9es. Nous sommes r\u00e9solus \u00e0 agir v\u00e9ritablement et de mani\u00e8re percutante pour d\u00e9noncer et combattre le racisme et la discrimination, sous toutes leurs formes, au sein du syst\u00e8me de sant\u00e9 du Manitoba. La TCCpc vise \u00e0 offrir un environnement diversifi\u00e9 et inclusif ax\u00e9 sur une culture d\u2019inclusivit\u00e9 et de respect pour tout le monde.<\/p>\n\n\n\n<div style=\"height:40px\" aria-hidden=\"true\" class=\"wp-block-spacer\"><\/div>\n<\/div><\/div>\n<\/div><\/div>\n","protected":false},"excerpt":{"rendered":"","protected":false},"author":548,"featured_media":0,"parent":0,"menu_order":0,"comment_status":"closed","ping_status":"closed","template":"","meta":{"_acf_changed":false,"footnotes":""},"class_list":["post-5766","page","type-page","status-publish","hentry"],"acf":[],"_links":{"self":[{"href":"https:\/\/bounce35.thedev.ca\/fr-ca\/wp-json\/wp\/v2\/pages\/5766","targetHints":{"allow":["GET"]}}],"collection":[{"href":"https:\/\/bounce35.thedev.ca\/fr-ca\/wp-json\/wp\/v2\/pages"}],"about":[{"href":"https:\/\/bounce35.thedev.ca\/fr-ca\/wp-json\/wp\/v2\/types\/page"}],"author":[{"embeddable":true,"href":"https:\/\/bounce35.thedev.ca\/fr-ca\/wp-json\/wp\/v2\/users\/548"}],"replies":[{"embeddable":true,"href":"https:\/\/bounce35.thedev.ca\/fr-ca\/wp-json\/wp\/v2\/comments?post=5766"}],"version-history":[{"count":0,"href":"https:\/\/bounce35.thedev.ca\/fr-ca\/wp-json\/wp\/v2\/pages\/5766\/revisions"}],"wp:attachment":[{"href":"https:\/\/bounce35.thedev.ca\/fr-ca\/wp-json\/wp\/v2\/media?parent=5766"}],"curies":[{"name":"wp","href":"https:\/\/api.w.org\/{rel}","templated":true}]}}