{"id":5782,"date":"2022-03-23T18:03:11","date_gmt":"2022-03-23T23:03:11","guid":{"rendered":"https:\/\/bounce35.thedev.ca\/pour-lanimation\/creer-un-compte-pour-lanimation\/"},"modified":"2024-07-03T14:21:45","modified_gmt":"2024-07-03T19:21:45","slug":"creer-un-compte-pour-lanimation","status":"publish","type":"page","link":"https:\/\/bounce35.thedev.ca\/fr-ca\/pour-lanimation\/creer-un-compte-pour-lanimation\/","title":{"rendered":"Cr\u00e9er un compte pour l\u2019animation"},"content":{"rendered":"\n<div class=\"wp-block-genesis-blocks-gb-columns submenu-navigation facilitator-menu gb-layout-columns-1 one-column gb-has-custom-background-color alignfull\" style=\"padding-top:1%;padding-right:15%;padding-bottom:1%;padding-left:15%;background-color:#f0f1f8\"><div class=\"gb-layout-column-wrap gb-block-layout-column-gap-2 gb-is-responsive-column\">\n<div class=\"wp-block-genesis-blocks-gb-column gb-block-layout-column\"><div class=\"gb-block-layout-column-inner gb-has-custom-background-color\" style=\"padding:1%;background-color:#f0f1f8\">\n<p>[if_logged_in]<\/p>\n\n\n<nav style=\"font-style:normal;font-weight:700;text-transform:capitalize;\" class=\"has-text-color has-theme-secondary-color has-larger-font-size is-responsive items-justified-space-between alignfull wp-block-navigation is-content-justification-space-between is-layout-flex wp-container-core-navigation-is-layout-3d213aab wp-block-navigation-is-layout-flex\" aria-label=\"Facilitators (Logged In) - French (Canada)\" \n\t\t data-wp-interactive=\"core\/navigation\" data-wp-context='{\"overlayOpenedBy\":{\"click\":false,\"hover\":false,\"focus\":false},\"type\":\"overlay\",\"roleAttribute\":\"\",\"ariaLabel\":\"Menu\"}'><button aria-haspopup=\"dialog\" aria-label=\"Ouvrir le menu\" class=\"wp-block-navigation__responsive-container-open\" \n\t\t\t\tdata-wp-on-async--click=\"actions.openMenuOnClick\"\n\t\t\t\tdata-wp-on--keydown=\"actions.handleMenuKeydown\"\n\t\t\t><svg width=\"24\" height=\"24\" xmlns=\"http:\/\/www.w3.org\/2000\/svg\" viewBox=\"0 0 24 24\" aria-hidden=\"true\" focusable=\"false\"><rect x=\"4\" y=\"7.5\" width=\"16\" height=\"1.5\" \/><rect x=\"4\" y=\"15\" width=\"16\" height=\"1.5\" \/><\/svg><\/button>\n\t\t\t\t<div class=\"wp-block-navigation__responsive-container\"  id=\"modal-1\" \n\t\t\t\tdata-wp-class--has-modal-open=\"state.isMenuOpen\"\n\t\t\t\tdata-wp-class--is-menu-open=\"state.isMenuOpen\"\n\t\t\t\tdata-wp-watch=\"callbacks.initMenu\"\n\t\t\t\tdata-wp-on--keydown=\"actions.handleMenuKeydown\"\n\t\t\t\tdata-wp-on-async--focusout=\"actions.handleMenuFocusout\"\n\t\t\t\ttabindex=\"-1\"\n\t\t\t>\n\t\t\t\t\t<div class=\"wp-block-navigation__responsive-close\" tabindex=\"-1\">\n\t\t\t\t\t\t<div class=\"wp-block-navigation__responsive-dialog\" \n\t\t\t\tdata-wp-bind--aria-modal=\"state.ariaModal\"\n\t\t\t\tdata-wp-bind--aria-label=\"state.ariaLabel\"\n\t\t\t\tdata-wp-bind--role=\"state.roleAttribute\"\n\t\t\t>\n\t\t\t\t\t\t\t<button aria-label=\"Fermer le menu\" class=\"wp-block-navigation__responsive-container-close\" \n\t\t\t\tdata-wp-on-async--click=\"actions.closeMenuOnClick\"\n\t\t\t><svg xmlns=\"http:\/\/www.w3.org\/2000\/svg\" viewBox=\"0 0 24 24\" width=\"24\" height=\"24\" aria-hidden=\"true\" focusable=\"false\"><path d=\"m13.06 12 6.47-6.47-1.06-1.06L12 10.94 5.53 4.47 4.47 5.53 10.94 12l-6.47 6.47 1.06 1.06L12 13.06l6.47 6.47 1.06-1.06L13.06 12Z\"><\/path><\/svg><\/button>\n\t\t\t\t\t\t\t<div class=\"wp-block-navigation__responsive-container-content\" \n\t\t\t\tdata-wp-watch=\"callbacks.focusFirstElement\"\n\t\t\t id=\"modal-1-content\">\n\t\t\t\t\t\t\t\t<ul style=\"font-style:normal;font-weight:700;text-transform:capitalize;\" class=\"wp-block-navigation__container has-text-color has-theme-secondary-color has-larger-font-size is-responsive items-justified-space-between alignfull wp-block-navigation has-larger-font-size\"><li class=\"has-larger-font-size wp-block-navigation-item wp-block-navigation-link\"><a class=\"wp-block-navigation-item__content\"  href=\"https:\/\/bounce35.thedev.ca\/fr-ca\/pour-lanimation\/communaute-de-praticiens\/\"><span class=\"wp-block-navigation-item__label\">Communaut\u00e9 de praticiens<\/span><\/a><\/li><li class=\"has-larger-font-size wp-block-navigation-item wp-block-navigation-link\"><a class=\"wp-block-navigation-item__content\"  href=\"https:\/\/bounce35.thedev.ca\/fr-ca\/pour-lanimation\/atelier-pour-lanimation\/\"><span class=\"wp-block-navigation-item__label\">Atelier pour l\u2019animation<\/span><\/a><\/li><li class=\"has-larger-font-size wp-block-navigation-item wp-block-navigation-link\"><a class=\"wp-block-navigation-item__content\"  href=\"https:\/\/bounce35.thedev.ca\/fr-ca\/pour-lanimation\/materiel-pour-lanimation\/\"><span class=\"wp-block-navigation-item__label\">Mat\u00e9riel pour l\u2019animation<\/span><\/a><\/li><li class=\"has-larger-font-size wp-block-navigation-item wp-block-navigation-link\"><a class=\"wp-block-navigation-item__content\"  href=\"https:\/\/bounce35.thedev.ca\/fr-ca\/pour-lanimation\/fermeture-de-session\/\"><span class=\"wp-block-navigation-item__label\">Fermeture de session<\/span><\/a><\/li><\/ul>\n\t\t\t\t\t\t\t<\/div>\n\t\t\t\t\t\t<\/div>\n\t\t\t\t\t<\/div>\n\t\t\t\t<\/div><\/nav>\n\n\n<p>[\/if_logged_in]<\/p>\n\n\n\n<p>[if_not_logged_in]<\/p>\n\n\n<nav style=\"font-style:normal;font-weight:700;text-transform:capitalize;\" class=\"has-text-color has-theme-secondary-color has-larger-font-size is-responsive items-justified-space-between alignfull wp-block-navigation is-content-justification-space-between is-layout-flex wp-container-core-navigation-is-layout-3d213aab wp-block-navigation-is-layout-flex\" aria-label=\"Facilitators (Logged Out) - French (Canada)\" \n\t\t data-wp-interactive=\"core\/navigation\" data-wp-context='{\"overlayOpenedBy\":{\"click\":false,\"hover\":false,\"focus\":false},\"type\":\"overlay\",\"roleAttribute\":\"\",\"ariaLabel\":\"Menu\"}'><button aria-haspopup=\"dialog\" aria-label=\"Ouvrir le menu\" class=\"wp-block-navigation__responsive-container-open\" \n\t\t\t\tdata-wp-on-async--click=\"actions.openMenuOnClick\"\n\t\t\t\tdata-wp-on--keydown=\"actions.handleMenuKeydown\"\n\t\t\t><svg width=\"24\" height=\"24\" xmlns=\"http:\/\/www.w3.org\/2000\/svg\" viewBox=\"0 0 24 24\" aria-hidden=\"true\" focusable=\"false\"><rect x=\"4\" y=\"7.5\" width=\"16\" height=\"1.5\" \/><rect x=\"4\" y=\"15\" width=\"16\" height=\"1.5\" \/><\/svg><\/button>\n\t\t\t\t<div class=\"wp-block-navigation__responsive-container\"  id=\"modal-2\" \n\t\t\t\tdata-wp-class--has-modal-open=\"state.isMenuOpen\"\n\t\t\t\tdata-wp-class--is-menu-open=\"state.isMenuOpen\"\n\t\t\t\tdata-wp-watch=\"callbacks.initMenu\"\n\t\t\t\tdata-wp-on--keydown=\"actions.handleMenuKeydown\"\n\t\t\t\tdata-wp-on-async--focusout=\"actions.handleMenuFocusout\"\n\t\t\t\ttabindex=\"-1\"\n\t\t\t>\n\t\t\t\t\t<div class=\"wp-block-navigation__responsive-close\" tabindex=\"-1\">\n\t\t\t\t\t\t<div class=\"wp-block-navigation__responsive-dialog\" \n\t\t\t\tdata-wp-bind--aria-modal=\"state.ariaModal\"\n\t\t\t\tdata-wp-bind--aria-label=\"state.ariaLabel\"\n\t\t\t\tdata-wp-bind--role=\"state.roleAttribute\"\n\t\t\t>\n\t\t\t\t\t\t\t<button aria-label=\"Fermer le menu\" class=\"wp-block-navigation__responsive-container-close\" \n\t\t\t\tdata-wp-on-async--click=\"actions.closeMenuOnClick\"\n\t\t\t><svg xmlns=\"http:\/\/www.w3.org\/2000\/svg\" viewBox=\"0 0 24 24\" width=\"24\" height=\"24\" aria-hidden=\"true\" focusable=\"false\"><path d=\"m13.06 12 6.47-6.47-1.06-1.06L12 10.94 5.53 4.47 4.47 5.53 10.94 12l-6.47 6.47 1.06 1.06L12 13.06l6.47 6.47 1.06-1.06L13.06 12Z\"><\/path><\/svg><\/button>\n\t\t\t\t\t\t\t<div class=\"wp-block-navigation__responsive-container-content\" \n\t\t\t\tdata-wp-watch=\"callbacks.focusFirstElement\"\n\t\t\t id=\"modal-2-content\">\n\t\t\t\t\t\t\t\t<ul style=\"font-style:normal;font-weight:700;text-transform:capitalize;\" class=\"wp-block-navigation__container has-text-color has-theme-secondary-color has-larger-font-size is-responsive items-justified-space-between alignfull wp-block-navigation has-larger-font-size\"><li class=\"has-larger-font-size wp-block-navigation-item wp-block-navigation-link\"><a class=\"wp-block-navigation-item__content\"  href=\"https:\/\/bounce35.thedev.ca\/fr-ca\/pour-lanimation\/ouverture-de-session\/\"><span class=\"wp-block-navigation-item__label\">Ouverture de session<\/span><\/a><\/li><li class=\"has-larger-font-size wp-block-navigation-item wp-block-navigation-link\"><a class=\"wp-block-navigation-item__content\"  href=\"https:\/\/bounce35.thedev.ca\/fr-ca\/pour-lanimation\/atelier-pour-lanimation\/\"><span class=\"wp-block-navigation-item__label\">Atelier pour l\u2019animation<\/span><\/a><\/li><li class=\"has-larger-font-size wp-block-navigation-item wp-block-navigation-link\"><a class=\"wp-block-navigation-item__content\"  href=\"https:\/\/bounce35.thedev.ca\/fr-ca\/pour-lanimation\/creer-un-compte-pour-lanimation\/\"><span class=\"wp-block-navigation-item__label\">Cr\u00e9er un compte pour l\u2019animation<\/span><\/a><\/li><\/ul>\n\t\t\t\t\t\t\t<\/div>\n\t\t\t\t\t\t<\/div>\n\t\t\t\t\t<\/div>\n\t\t\t\t<\/div><\/nav>\n\n\n<p>[\/if_not_logged_in]<\/p>\n<\/div><\/div>\n<\/div><\/div>\n\n\n\n<div class=\"wp-block-genesis-blocks-gb-columns gb-layout-columns-2 gb-2-col-wideright has-white-background-color alignfull\" style=\"padding-top:5%;padding-right:15%;padding-bottom:5%;padding-left:15%\"><div class=\"gb-layout-column-wrap gb-block-layout-column-gap-2 gb-is-responsive-column\">\n<div class=\"wp-block-genesis-blocks-gb-column gb-block-layout-column\"><div class=\"gb-block-layout-column-inner\">\n<h1 class=\"wp-block-heading\">Cr\u00e9er un compte pour l\u2019animation<\/h1>\n\n\n\n<div class=\"wp-block-columns is-layout-flex wp-container-core-columns-is-layout-9d6595d7 wp-block-columns-is-layout-flex\">\n<div class=\"wp-block-column is-layout-flow wp-block-column-is-layout-flow\" style=\"flex-basis:100%\">\n<p>Veuillez remplir les champs suivants pour cr\u00e9er un compte pour l\u2019animation des cours vous permettant d\u2019acc\u00e9der au mat\u00e9riel d\u2019animation.<\/p>\n<\/div>\n<\/div>\n\n\n\n<div class=\"wp-block-columns is-layout-flex wp-container-core-columns-is-layout-9d6595d7 wp-block-columns-is-layout-flex\">\n<div class=\"wp-block-column is-layout-flow wp-block-column-is-layout-flow\" style=\"flex-basis:100%\">\n<p>Une fois que vous avec cr\u00e9\u00e9 un compte et ouvert une session, vous avez acc\u00e8s \u00e0 tout le mat\u00e9riel pour les cours sur la TCCpc sous forme de pr\u00e9sentations PowerPoint. Vous pourrez utiliser les diaporamas quand vous en avez besoin pour animer vos cours. <\/p>\n<\/div>\n<\/div>\n\n\n\n<div class=\"wp-block-columns is-layout-flex wp-container-core-columns-is-layout-9d6595d7 wp-block-columns-is-layout-flex\">\n<div class=\"wp-block-column is-layout-flow wp-block-column-is-layout-flow\" style=\"flex-basis:100%\">\n<p>Vous aurez aussi acc\u00e8s au mat\u00e9riel sous forme de fichiers PDF que vous pourrez transmettre \u00e0 votre client\u00e8le. <\/p>\n<\/div>\n<\/div>\n\n\n\n<p>C\u2019est aussi dans votre compte que vous aurez acc\u00e8s aux mises \u00e0 jour du mat\u00e9riel sur la TCCpc. Comme le programme est r\u00e9guli\u00e8rement mis \u00e0 jour, il s\u2019agit du meilleur moyen pour avoir acc\u00e8s \u00e0 l\u2019information de fa\u00e7on continue. <\/p>\n<\/div><\/div>\n\n\n\n<div class=\"wp-block-genesis-blocks-gb-column gb-block-layout-column\"><div class=\"gb-block-layout-column-inner\"><div class=\"frm_forms  with_frm_style frm_inline_form frm_style_formidable-style\" id=\"frm_form_3_container\" data-token=\"b003b275957a292a8faeaf61f9cfa509\">\n<form enctype=\"multipart\/form-data\" method=\"post\" class=\"frm-show-form  frm_pro_form \" id=\"form_registrationform\" data-token=\"b003b275957a292a8faeaf61f9cfa509\">\n<div class=\"frm_form_fields \">\n<fieldset>\n<legend class=\"frm_screen_reader\">Cr\u00e9er un compte pour l\u2019animation<\/legend>\r\n\r\n<div class=\"frm_fields_container\">\n<input type=\"hidden\" name=\"frm_action\" value=\"create\" \/>\n<input type=\"hidden\" name=\"form_id\" value=\"3\" \/>\n<input type=\"hidden\" name=\"frm_hide_fields_3\" id=\"frm_hide_fields_3\" value=\"\" \/>\n<input type=\"hidden\" name=\"form_key\" value=\"registrationform\" \/>\n<input type=\"hidden\" name=\"item_meta[0]\" value=\"\" \/>\n<input type=\"hidden\" id=\"frm_submit_entry_3\" name=\"frm_submit_entry_3\" value=\"d6d84a4453\" \/><input type=\"hidden\" name=\"_wp_http_referer\" value=\"\/fr-ca\/wp-json\/wp\/v2\/pages\/5782\" \/><div id=\"frm_field_16_container\" class=\"frm_form_field form-field  frm_required_field frm_top_container frm6 frm_first\">\r\n    <label for=\"field_mjw8g\" id=\"field_mjw8g_label\" class=\"frm_primary_label\">Choisissez un nom d&rsquo;utilisateur\r\n        <span class=\"frm_required\" aria-hidden=\"true\">*<\/span>\r\n    <\/label>\r\n    <input type=\"text\" id=\"field_mjw8g\" name=\"item_meta[16]\" value=\"\"  data-reqmsg=\"Ce champ ne peut pas \u00eatre vide.\" aria-required=\"true\" data-invmsg=\"Le texte n&#039;est pas valide\" aria-invalid=\"false\"  \/>\r\n    \r\n    \r\n<\/div>\n<div id=\"frm_field_17_container\" class=\"frm_form_field form-field  frm_required_field frm_top_container frm6\">\r\n    <label for=\"field_ftffm\" id=\"field_ftffm_label\" class=\"frm_primary_label\">Mot de passe\r\n        <span class=\"frm_required\" aria-hidden=\"true\">*<\/span>\r\n    <\/label>\r\n    <input type=\"password\" id=\"field_ftffm\" name=\"item_meta[17]\" value=\"\"  data-reqmsg=\"Mot de passe ne peut pas \u00eatre vide.\" aria-required=\"true\" data-invmsg=\"Le mot de passe est invalide\" class=\"frm_strong_pass frm_strength_meter\" aria-invalid=\"false\"  \/><div id=\"frm_password_strength_17\" class=\"frm-password-strength\"><span id=\"frm-pass-eight-char-17\" class=\"frm-pass-req\"><svg  viewBox=\"0 0 20 20\" class=\"frmsvg frm_cancel1_icon failed_svg\">\n\t<title>cancel1<\/title>\n\t<path d=\"M10 0a10 10 0 1 0 0 20 10 10 0 0 0 0-20zm0 18a8 8 0 1 1 0-16 8 8 0 0 1 0 16zm3.6-13L10 8.6 6.4 5 5 6.4 8.6 10 5 13.6 6.4 15l3.6-3.6 3.6 3.6 1.4-1.4-3.6-3.6L15 6.4z\"><\/path>\n<\/svg><svg  viewBox=\"0 0 20 20\" class=\"frmsvg frm_check1_icon passed_svg\">\n\t<title>check1<\/title>\n\t<path d=\"M10 .3a9.7 9.7 0 1 0 0 19.4A9.7 9.7 0 0 0 10 .3zm0 1.9a7.8 7.8 0 1 1 0 15.6 7.8 7.8 0 0 1 0-15.6zm5.5 5l-.9-.8a.5.5 0 0 0-.7 0l-5.5 5.5-2.3-2.4a.5.5 0 0 0-.7 0l-.9.9c-.2.2-.2.5 0 .6l3.6 3.6c.2.2.4.2.6 0L15.5 8c.2-.1.2-.4 0-.6z\"><\/path>\n<\/svg>Minimum de huit caract\u00e8res<\/span>\r\n<span id=\"frm-pass-lowercase-17\" class=\"frm-pass-req\"><svg  viewBox=\"0 0 20 20\" class=\"frmsvg frm_cancel1_icon failed_svg\">\n\t<title>cancel1<\/title>\n\t<path d=\"M10 0a10 10 0 1 0 0 20 10 10 0 0 0 0-20zm0 18a8 8 0 1 1 0-16 8 8 0 0 1 0 16zm3.6-13L10 8.6 6.4 5 5 6.4 8.6 10 5 13.6 6.4 15l3.6-3.6 3.6 3.6 1.4-1.4-3.6-3.6L15 6.4z\"><\/path>\n<\/svg><svg  viewBox=\"0 0 20 20\" class=\"frmsvg frm_check1_icon passed_svg\">\n\t<title>check1<\/title>\n\t<path d=\"M10 .3a9.7 9.7 0 1 0 0 19.4A9.7 9.7 0 0 0 10 .3zm0 1.9a7.8 7.8 0 1 1 0 15.6 7.8 7.8 0 0 1 0-15.6zm5.5 5l-.9-.8a.5.5 0 0 0-.7 0l-5.5 5.5-2.3-2.4a.5.5 0 0 0-.7 0l-.9.9c-.2.2-.2.5 0 .6l3.6 3.6c.2.2.4.2.6 0L15.5 8c.2-.1.2-.4 0-.6z\"><\/path>\n<\/svg>Une lettre minuscule<\/span>\r\n<span id=\"frm-pass-uppercase-17\" class=\"frm-pass-req\"><svg  viewBox=\"0 0 20 20\" class=\"frmsvg frm_cancel1_icon failed_svg\">\n\t<title>cancel1<\/title>\n\t<path d=\"M10 0a10 10 0 1 0 0 20 10 10 0 0 0 0-20zm0 18a8 8 0 1 1 0-16 8 8 0 0 1 0 16zm3.6-13L10 8.6 6.4 5 5 6.4 8.6 10 5 13.6 6.4 15l3.6-3.6 3.6 3.6 1.4-1.4-3.6-3.6L15 6.4z\"><\/path>\n<\/svg><svg  viewBox=\"0 0 20 20\" class=\"frmsvg frm_check1_icon passed_svg\">\n\t<title>check1<\/title>\n\t<path d=\"M10 .3a9.7 9.7 0 1 0 0 19.4A9.7 9.7 0 0 0 10 .3zm0 1.9a7.8 7.8 0 1 1 0 15.6 7.8 7.8 0 0 1 0-15.6zm5.5 5l-.9-.8a.5.5 0 0 0-.7 0l-5.5 5.5-2.3-2.4a.5.5 0 0 0-.7 0l-.9.9c-.2.2-.2.5 0 .6l3.6 3.6c.2.2.4.2.6 0L15.5 8c.2-.1.2-.4 0-.6z\"><\/path>\n<\/svg>Une lettre majuscule<\/span>\r\n<span id=\"frm-pass-number-17\" class=\"frm-pass-req\"><svg  viewBox=\"0 0 20 20\" class=\"frmsvg frm_cancel1_icon failed_svg\">\n\t<title>cancel1<\/title>\n\t<path d=\"M10 0a10 10 0 1 0 0 20 10 10 0 0 0 0-20zm0 18a8 8 0 1 1 0-16 8 8 0 0 1 0 16zm3.6-13L10 8.6 6.4 5 5 6.4 8.6 10 5 13.6 6.4 15l3.6-3.6 3.6 3.6 1.4-1.4-3.6-3.6L15 6.4z\"><\/path>\n<\/svg><svg  viewBox=\"0 0 20 20\" class=\"frmsvg frm_check1_icon passed_svg\">\n\t<title>check1<\/title>\n\t<path d=\"M10 .3a9.7 9.7 0 1 0 0 19.4A9.7 9.7 0 0 0 10 .3zm0 1.9a7.8 7.8 0 1 1 0 15.6 7.8 7.8 0 0 1 0-15.6zm5.5 5l-.9-.8a.5.5 0 0 0-.7 0l-5.5 5.5-2.3-2.4a.5.5 0 0 0-.7 0l-.9.9c-.2.2-.2.5 0 .6l3.6 3.6c.2.2.4.2.6 0L15.5 8c.2-.1.2-.4 0-.6z\"><\/path>\n<\/svg>Un chiffre<\/span>\r\n<span id=\"frm-pass-special-char-17\" class=\"frm-pass-req\"><svg  viewBox=\"0 0 20 20\" class=\"frmsvg frm_cancel1_icon failed_svg\">\n\t<title>cancel1<\/title>\n\t<path d=\"M10 0a10 10 0 1 0 0 20 10 10 0 0 0 0-20zm0 18a8 8 0 1 1 0-16 8 8 0 0 1 0 16zm3.6-13L10 8.6 6.4 5 5 6.4 8.6 10 5 13.6 6.4 15l3.6-3.6 3.6 3.6 1.4-1.4-3.6-3.6L15 6.4z\"><\/path>\n<\/svg><svg  viewBox=\"0 0 20 20\" class=\"frmsvg frm_check1_icon passed_svg\">\n\t<title>check1<\/title>\n\t<path d=\"M10 .3a9.7 9.7 0 1 0 0 19.4A9.7 9.7 0 0 0 10 .3zm0 1.9a7.8 7.8 0 1 1 0 15.6 7.8 7.8 0 0 1 0-15.6zm5.5 5l-.9-.8a.5.5 0 0 0-.7 0l-5.5 5.5-2.3-2.4a.5.5 0 0 0-.7 0l-.9.9c-.2.2-.2.5 0 .6l3.6 3.6c.2.2.4.2.6 0L15.5 8c.2-.1.2-.4 0-.6z\"><\/path>\n<\/svg>Un caract\u00e8re sp\u00e9cial<\/span>\r\n<\/div>\r\n    \r\n    \r\n<\/div>\n<div id=\"frm_field_19_container\" class=\"frm_form_field form-field  frm_required_field frm_top_container frm6 frm_first\">\r\n    <label for=\"field_kgogu\" id=\"field_kgogu_label\" class=\"frm_primary_label\">Pr\u00e9nom\r\n        <span class=\"frm_required\" aria-hidden=\"true\">*<\/span>\r\n    <\/label>\r\n    <input type=\"text\" id=\"field_kgogu\" name=\"item_meta[19]\" value=\"\"  data-reqmsg=\"Ce champ ne peut pas \u00eatre vide.\" aria-required=\"true\" data-invmsg=\"Le texte n&#039;est pas valide\" aria-invalid=\"false\"  \/>\r\n    \r\n    \r\n<\/div>\n<div id=\"frm_field_20_container\" class=\"frm_form_field form-field  frm_required_field frm_top_container frm6\">\r\n    <label for=\"field_rt3wc\" id=\"field_rt3wc_label\" class=\"frm_primary_label\">Nom\r\n        <span class=\"frm_required\" aria-hidden=\"true\">*<\/span>\r\n    <\/label>\r\n    <input type=\"text\" id=\"field_rt3wc\" name=\"item_meta[20]\" value=\"\"  data-reqmsg=\"Ce champ ne peut pas \u00eatre vide.\" aria-required=\"true\" data-invmsg=\"Le texte n&#039;est pas valide\" aria-invalid=\"false\"  \/>\r\n    \r\n    \r\n<\/div>\n<div id=\"frm_field_21_container\" class=\"frm_form_field form-field  frm_top_container frm6 frm_first\">\r\n    <label for=\"field_44mbk\" id=\"field_44mbk_label\" class=\"frm_primary_label\">Organisation\r\n        <span class=\"frm_required\" aria-hidden=\"true\"><\/span>\r\n    <\/label>\r\n    <input type=\"text\" id=\"field_44mbk\" name=\"item_meta[21]\" value=\"\"  data-invmsg=\"Le texte n&#039;est pas valide\" aria-invalid=\"false\"  \/>\r\n    \r\n    \r\n<\/div>\n<div id=\"frm_field_22_container\" class=\"frm_form_field form-field  frm_top_container frm6\">\r\n    <label for=\"field_r2tam\" id=\"field_r2tam_label\" class=\"frm_primary_label\">R\u00f4le\r\n        <span class=\"frm_required\" aria-hidden=\"true\"><\/span>\r\n    <\/label>\r\n    <input type=\"text\" id=\"field_r2tam\" name=\"item_meta[22]\" value=\"\"  data-invmsg=\"Le texte n&#039;est pas valide\" aria-invalid=\"false\"  \/>\r\n    \r\n    \r\n<\/div>\n<div id=\"frm_field_23_container\" class=\"frm_form_field form-field  frm_top_container frm6 frm_first\">\r\n    <label for=\"field_21aid\" id=\"field_21aid_label\" class=\"frm_primary_label\">Num\u00e9ro de t\u00e9l\u00e9phone\r\n        <span class=\"frm_required\" aria-hidden=\"true\"><\/span>\r\n    <\/label>\r\n    <input type=\"tel\" id=\"field_21aid\" name=\"item_meta[23]\" value=\"\"  data-invmsg=\" Le num\u00e9ro de t\u00e9l\u00e9phone n&#039;est pas valide\" aria-invalid=\"false\" pattern=\"((\\+\\d{1,3}(-|.| )?\\(?\\d\\)?(-| |.)?\\d{1,5})|(\\(?\\d{2,6}\\)?))(-|.| )?(\\d{3,4})(-|.| )?(\\d{4})(( x| ext)\\d{1,5}){0,1}$\"  \/>\r\n    \r\n    \r\n<\/div>\n<div id=\"frm_field_24_container\" class=\"frm_form_field form-field  frm_required_field frm_top_container frm6\">\r\n    <label for=\"field_nk6hu\" id=\"field_nk6hu_label\" class=\"frm_primary_label\">Courriel\r\n        <span class=\"frm_required\" aria-hidden=\"true\">*<\/span>\r\n    <\/label>\r\n    <input type=\"email\" id=\"field_nk6hu\" name=\"item_meta[24]\" value=\"\"  data-reqmsg=\"Courriel ne peut pas \u00eatre vide.\" aria-required=\"true\" data-invmsg=\" Courriel n&#039;est pas valide\" aria-invalid=\"false\"  \/>\r\n    \r\n    \r\n<\/div>\n<div id=\"frm_field_25_container\" class=\"frm_form_field form-field  frm_top_container frm12 horizontal_radio\">\r\n    <div  id=\"field_jz1x6_label\" class=\"frm_primary_label\">Avez-vous suivi la formation en animation des cours sur la TCCpc\r\n        <span class=\"frm_required\" aria-hidden=\"true\"><\/span>\r\n    <\/div>\r\n    <div class=\"frm_opt_container\" aria-labelledby=\"field_jz1x6_label\" role=\"radiogroup\">\t\t<div class=\"frm_radio\" id=\"frm_radio_25-0\">\t\t\t<label  for=\"field_jz1x6-0\">\n\t\t\t\t\t<input type=\"radio\" name=\"item_meta[25]\" id=\"field_jz1x6-0\" value=\"No\"\n\t\t   data-invmsg=\"Avez-vous suivi la formation en animation des cours sur la TCCpc is invalid\"  \/> Non<\/label><\/div>\n\t\t<div class=\"frm_radio\" id=\"frm_radio_25-1\">\t\t\t<label  for=\"field_jz1x6-1\">\n\t\t\t\t\t<input type=\"radio\" name=\"item_meta[25]\" id=\"field_jz1x6-1\" value=\"Yes\"\n\t\t   data-invmsg=\"Avez-vous suivi la formation en animation des cours sur la TCCpc is invalid\"  \/> Oui<\/label><\/div>\n<\/div>\r\n    \r\n    \r\n<\/div>\n<input type=\"hidden\" name=\"item_meta[30]\" id=\"field_ytq9h\" value=\"\" data-frmval=\"\"\/>\n<div id=\"frm_field_77_container\" class=\"frm_form_field form-field  frm_none_container\">\n\t<label for=\"g-recaptcha-response\" id=\"field_pn0oo_label\" class=\"frm_primary_label\">Captcha\n\t\t<span class=\"frm_required\" aria-hidden=\"true\"><\/span>\n\t<\/label>\n\t<div  id=\"field_pn0oo\" class=\"frm-g-recaptcha\" data-sitekey=\"6Lef2oYhAAAAAMqDgRUWdnGjiq4wABB5tkqordST\" data-size=\"invisible\" data-theme=\"light\"><\/div>\n\t\n\t\n<\/div>\n<div id=\"frm_field_66_container\" class=\"frm_form_field form-field \">\n\t<div class=\"frm_submit\">\r\n\r\n<button class=\"frm_button_submit frm_final_submit\" type=\"submit\"   formnovalidate=\"formnovalidate\">Soumettre<\/button>\r\n\r\n<\/div>\n<\/div>\n\t<input type=\"hidden\" name=\"item_key\" value=\"\" \/>\n\t\t\t<div id=\"frm_field_236_container\">\n\t\t\t<label for=\"field_so2az\" >\n\t\t\t\tIf you are human, leave this field blank.\t\t\t<\/label>\n\t\t\t<input  id=\"field_so2az\" type=\"text\" class=\"frm_form_field form-field frm_verify\" name=\"item_meta[236]\" value=\"\"  \/>\n\t\t<\/div>\n\t\t<input name=\"frm_state\" type=\"hidden\" value=\"16ZtRDsMyo8CHn\/t89AVS1atLIgvWo1ZH\/d6mTB5dI2oFQZ46QgxJ6xnf+\/El0c1\" \/><\/div>\n<\/fieldset>\n<\/div>\n\n<\/form>\n<\/div>\n<\/div><\/div>\n<\/div><\/div>\n","protected":false},"excerpt":{"rendered":"","protected":false},"author":57,"featured_media":0,"parent":5777,"menu_order":0,"comment_status":"closed","ping_status":"closed","template":"","meta":{"_acf_changed":false,"footnotes":""},"class_list":["post-5782","page","type-page","status-publish","hentry"],"acf":[],"_links":{"self":[{"href":"https:\/\/bounce35.thedev.ca\/fr-ca\/wp-json\/wp\/v2\/pages\/5782","targetHints":{"allow":["GET"]}}],"collection":[{"href":"https:\/\/bounce35.thedev.ca\/fr-ca\/wp-json\/wp\/v2\/pages"}],"about":[{"href":"https:\/\/bounce35.thedev.ca\/fr-ca\/wp-json\/wp\/v2\/types\/page"}],"author":[{"embeddable":true,"href":"https:\/\/bounce35.thedev.ca\/fr-ca\/wp-json\/wp\/v2\/users\/57"}],"replies":[{"embeddable":true,"href":"https:\/\/bounce35.thedev.ca\/fr-ca\/wp-json\/wp\/v2\/comments?post=5782"}],"version-history":[{"count":0,"href":"https:\/\/bounce35.thedev.ca\/fr-ca\/wp-json\/wp\/v2\/pages\/5782\/revisions"}],"up":[{"embeddable":true,"href":"https:\/\/bounce35.thedev.ca\/fr-ca\/wp-json\/wp\/v2\/pages\/5777"}],"wp:attachment":[{"href":"https:\/\/bounce35.thedev.ca\/fr-ca\/wp-json\/wp\/v2\/media?parent=5782"}],"curies":[{"name":"wp","href":"https:\/\/api.w.org\/{rel}","templated":true}]}}