{"id":5790,"date":"2022-03-23T19:04:19","date_gmt":"2022-03-24T00:04:19","guid":{"rendered":"https:\/\/bounce35.thedev.ca\/pour-lanimation\/atelier-pour-lanimation\/"},"modified":"2024-07-09T11:21:20","modified_gmt":"2024-07-09T16:21:20","slug":"atelier-pour-lanimation","status":"publish","type":"page","link":"https:\/\/bounce35.thedev.ca\/fr-ca\/pour-lanimation\/atelier-pour-lanimation\/","title":{"rendered":"Atelier pour l\u2019animation"},"content":{"rendered":"\n<div class=\"wp-block-genesis-blocks-gb-columns submenu-navigation facilitator-menu gb-layout-columns-1 one-column gb-has-custom-background-color alignfull\" style=\"padding-top:1%;padding-right:15%;padding-bottom:1%;padding-left:15%;background-color:#f0f1f8\"><div class=\"gb-layout-column-wrap gb-block-layout-column-gap-2 gb-is-responsive-column\">\n<div class=\"wp-block-genesis-blocks-gb-column gb-block-layout-column\"><div class=\"gb-block-layout-column-inner gb-has-custom-background-color\" style=\"padding:1%;background-color:#f0f1f8\">\n<p>[if_logged_in]<\/p>\n\n\n<nav style=\"font-style:normal;font-weight:700;text-transform:capitalize;\" class=\"has-text-color has-theme-secondary-color has-larger-font-size is-responsive items-justified-space-between alignfull wp-block-navigation is-content-justification-space-between is-layout-flex wp-container-core-navigation-is-layout-3d213aab wp-block-navigation-is-layout-flex\" aria-label=\"Facilitators (Logged In) - French (Canada)\" \n\t\t data-wp-interactive=\"core\/navigation\" data-wp-context='{\"overlayOpenedBy\":{\"click\":false,\"hover\":false,\"focus\":false},\"type\":\"overlay\",\"roleAttribute\":\"\",\"ariaLabel\":\"Menu\"}'><button aria-haspopup=\"dialog\" aria-label=\"Ouvrir le menu\" class=\"wp-block-navigation__responsive-container-open\" \n\t\t\t\tdata-wp-on-async--click=\"actions.openMenuOnClick\"\n\t\t\t\tdata-wp-on--keydown=\"actions.handleMenuKeydown\"\n\t\t\t><svg width=\"24\" height=\"24\" xmlns=\"http:\/\/www.w3.org\/2000\/svg\" viewBox=\"0 0 24 24\" aria-hidden=\"true\" focusable=\"false\"><rect x=\"4\" y=\"7.5\" width=\"16\" height=\"1.5\" \/><rect x=\"4\" y=\"15\" width=\"16\" height=\"1.5\" \/><\/svg><\/button>\n\t\t\t\t<div class=\"wp-block-navigation__responsive-container\"  id=\"modal-1\" \n\t\t\t\tdata-wp-class--has-modal-open=\"state.isMenuOpen\"\n\t\t\t\tdata-wp-class--is-menu-open=\"state.isMenuOpen\"\n\t\t\t\tdata-wp-watch=\"callbacks.initMenu\"\n\t\t\t\tdata-wp-on--keydown=\"actions.handleMenuKeydown\"\n\t\t\t\tdata-wp-on-async--focusout=\"actions.handleMenuFocusout\"\n\t\t\t\ttabindex=\"-1\"\n\t\t\t>\n\t\t\t\t\t<div class=\"wp-block-navigation__responsive-close\" tabindex=\"-1\">\n\t\t\t\t\t\t<div class=\"wp-block-navigation__responsive-dialog\" \n\t\t\t\tdata-wp-bind--aria-modal=\"state.ariaModal\"\n\t\t\t\tdata-wp-bind--aria-label=\"state.ariaLabel\"\n\t\t\t\tdata-wp-bind--role=\"state.roleAttribute\"\n\t\t\t>\n\t\t\t\t\t\t\t<button aria-label=\"Fermer le menu\" class=\"wp-block-navigation__responsive-container-close\" \n\t\t\t\tdata-wp-on-async--click=\"actions.closeMenuOnClick\"\n\t\t\t><svg xmlns=\"http:\/\/www.w3.org\/2000\/svg\" viewBox=\"0 0 24 24\" width=\"24\" height=\"24\" aria-hidden=\"true\" focusable=\"false\"><path d=\"m13.06 12 6.47-6.47-1.06-1.06L12 10.94 5.53 4.47 4.47 5.53 10.94 12l-6.47 6.47 1.06 1.06L12 13.06l6.47 6.47 1.06-1.06L13.06 12Z\"><\/path><\/svg><\/button>\n\t\t\t\t\t\t\t<div class=\"wp-block-navigation__responsive-container-content\" \n\t\t\t\tdata-wp-watch=\"callbacks.focusFirstElement\"\n\t\t\t id=\"modal-1-content\">\n\t\t\t\t\t\t\t\t<ul style=\"font-style:normal;font-weight:700;text-transform:capitalize;\" class=\"wp-block-navigation__container has-text-color has-theme-secondary-color has-larger-font-size is-responsive items-justified-space-between alignfull wp-block-navigation has-larger-font-size\"><li class=\"has-larger-font-size wp-block-navigation-item wp-block-navigation-link\"><a class=\"wp-block-navigation-item__content\"  href=\"https:\/\/bounce35.thedev.ca\/fr-ca\/pour-lanimation\/communaute-de-praticiens\/\"><span class=\"wp-block-navigation-item__label\">Communaut\u00e9 de praticiens<\/span><\/a><\/li><li class=\"has-larger-font-size wp-block-navigation-item wp-block-navigation-link\"><a class=\"wp-block-navigation-item__content\"  href=\"https:\/\/bounce35.thedev.ca\/fr-ca\/pour-lanimation\/atelier-pour-lanimation\/\"><span class=\"wp-block-navigation-item__label\">Atelier pour l\u2019animation<\/span><\/a><\/li><li class=\"has-larger-font-size wp-block-navigation-item wp-block-navigation-link\"><a class=\"wp-block-navigation-item__content\"  href=\"https:\/\/bounce35.thedev.ca\/fr-ca\/pour-lanimation\/materiel-pour-lanimation\/\"><span class=\"wp-block-navigation-item__label\">Mat\u00e9riel pour l\u2019animation<\/span><\/a><\/li><li class=\"has-larger-font-size wp-block-navigation-item wp-block-navigation-link\"><a class=\"wp-block-navigation-item__content\"  href=\"https:\/\/bounce35.thedev.ca\/fr-ca\/pour-lanimation\/fermeture-de-session\/\"><span class=\"wp-block-navigation-item__label\">Fermeture de session<\/span><\/a><\/li><\/ul>\n\t\t\t\t\t\t\t<\/div>\n\t\t\t\t\t\t<\/div>\n\t\t\t\t\t<\/div>\n\t\t\t\t<\/div><\/nav>\n\n\n<p>[\/if_logged_in]<\/p>\n\n\n\n<p>[if_not_logged_in]<\/p>\n\n\n<nav style=\"font-style:normal;font-weight:700;text-transform:capitalize;\" class=\"has-text-color has-theme-secondary-color has-larger-font-size is-responsive items-justified-space-between alignfull wp-block-navigation is-content-justification-space-between is-layout-flex wp-container-core-navigation-is-layout-3d213aab wp-block-navigation-is-layout-flex\" aria-label=\"Facilitators (Logged Out) - French (Canada)\" \n\t\t data-wp-interactive=\"core\/navigation\" data-wp-context='{\"overlayOpenedBy\":{\"click\":false,\"hover\":false,\"focus\":false},\"type\":\"overlay\",\"roleAttribute\":\"\",\"ariaLabel\":\"Menu\"}'><button aria-haspopup=\"dialog\" aria-label=\"Ouvrir le menu\" class=\"wp-block-navigation__responsive-container-open\" \n\t\t\t\tdata-wp-on-async--click=\"actions.openMenuOnClick\"\n\t\t\t\tdata-wp-on--keydown=\"actions.handleMenuKeydown\"\n\t\t\t><svg width=\"24\" height=\"24\" xmlns=\"http:\/\/www.w3.org\/2000\/svg\" viewBox=\"0 0 24 24\" aria-hidden=\"true\" focusable=\"false\"><rect x=\"4\" y=\"7.5\" width=\"16\" height=\"1.5\" \/><rect x=\"4\" y=\"15\" width=\"16\" height=\"1.5\" \/><\/svg><\/button>\n\t\t\t\t<div class=\"wp-block-navigation__responsive-container\"  id=\"modal-2\" \n\t\t\t\tdata-wp-class--has-modal-open=\"state.isMenuOpen\"\n\t\t\t\tdata-wp-class--is-menu-open=\"state.isMenuOpen\"\n\t\t\t\tdata-wp-watch=\"callbacks.initMenu\"\n\t\t\t\tdata-wp-on--keydown=\"actions.handleMenuKeydown\"\n\t\t\t\tdata-wp-on-async--focusout=\"actions.handleMenuFocusout\"\n\t\t\t\ttabindex=\"-1\"\n\t\t\t>\n\t\t\t\t\t<div class=\"wp-block-navigation__responsive-close\" tabindex=\"-1\">\n\t\t\t\t\t\t<div class=\"wp-block-navigation__responsive-dialog\" \n\t\t\t\tdata-wp-bind--aria-modal=\"state.ariaModal\"\n\t\t\t\tdata-wp-bind--aria-label=\"state.ariaLabel\"\n\t\t\t\tdata-wp-bind--role=\"state.roleAttribute\"\n\t\t\t>\n\t\t\t\t\t\t\t<button aria-label=\"Fermer le menu\" class=\"wp-block-navigation__responsive-container-close\" \n\t\t\t\tdata-wp-on-async--click=\"actions.closeMenuOnClick\"\n\t\t\t><svg xmlns=\"http:\/\/www.w3.org\/2000\/svg\" viewBox=\"0 0 24 24\" width=\"24\" height=\"24\" aria-hidden=\"true\" focusable=\"false\"><path d=\"m13.06 12 6.47-6.47-1.06-1.06L12 10.94 5.53 4.47 4.47 5.53 10.94 12l-6.47 6.47 1.06 1.06L12 13.06l6.47 6.47 1.06-1.06L13.06 12Z\"><\/path><\/svg><\/button>\n\t\t\t\t\t\t\t<div class=\"wp-block-navigation__responsive-container-content\" \n\t\t\t\tdata-wp-watch=\"callbacks.focusFirstElement\"\n\t\t\t id=\"modal-2-content\">\n\t\t\t\t\t\t\t\t<ul style=\"font-style:normal;font-weight:700;text-transform:capitalize;\" class=\"wp-block-navigation__container has-text-color has-theme-secondary-color has-larger-font-size is-responsive items-justified-space-between alignfull wp-block-navigation has-larger-font-size\"><li class=\"has-larger-font-size wp-block-navigation-item wp-block-navigation-link\"><a class=\"wp-block-navigation-item__content\"  href=\"https:\/\/bounce35.thedev.ca\/fr-ca\/pour-lanimation\/ouverture-de-session\/\"><span class=\"wp-block-navigation-item__label\">Ouverture de session<\/span><\/a><\/li><li class=\"has-larger-font-size wp-block-navigation-item wp-block-navigation-link\"><a class=\"wp-block-navigation-item__content\"  href=\"https:\/\/bounce35.thedev.ca\/fr-ca\/pour-lanimation\/atelier-pour-lanimation\/\"><span class=\"wp-block-navigation-item__label\">Atelier pour l\u2019animation<\/span><\/a><\/li><li class=\"has-larger-font-size wp-block-navigation-item wp-block-navigation-link\"><a class=\"wp-block-navigation-item__content\"  href=\"https:\/\/bounce35.thedev.ca\/fr-ca\/pour-lanimation\/creer-un-compte-pour-lanimation\/\"><span class=\"wp-block-navigation-item__label\">Cr\u00e9er un compte pour l\u2019animation<\/span><\/a><\/li><\/ul>\n\t\t\t\t\t\t\t<\/div>\n\t\t\t\t\t\t<\/div>\n\t\t\t\t\t<\/div>\n\t\t\t\t<\/div><\/nav>\n\n\n<p>[\/if_not_logged_in]<\/p>\n<\/div><\/div>\n<\/div><\/div>\n\n<div class=\"wp-block-genesis-blocks-gb-columns gb-layout-columns-2 gb-2-col-wideleft has-white-background-color alignfull\" style=\"padding-top:5%;padding-right:2%;padding-bottom:5%;padding-left:15%\"><div class=\"gb-layout-column-wrap gb-block-layout-column-gap-0 gb-is-responsive-column\">\n<div class=\"wp-block-genesis-blocks-gb-column gb-block-layout-column\"><div class=\"gb-block-layout-column-inner\">\n<h1 class=\"wp-block-heading alignfull\">Formation en animation <\/h1>\n\n\n\n<div class=\"wp-block-columns is-layout-flex wp-container-core-columns-is-layout-9d6595d7 wp-block-columns-is-layout-flex\">\n<div class=\"wp-block-column is-layout-flow wp-block-column-is-layout-flow\" style=\"flex-basis:100%\">\n<h2 class=\"wp-block-heading\"><mark style=\"background-color:rgba(0, 0, 0, 0)\" class=\"has-inline-color has-theme-secondary-color\">Aimeriez-vous offrir des cours sur la TCCpc dans votre organisation ou votre clinique? <\/mark><br\/><mark style=\"background-color:rgba(0, 0, 0, 0)\" class=\"has-inline-color has-theme-secondary-color\">Souhaitez-vous mettre \u00e0 jour votre formation sur la TCCpc?<\/mark><\/h2>\n\n\n\n<div style=\"color:#ddd\" class=\"wp-block-genesis-blocks-gb-spacer gb-block-spacer gb-divider-solid gb-divider-size-1\"><hr style=\"height:7px\"><\/div>\n\n\n\n<p>La TCCpc est un programme innovateur cr\u00e9\u00e9 par une \u00e9quipe de sp\u00e9cialistes en sant\u00e9 mentale, comme des psychiatres, des psychologues et des cliniciens, en collaboration avec des personnes pr\u00eates \u00e0 partager leur v\u00e9cu. Ce programme vise \u00e0 outiller les gens en leur proposant des strat\u00e9gies d\u2019autogestion fond\u00e9es sur des donn\u00e9es probantes dans le but d\u2019accro\u00eetre leur r\u00e9silience et d\u2019am\u00e9liorer leur bien-\u00eatre mental global. En participant \u00e0 cette formation, vous pourrez acqu\u00e9rir des connaissances et des comp\u00e9tences en lien avec des concepts essentiels de l\u2019approche cognitivo-comportementale que vous pourrez ensuite mettre en application aupr\u00e8s de votre client\u00e8le. En plus d\u2019acqu\u00e9rir des connaissances, vous recevrez tout le mat\u00e9riel n\u00e9cessaire pour initier vos clients \u00e0 ce programme, individuellement ou en groupe. Il est d\u00e9montr\u00e9 que la TCCpc est un outil efficace pour am\u00e9liorer la sant\u00e9 mentale et qu\u2019elle peut \u00eatre un atout dans votre pratique clinique!<\/p>\n<\/div>\n<\/div>\n\n\n\n<div class=\"wp-block-columns is-layout-flex wp-container-core-columns-is-layout-9d6595d7 wp-block-columns-is-layout-flex\">\n<div class=\"wp-block-column is-layout-flow wp-block-column-is-layout-flow\" style=\"flex-basis:100%\">\n<p>Notre \u00e9quipe offre de la formation et du soutien continu pour int\u00e9grer les programmes de TCCpc aux services de votre organisation en mati\u00e8re de TCC. En g\u00e9n\u00e9ral, l\u2019atelier de formation est offert deux fois par ann\u00e9e. <\/p>\n<\/div>\n<\/div>\n\n\n\n<div class=\"wp-block-columns is-layout-flex wp-container-core-columns-is-layout-9d6595d7 wp-block-columns-is-layout-flex\">\n<div class=\"wp-block-column is-layout-flow wp-block-column-is-layout-flow\">\n<p><mark style=\"background-color:rgba(0, 0, 0, 0)\" class=\"has-inline-color has-theme-secondary-color\">Le prochain atelier de formation en animation aura lieu le 9 mai 2024.<\/mark> <a href=\"https:\/\/www.cpd-umanitoba.com\/events\/cognitive-behaviour-therapy-with-mindfulness-cbtm-facilitator-training-2\/\" target=\"_blank\" rel=\"noopener\" title=\"Acc&#xE9;der au site Web de l&#x2019;Universit&#xE9; du Manitoba dans un nouvel onglet\">Pour vous inscrire, cliquez ici<\/a>. <br\/><\/p>\n<\/div>\n<\/div>\n<\/div><\/div>\n\n\n\n<div class=\"wp-block-genesis-blocks-gb-column gb-block-layout-column\"><div class=\"gb-block-layout-column-inner\">\n<p><\/p>\n<\/div><\/div>\n<\/div><\/div>\n\n<div class=\"wp-block-genesis-blocks-gb-columns  four-quadrant-block gb-layout-columns-1 one-column alignfull\" style=\"padding-top:5%;padding-right:15%;padding-bottom:5%;padding-left:15%\"><div class=\"gb-layout-column-wrap gb-block-layout-column-gap-2 gb-is-responsive-column\">\n<div class=\"wp-block-genesis-blocks-gb-column pop-card gb-block-layout-column\"><div class=\"gb-block-layout-column-inner has-white-background-color\" style=\"padding:3%\">\n<h1 class=\"wp-block-heading has-large-font-size\">Objectifs<\/h1>\n\n\n\n<ul class=\"wp-block-list\">\n<li>Expliquer aux participants le d\u00e9veloppement et le bien-fond\u00e9 des cours sur la TCCpc pour les sympt\u00f4mes et les troubles de l\u2019humeur, d\u2019anxi\u00e9t\u00e9 et de stress post-traumatique.<\/li>\n\n\n\n<li>Expliquer aux participants le travail fait par notre \u00e9quipe \u00e0 ce jour pour que des cours sur la TCCpc soient offerts dans plus de 40 endroits au pays (soins de sant\u00e9 primaires, services aux militaires, services aux anciens combattants et organismes d\u2019entraide), ce qui permet de r\u00e9duire les temps d\u2019attente et d\u2019att\u00e9nuer les sympt\u00f4mes.<\/li>\n\n\n\n<li>Expliquer aux participants comment le contenu sur la TCCpc a \u00e9t\u00e9 adapt\u00e9 \u00e0 l\u2019intention du personnel de la sant\u00e9 publique, et pr\u00e9senter les r\u00e9sultats d\u2019un essai clinique pilote randomis\u00e9 aupr\u00e8s de cette population.<\/li>\n\n\n\n<li>Offrir aux participants 7,5 heures de cours sur la TCCpc et faire un bilan de la formation.<\/li>\n\n\n\n<li>\u00c0 la suite de la formation, les participants pourront demander \u00e0 leurs clients de prendre part \u00e0 une \u00e9tude de recherche visant \u00e0 \u00e9valuer un cours sur la TCCpc offert en ligne en mode autog\u00e9r\u00e9.<\/li>\n<\/ul>\n<\/div><\/div>\n<\/div><\/div>\n\n<div class=\"wp-block-genesis-blocks-gb-columns  four-quadrant-block gb-layout-columns-1 one-column alignfull\" style=\"padding-right:15%;padding-bottom:5%;padding-left:15%\"><div class=\"gb-layout-column-wrap gb-block-layout-column-gap-2 gb-is-responsive-column\">\n<div class=\"wp-block-genesis-blocks-gb-column pop-card gb-block-layout-column\"><div class=\"gb-block-layout-column-inner has-white-background-color\" style=\"padding:3%\">\n<h2 class=\"wp-block-heading has-theme-secondary-color has-text-color has-large-font-size\">Exemple de programme d\u2019un atelier<\/h2>\n\n\n\n<p class=\"has-theme-primary-color has-text-color has-normal-font-size\" style=\"line-height:1.5\"><em>L\u2019horaire des ateliers est bas\u00e9 sur le fuseau horaire du Centre.<\/em><\/p>\n\n\n\n<p><em><mark style=\"background-color:rgba(0, 0, 0, 0)\" class=\"has-inline-color has-theme-secondary-color\">\u00c0 noter : l\u2019horaire suivant se veut un exemple;<\/mark> <mark style=\"background-color:rgba(0, 0, 0, 0)\" class=\"has-inline-color has-theme-secondary-color\">des changements mineurs<\/mark> peuvent y \u00eatre apport\u00e9s.<\/em><\/p>\n\n\n\n<div style=\"height:10px\" aria-hidden=\"true\" class=\"wp-block-spacer\"><\/div>\n\n\n\n<h3 class=\"wp-block-heading has-text-color has-large-font-size\" style=\"color:#8864b9;line-height:1.5\">Le 9 mai 2024<br\/>Avant-midi<\/h3>\n\n\n\n<p class=\"has-theme-primary-color has-text-color has-normal-font-size\" style=\"line-height:1.5\">9 h \u2013 10 h Contexte, mise en \u0153uvre et fondement scientifique des cours sur la TCCpc<br\/>10 h \u2013 10 h 15 Aper\u00e7u de la formation<br\/>10 h 15 \u2013 10 h 30 Pause<br\/>10 h 30 \u2013 11 h 30 Cours 1 : Le mod\u00e8le de la TCC et la th\u00e9rapie cognitive<br\/>11 h 30 \u2013 12 h 30 Cours 2 : La th\u00e9rapie comportementale et l\u2019\u00e9tablissement d\u2019objectifs<\/p>\n\n\n\n<h3 class=\"wp-block-heading has-text-color has-large-font-size\" style=\"color:#8864b9\">Apr\u00e8s-midi<\/h3>\n\n\n\n<p class=\"has-theme-primary-color has-text-color has-normal-font-size\" style=\"line-height:1.5\">12 h 30 \u2013 13 h Pause repas<br\/>13 h \u2013 14 h Cours 3 : Mode de vie sain et sommeil<br\/>14 h \u2013 15 h Cours 4 : La r\u00e9solution de probl\u00e8mes<br\/>15 h \u2013 15 h 15 Pause<br\/>15 h 15 \u2013 16 h 15 Cours 5 : R\u00e9agir au stress et planifier le bien-\u00eatre<br\/>16 h 15 \u2013 16 h 45 La mise en \u0153uvre de la TCCpc, la recherche et l\u2019\u00e9valuation <br\/>16 h 45 \u2013 17 h 15 Questions, r\u00e9troactions et \u00e9valuation de la formation<\/p>\n\n\n\n<p><\/p>\n<\/div><\/div>\n<\/div><\/div>\n\n<div class=\"wp-block-genesis-blocks-gb-columns  four-quadrant-block gb-layout-columns-1 one-column alignfull\" style=\"padding-right:15%;padding-bottom:5%;padding-left:15%\"><div class=\"gb-layout-column-wrap gb-block-layout-column-gap-2 gb-is-responsive-column\">\n<div class=\"wp-block-genesis-blocks-gb-column pop-card four-quadrant-block gb-block-layout-column\"><div class=\"gb-block-layout-column-inner has-white-background-color\" style=\"padding:3%\">\n<h2 class=\"wp-block-heading has-theme-secondary-color has-text-color has-large-font-size\">Inscription<\/h2>\n\n\n\n<p class=\"has-theme-primary-color has-text-color has-normal-font-size\">M\u00e9decins : 175 $<br\/>Autres professionnels de la sant\u00e9 : 65 $<br\/>R\u00e9sidents\/\u00e9tudiants : 30 $<\/p>\n\n\n\n<div style=\"height:10px\" aria-hidden=\"true\" class=\"wp-block-spacer\"><\/div>\n\n\n\n<h3 class=\"wp-block-heading has-text-color has-large-font-size\" style=\"color:#8864b9\">Cet atelier est offert uniquement en ligne, par visioconf\u00e9rence sur Zoom. L\u2019information pour la connexion sera transmise par courriel aux personnes inscrites, 24 heures avant la date de la s\u00e9ance.<\/h3>\n\n\n\n<p class=\"has-theme-primary-color has-text-color has-large-font-size\"><\/p>\n\n\n\n<div class=\"wp-block-genesis-blocks-gb-button gb-block-button\"><a href=\"https:\/\/www.cpd-umanitoba.com\/events\/cognitive-behaviour-therapy-with-mindfulness-cbtm-facilitator-training-2\/\" target=\"_blank\" rel=\"noopener noreferrer\" class=\"gb-button gb-button-shape-rounded gb-button-size-medium\" style=\"color:#ffffff;background-color:#4a54ae\">S\u2019inscrire<\/a><\/div>\n<\/div><\/div>\n<\/div><\/div>\n","protected":false},"excerpt":{"rendered":"","protected":false},"author":57,"featured_media":0,"parent":5777,"menu_order":0,"comment_status":"closed","ping_status":"closed","template":"","meta":{"_acf_changed":false,"footnotes":""},"class_list":["post-5790","page","type-page","status-publish","hentry"],"acf":[],"_links":{"self":[{"href":"https:\/\/bounce35.thedev.ca\/fr-ca\/wp-json\/wp\/v2\/pages\/5790","targetHints":{"allow":["GET"]}}],"collection":[{"href":"https:\/\/bounce35.thedev.ca\/fr-ca\/wp-json\/wp\/v2\/pages"}],"about":[{"href":"https:\/\/bounce35.thedev.ca\/fr-ca\/wp-json\/wp\/v2\/types\/page"}],"author":[{"embeddable":true,"href":"https:\/\/bounce35.thedev.ca\/fr-ca\/wp-json\/wp\/v2\/users\/57"}],"replies":[{"embeddable":true,"href":"https:\/\/bounce35.thedev.ca\/fr-ca\/wp-json\/wp\/v2\/comments?post=5790"}],"version-history":[{"count":0,"href":"https:\/\/bounce35.thedev.ca\/fr-ca\/wp-json\/wp\/v2\/pages\/5790\/revisions"}],"up":[{"embeddable":true,"href":"https:\/\/bounce35.thedev.ca\/fr-ca\/wp-json\/wp\/v2\/pages\/5777"}],"wp:attachment":[{"href":"https:\/\/bounce35.thedev.ca\/fr-ca\/wp-json\/wp\/v2\/media?parent=5790"}],"curies":[{"name":"wp","href":"https:\/\/api.w.org\/{rel}","templated":true}]}}