{"id":5821,"date":"2023-04-26T11:55:10","date_gmt":"2023-04-26T16:55:10","guid":{"rendered":"https:\/\/bounce35.thedev.ca\/pour-lanimation\/communaute-de-praticiens\/"},"modified":"2024-07-09T13:38:03","modified_gmt":"2024-07-09T18:38:03","slug":"communaute-de-praticiens","status":"publish","type":"page","link":"https:\/\/bounce35.thedev.ca\/fr-ca\/pour-lanimation\/communaute-de-praticiens\/","title":{"rendered":"Communaut\u00e9 de praticiens"},"content":{"rendered":"<p>[facilitator_locked]<\/p>\n\n\n\n<div class=\"wp-block-genesis-blocks-gb-columns submenu-navigation facilitator-menu gb-layout-columns-1 one-column gb-has-custom-background-color alignfull\" style=\"padding-top:1%;padding-right:15%;padding-bottom:1%;padding-left:15%;background-color:#f0f1f8\"><div class=\"gb-layout-column-wrap gb-block-layout-column-gap-2 gb-is-responsive-column\">\n<div class=\"wp-block-genesis-blocks-gb-column gb-block-layout-column\"><div class=\"gb-block-layout-column-inner gb-has-custom-background-color\" style=\"padding:1%;background-color:#f0f1f8\">\n<p>[if_logged_in]<\/p>\n\n\n<nav style=\"font-style:normal;font-weight:700;text-transform:capitalize;\" class=\"has-text-color has-theme-secondary-color has-larger-font-size is-responsive items-justified-space-between alignfull wp-block-navigation is-content-justification-space-between is-layout-flex wp-container-core-navigation-is-layout-3d213aab wp-block-navigation-is-layout-flex\" aria-label=\"Facilitators (Logged In) - French (Canada)\" \n\t\t data-wp-interactive=\"core\/navigation\" data-wp-context='{\"overlayOpenedBy\":{\"click\":false,\"hover\":false,\"focus\":false},\"type\":\"overlay\",\"roleAttribute\":\"\",\"ariaLabel\":\"Menu\"}'><button aria-haspopup=\"dialog\" aria-label=\"Ouvrir le menu\" class=\"wp-block-navigation__responsive-container-open\" \n\t\t\t\tdata-wp-on-async--click=\"actions.openMenuOnClick\"\n\t\t\t\tdata-wp-on--keydown=\"actions.handleMenuKeydown\"\n\t\t\t><svg width=\"24\" height=\"24\" xmlns=\"http:\/\/www.w3.org\/2000\/svg\" viewBox=\"0 0 24 24\" aria-hidden=\"true\" focusable=\"false\"><rect x=\"4\" y=\"7.5\" width=\"16\" height=\"1.5\" \/><rect x=\"4\" y=\"15\" width=\"16\" height=\"1.5\" \/><\/svg><\/button>\n\t\t\t\t<div class=\"wp-block-navigation__responsive-container\"  id=\"modal-1\" \n\t\t\t\tdata-wp-class--has-modal-open=\"state.isMenuOpen\"\n\t\t\t\tdata-wp-class--is-menu-open=\"state.isMenuOpen\"\n\t\t\t\tdata-wp-watch=\"callbacks.initMenu\"\n\t\t\t\tdata-wp-on--keydown=\"actions.handleMenuKeydown\"\n\t\t\t\tdata-wp-on-async--focusout=\"actions.handleMenuFocusout\"\n\t\t\t\ttabindex=\"-1\"\n\t\t\t>\n\t\t\t\t\t<div class=\"wp-block-navigation__responsive-close\" tabindex=\"-1\">\n\t\t\t\t\t\t<div class=\"wp-block-navigation__responsive-dialog\" \n\t\t\t\tdata-wp-bind--aria-modal=\"state.ariaModal\"\n\t\t\t\tdata-wp-bind--aria-label=\"state.ariaLabel\"\n\t\t\t\tdata-wp-bind--role=\"state.roleAttribute\"\n\t\t\t>\n\t\t\t\t\t\t\t<button aria-label=\"Fermer le menu\" class=\"wp-block-navigation__responsive-container-close\" \n\t\t\t\tdata-wp-on-async--click=\"actions.closeMenuOnClick\"\n\t\t\t><svg xmlns=\"http:\/\/www.w3.org\/2000\/svg\" viewBox=\"0 0 24 24\" width=\"24\" height=\"24\" aria-hidden=\"true\" focusable=\"false\"><path d=\"m13.06 12 6.47-6.47-1.06-1.06L12 10.94 5.53 4.47 4.47 5.53 10.94 12l-6.47 6.47 1.06 1.06L12 13.06l6.47 6.47 1.06-1.06L13.06 12Z\"><\/path><\/svg><\/button>\n\t\t\t\t\t\t\t<div class=\"wp-block-navigation__responsive-container-content\" \n\t\t\t\tdata-wp-watch=\"callbacks.focusFirstElement\"\n\t\t\t id=\"modal-1-content\">\n\t\t\t\t\t\t\t\t<ul style=\"font-style:normal;font-weight:700;text-transform:capitalize;\" class=\"wp-block-navigation__container has-text-color has-theme-secondary-color has-larger-font-size is-responsive items-justified-space-between alignfull wp-block-navigation has-larger-font-size\"><li class=\"has-larger-font-size wp-block-navigation-item wp-block-navigation-link\"><a class=\"wp-block-navigation-item__content\"  href=\"https:\/\/bounce35.thedev.ca\/fr-ca\/pour-lanimation\/communaute-de-praticiens\/\"><span class=\"wp-block-navigation-item__label\">Communaut\u00e9 de praticiens<\/span><\/a><\/li><li class=\"has-larger-font-size wp-block-navigation-item wp-block-navigation-link\"><a class=\"wp-block-navigation-item__content\"  href=\"https:\/\/bounce35.thedev.ca\/fr-ca\/pour-lanimation\/atelier-pour-lanimation\/\"><span class=\"wp-block-navigation-item__label\">Atelier pour l\u2019animation<\/span><\/a><\/li><li class=\"has-larger-font-size wp-block-navigation-item wp-block-navigation-link\"><a class=\"wp-block-navigation-item__content\"  href=\"https:\/\/bounce35.thedev.ca\/fr-ca\/pour-lanimation\/materiel-pour-lanimation\/\"><span class=\"wp-block-navigation-item__label\">Mat\u00e9riel pour l\u2019animation<\/span><\/a><\/li><li class=\"has-larger-font-size wp-block-navigation-item wp-block-navigation-link\"><a class=\"wp-block-navigation-item__content\"  href=\"https:\/\/bounce35.thedev.ca\/fr-ca\/pour-lanimation\/fermeture-de-session\/\"><span class=\"wp-block-navigation-item__label\">Fermeture de session<\/span><\/a><\/li><\/ul>\n\t\t\t\t\t\t\t<\/div>\n\t\t\t\t\t\t<\/div>\n\t\t\t\t\t<\/div>\n\t\t\t\t<\/div><\/nav>\n\n\n<p>[\/if_logged_in]<\/p>\n\n\n\n<p>[if_not_logged_in]<\/p>\n\n\n<nav style=\"font-style:normal;font-weight:700;text-transform:capitalize;\" class=\"has-text-color has-theme-secondary-color has-larger-font-size is-responsive items-justified-space-between alignfull wp-block-navigation is-content-justification-space-between is-layout-flex wp-container-core-navigation-is-layout-3d213aab wp-block-navigation-is-layout-flex\" aria-label=\"Facilitators (Logged Out) - French (Canada)\" \n\t\t data-wp-interactive=\"core\/navigation\" data-wp-context='{\"overlayOpenedBy\":{\"click\":false,\"hover\":false,\"focus\":false},\"type\":\"overlay\",\"roleAttribute\":\"\",\"ariaLabel\":\"Menu\"}'><button aria-haspopup=\"dialog\" aria-label=\"Ouvrir le menu\" class=\"wp-block-navigation__responsive-container-open\" \n\t\t\t\tdata-wp-on-async--click=\"actions.openMenuOnClick\"\n\t\t\t\tdata-wp-on--keydown=\"actions.handleMenuKeydown\"\n\t\t\t><svg width=\"24\" height=\"24\" xmlns=\"http:\/\/www.w3.org\/2000\/svg\" viewBox=\"0 0 24 24\" aria-hidden=\"true\" focusable=\"false\"><rect x=\"4\" y=\"7.5\" width=\"16\" height=\"1.5\" \/><rect x=\"4\" y=\"15\" width=\"16\" height=\"1.5\" \/><\/svg><\/button>\n\t\t\t\t<div class=\"wp-block-navigation__responsive-container\"  id=\"modal-2\" \n\t\t\t\tdata-wp-class--has-modal-open=\"state.isMenuOpen\"\n\t\t\t\tdata-wp-class--is-menu-open=\"state.isMenuOpen\"\n\t\t\t\tdata-wp-watch=\"callbacks.initMenu\"\n\t\t\t\tdata-wp-on--keydown=\"actions.handleMenuKeydown\"\n\t\t\t\tdata-wp-on-async--focusout=\"actions.handleMenuFocusout\"\n\t\t\t\ttabindex=\"-1\"\n\t\t\t>\n\t\t\t\t\t<div class=\"wp-block-navigation__responsive-close\" tabindex=\"-1\">\n\t\t\t\t\t\t<div class=\"wp-block-navigation__responsive-dialog\" \n\t\t\t\tdata-wp-bind--aria-modal=\"state.ariaModal\"\n\t\t\t\tdata-wp-bind--aria-label=\"state.ariaLabel\"\n\t\t\t\tdata-wp-bind--role=\"state.roleAttribute\"\n\t\t\t>\n\t\t\t\t\t\t\t<button aria-label=\"Fermer le menu\" class=\"wp-block-navigation__responsive-container-close\" \n\t\t\t\tdata-wp-on-async--click=\"actions.closeMenuOnClick\"\n\t\t\t><svg xmlns=\"http:\/\/www.w3.org\/2000\/svg\" viewBox=\"0 0 24 24\" width=\"24\" height=\"24\" aria-hidden=\"true\" focusable=\"false\"><path d=\"m13.06 12 6.47-6.47-1.06-1.06L12 10.94 5.53 4.47 4.47 5.53 10.94 12l-6.47 6.47 1.06 1.06L12 13.06l6.47 6.47 1.06-1.06L13.06 12Z\"><\/path><\/svg><\/button>\n\t\t\t\t\t\t\t<div class=\"wp-block-navigation__responsive-container-content\" \n\t\t\t\tdata-wp-watch=\"callbacks.focusFirstElement\"\n\t\t\t id=\"modal-2-content\">\n\t\t\t\t\t\t\t\t<ul style=\"font-style:normal;font-weight:700;text-transform:capitalize;\" class=\"wp-block-navigation__container has-text-color has-theme-secondary-color has-larger-font-size is-responsive items-justified-space-between alignfull wp-block-navigation has-larger-font-size\"><li class=\"has-larger-font-size wp-block-navigation-item wp-block-navigation-link\"><a class=\"wp-block-navigation-item__content\"  href=\"https:\/\/bounce35.thedev.ca\/fr-ca\/pour-lanimation\/ouverture-de-session\/\"><span class=\"wp-block-navigation-item__label\">Ouverture de session<\/span><\/a><\/li><li class=\"has-larger-font-size wp-block-navigation-item wp-block-navigation-link\"><a class=\"wp-block-navigation-item__content\"  href=\"https:\/\/bounce35.thedev.ca\/fr-ca\/pour-lanimation\/atelier-pour-lanimation\/\"><span class=\"wp-block-navigation-item__label\">Atelier pour l\u2019animation<\/span><\/a><\/li><li class=\"has-larger-font-size wp-block-navigation-item wp-block-navigation-link\"><a class=\"wp-block-navigation-item__content\"  href=\"https:\/\/bounce35.thedev.ca\/fr-ca\/pour-lanimation\/creer-un-compte-pour-lanimation\/\"><span class=\"wp-block-navigation-item__label\">Cr\u00e9er un compte pour l\u2019animation<\/span><\/a><\/li><\/ul>\n\t\t\t\t\t\t\t<\/div>\n\t\t\t\t\t\t<\/div>\n\t\t\t\t\t<\/div>\n\t\t\t\t<\/div><\/nav>\n\n\n<p>[\/if_not_logged_in]<\/p>\n<\/div><\/div>\n<\/div><\/div>\n\n\n\n<div class=\"wp-block-genesis-blocks-gb-columns gb-layout-columns-2 gb-2-col-equal has-white-background-color alignfull\" style=\"padding-top:5%;padding-right:15%;padding-bottom:5%;padding-left:15%\"><div class=\"gb-layout-column-wrap gb-block-layout-column-gap-5 gb-is-responsive-column\">\n<div class=\"wp-block-genesis-blocks-gb-column gb-block-layout-column\"><div class=\"gb-block-layout-column-inner\">\n<h1 class=\"wp-block-heading alignfull\">Bienvenue \u00e0 la TCCpc <br>Communaut\u00e9 de praticiens!<\/h1>\n\n\n\n<div style=\"color:#ddd\" class=\"wp-block-genesis-blocks-gb-spacer gb-block-spacer gb-divider-solid gb-divider-size-1\"><hr style=\"height:16px\"\/><\/div>\n\n\n\n<h2 class=\"wp-block-heading\"><mark style=\"background-color:rgba(0, 0, 0, 0)\" class=\"has-inline-color has-theme-primary-color\">L\u2019\u00e9quipe de TCCpc invite toutes les personnes qui ont d\u00e9j\u00e0 suivi la formation en animation et leurs gestionnaires \u00e0 se joindre \u00e0 <strong>la Communaut\u00e9 de praticiens (CdP)<\/strong>.<\/mark><\/h2>\n\n\n\n<div style=\"color:#ddd\" class=\"wp-block-genesis-blocks-gb-spacer gb-block-spacer gb-divider-solid gb-divider-size-1\"><hr style=\"height:14px\"\/><\/div>\n\n\n\n<div class=\"wp-block-columns is-layout-flex wp-container-core-columns-is-layout-9d6595d7 wp-block-columns-is-layout-flex\">\n<div class=\"wp-block-column is-layout-flow wp-block-column-is-layout-flow\" style=\"flex-basis:100%\">\n<p><strong>Quel objectif la CdP esp\u00e8re-t-elle atteindre?<\/strong><\/p>\n\n\n\n<ul class=\"wp-block-list\">\n<li>R\u00e9duire les temps d\u2019attente, accro\u00eetre les services sans augmenter les ressources en personnel, et renforcer la collaboration pour am\u00e9liorer l\u2019offre en mati\u00e8re de TCCpc.<\/li>\n\n\n\n<li>Offrir plus d\u2019outils pour l\u2019animation et mieux faire comprendre la TCC. Cette th\u00e9rapie fond\u00e9e sur des donn\u00e9es probantes est largement utilis\u00e9e et elle fonctionne!<\/li>\n\n\n\n<li>Partager des comp\u00e9tences pour am\u00e9liorer la prestation de la TCCpc (p. ex., discussion sur les principes d\u2019animation de groupe, concepts th\u00e9rapeutiques) et am\u00e9liorer les techniques de la TCCpc.<\/li>\n<\/ul>\n\n\n\n<p><strong>Nous avons besoin de vous!<\/strong><\/p>\n\n\n\n<ul class=\"wp-block-list\">\n<li>Il est essentiel pour toute communaut\u00e9 de praticiens de partager les connaissances et de faire de la cocr\u00e9ation (p. ex., strat\u00e9gies de mobilisation, preuves scientifiques, d\u00e9fis pratiques pour l\u2019animation). Nous voulons conna\u00eetre votre opinion!<\/li>\n\n\n\n<li>Pour communiquer avec l\u2019\u00e9quipe de TCCpc ou pour vous abonner \u00e0 la liste de diffusion, veuillez nous faire parvenir un courriel \u00e0 cbtm@umanitoba.ca ou utiliser la page <a href=\"https:\/\/bounce35.thedev.ca\/fr-ca\/communiquer-avec-nous\/\" title=\"Communiquer avec nous\">Communiquer avec nous<\/a>.<\/li>\n<\/ul>\n<\/div>\n<\/div>\n\n\n\n<div class=\"wp-block-genesis-blocks-gb-columns gb-layout-columns-1 one-column\"><div class=\"gb-layout-column-wrap gb-block-layout-column-gap-2 gb-is-responsive-column\">\n<div class=\"wp-block-genesis-blocks-gb-column gb-block-layout-column\"><div class=\"gb-block-layout-column-inner\">\n<div class=\"wp-block-genesis-blocks-gb-columns gb-layout-columns-2 gb-2-col-equal\"><div class=\"gb-layout-column-wrap gb-block-layout-column-gap-0 gb-is-responsive-column\">\n<div class=\"wp-block-genesis-blocks-gb-column gb-block-layout-column\"><div class=\"gb-block-layout-column-inner\">\n<p><\/p>\n<\/div><\/div>\n\n\n\n<div class=\"wp-block-genesis-blocks-gb-column gb-block-layout-column\"><div class=\"gb-block-layout-column-inner\">\n<p><\/p>\n<\/div><\/div>\n<\/div><\/div>\n<\/div><\/div>\n<\/div><\/div>\n<\/div><\/div>\n\n\n\n<div class=\"wp-block-genesis-blocks-gb-column gb-block-layout-column\"><div class=\"gb-block-layout-column-inner\">\n<figure class=\"wp-block-image size-large\"><img loading=\"lazy\" decoding=\"async\" width=\"1024\" height=\"533\" src=\"https:\/\/bounce35.thedev.ca\/wp-content\/uploads\/2023\/01\/shutterstock_1988643209_Group_People_Sitting-1024x533.png\" alt=\"A group of friends on couches talking with each other\" class=\"wp-image-2693\" srcset=\"https:\/\/bounce35.thedev.ca\/wp-content\/uploads\/2023\/01\/shutterstock_1988643209_Group_People_Sitting-1024x533.png 1024w, https:\/\/bounce35.thedev.ca\/wp-content\/uploads\/2023\/01\/shutterstock_1988643209_Group_People_Sitting-300x156.png 300w, https:\/\/bounce35.thedev.ca\/wp-content\/uploads\/2023\/01\/shutterstock_1988643209_Group_People_Sitting-768x399.png 768w, https:\/\/bounce35.thedev.ca\/wp-content\/uploads\/2023\/01\/shutterstock_1988643209_Group_People_Sitting-1536x799.png 1536w, https:\/\/bounce35.thedev.ca\/wp-content\/uploads\/2023\/01\/shutterstock_1988643209_Group_People_Sitting-2048x1065.png 2048w\" sizes=\"auto, (max-width: 1024px) 100vw, 1024px\" \/><\/figure>\n\n\n\n<p>Les r\u00e9unions trimestrielles de la CdP sont l\u2019occasion de faire des rencontres, d\u2019\u00e9changer concernant les besoins en mati\u00e8re de mise en \u0153uvre ou d\u2019animation des cours sur la TCCpc et de fournir des r\u00e9troactions \u00e0 l\u2019\u00e9quipe responsable de la TCCpc. <\/p>\n\n\n\n<p><br><strong>Dates des prochaines r\u00e9unions de la CdP en 2024 :<\/strong><\/p>\n\n\n\n<div style=\"color:#ddd\" class=\"wp-block-genesis-blocks-gb-spacer gb-block-spacer gb-divider-solid gb-divider-size-1\"><hr style=\"height:5px\"\/><\/div>\n\n\n\n<ul class=\"wp-block-list\">\n<li>Le mercredi 25 septembre 2024, de 12 h \u00e0 13 h<\/li>\n\n\n\n<li>Le mercredi 27 novembre 2024, de 12 h \u00e0 13 h<\/li>\n<\/ul>\n\n\n\n<p><mark style=\"background-color:rgba(0, 0, 0, 0)\" class=\"has-inline-color has-theme-secondary-color\"><strong>Lien pour la visioconf\u00e9rence sur Zoom :<\/strong><\/mark><\/p>\n\n\n\n<p><a href=\"https:\/\/ca01web.zoom.us\/j\/64707027207?pwd=QkhHYXRWZ2NSZ1dIM1VZcUFiYzljQT09\" target=\"_blank\" rel=\"noopener\" title=\"Open the Zoom link in a new tab\">https:\/\/ca01web.zoom.us\/j\/64707027207?pwd=QkhHYXRWZ2NSZ1dIM1VZcUFiYzljQT09<\/a><\/p>\n\n\n\n<p>ID de r\u00e9union : 647 0702 7207<br>Code secret : 226574<\/p>\n\n\n\n<div style=\"color:#ddd\" class=\"wp-block-genesis-blocks-gb-spacer gb-block-spacer gb-divider-solid gb-divider-size-1\"><hr style=\"height:11px\"\/><\/div>\n\n\n\n<div style=\"color:#ddd\" class=\"wp-block-genesis-blocks-gb-spacer gb-block-spacer gb-divider-solid gb-divider-size-1\"><hr style=\"height:18px\"\/><\/div>\n<\/div><\/div>\n<\/div><\/div>\n\n\n\n<div class=\"wp-block-genesis-blocks-gb-columns gb-layout-columns-1 one-column has-white-background-color alignfull\" style=\"padding-right:15%;padding-bottom:5%;padding-left:15%\"><div class=\"gb-layout-column-wrap gb-block-layout-column-gap-2 gb-is-responsive-column\">\n<div class=\"wp-block-genesis-blocks-gb-column sunk-card gb-block-layout-column\"><div class=\"gb-block-layout-column-inner\" style=\"padding:3%\">\n<div class=\"wp-block-genesis-blocks-gb-columns gb-layout-columns-1 one-column alignfull\" style=\"padding-right:3%;padding-bottom:2%;padding-left:5%\"><div class=\"gb-layout-column-wrap gb-block-layout-column-gap-2 gb-is-responsive-column\">\n<div class=\"wp-block-genesis-blocks-gb-column sunk-card gb-block-layout-column\"><div class=\"gb-block-layout-column-inner\">\n<h2 class=\"wp-block-heading has-text-color has-link-color wp-elements-adb001286ac900b9b4d666fe2b3d2ba8\" style=\"color:#000000\">Rendre compte des cours sur la TCCpc <\/h2>\n\n\n\n<p><strong>Rendre compte des cours sur la TCCpc<\/strong><br>Nous vous invitons \u00e0 nous accompagner dans notre parcours commun afin de rendre plus accessibles les soins en sant\u00e9 mentale dans nos collectivit\u00e9s. Votre r\u00f4le en tant qu\u2019animatrice ou animateur ayant suivi une formation sur la TCCpc fait partie int\u00e9grante de notre mission. Ainsi, nous vous demandons de bien vouloir nous accorder un peu de votre temps pour contribuer \u00e0 cette cause. <\/p>\n\n\n\n<p><a href=\"https:\/\/www.surveymonkey.com\/r\/CBTmClassReport\" target=\"_blank\" rel=\"noopener\" title=\"Opens a link to SurveyMonkey in a new tab\"><mark style=\"background-color:rgba(0, 0, 0, 0)\" class=\"has-inline-color has-theme-secondary-color\">Ce bref questionnaire<\/mark><\/a> a \u00e9t\u00e9 con\u00e7u pour recueillir de l\u2019information essentielle au sujet de vos programmes de TCCpc. En partageant de l\u2019information concernant les cours que vous donnez, vous contribuez directement \u00e0 la quantification de l\u2019impact collectif de la TCCpc en ce qui concerne le bien-\u00eatre mental. Votre participation nous permet de mesurer la port\u00e9e des programmes de TCCpc dans nos collectivit\u00e9s.<\/p>\n\n\n\n<p><strong>Directives pour soumettre de l\u2019information :<\/strong><\/p>\n\n\n\n<ul class=\"wp-block-list\">\n<li><strong>Choisir une repr\u00e9sentante ou un repr\u00e9sentant : <\/strong> D\u00e9signer une personne de votre organisation qui conna\u00eet en d\u00e9tail votre programme et lui demander de remplir le formulaire.<\/li>\n\n\n\n<li><strong>Blocs de cours multiples :<\/strong> Si votre organisation a offert plus d\u2019un bloc de cours, veuillez remplir un formulaire pour chacun des blocs.<\/li>\n\n\n\n<li><strong>Soumission en temps opportun :<\/strong> Remplir d\u00e8s que possible le formulaire en fournissant de l\u2019information sur un bloc de cours, id\u00e9alement dans les trois mois suivant la fin des cours. Si vous avez d\u00e9pass\u00e9 ce d\u00e9lai, nous vous invitons tout de m\u00eame \u00e0 nous retourner le formulaire, car vos commentaires nous sont utiles pour la tenue des dossiers et les am\u00e9liorations futures. If you&rsquo;ve surpassed this deadline, we still encourage your submission, as your insights are valuable for our record keeping and future improvements.<\/li>\n<\/ul>\n\n\n\n<p>Nous vous sommes infiniment reconnaissants pour votre d\u00e9termination \u00e0 faire progresser les soins en sant\u00e9 mentale gr\u00e2ce \u00e0 la TCCpc. Pour r\u00e9pondre au questionnaire, <mark style=\"background-color:rgba(0, 0, 0, 0)\" class=\"has-inline-color has-theme-secondary-color\"><a href=\"https:\/\/www.surveymonkey.com\/r\/CBTmClassReport\" target=\"_blank\" rel=\"noopener\" title=\"Open a SurveyMonkey survey in a new tab\"><strong>cliquez ici<\/strong><\/a><\/mark><a href=\"https:\/\/www.surveymonkey.com\/r\/CBTmClassReport\" target=\"_blank\" rel=\"noopener\" title=\"Open a SurveyMonkey survey in a new tab\">.<\/a> Merci de votre engagement.<\/p>\n\n\n\n<div class=\"wp-block-genesis-blocks-gb-columns gb-layout-columns-2 gb-2-col-equal\"><div class=\"gb-layout-column-wrap gb-block-layout-column-gap-2 gb-is-responsive-column\">\n<div class=\"wp-block-genesis-blocks-gb-column gb-block-layout-column\"><div class=\"gb-block-layout-column-inner\">\n<p><\/p>\n<\/div><\/div>\n\n\n\n<div class=\"wp-block-genesis-blocks-gb-column gb-block-layout-column\"><div class=\"gb-block-layout-column-inner\">\n<p><\/p>\n<\/div><\/div>\n<\/div><\/div>\n<\/div><\/div>\n<\/div><\/div>\n<\/div><\/div>\n<\/div><\/div>\n\n\n\n<div class=\"wp-block-genesis-blocks-gb-columns gb-layout-columns-1 one-column has-white-background-color alignfull\" style=\"padding-right:15%;padding-bottom:5%;padding-left:15%\"><div class=\"gb-layout-column-wrap gb-block-layout-column-gap-2 gb-is-responsive-column\">\n<div class=\"wp-block-genesis-blocks-gb-column sunk-card gb-block-layout-column\"><div class=\"gb-block-layout-column-inner\" style=\"padding:3%\">\n<div class=\"wp-block-genesis-blocks-gb-columns gb-layout-columns-1 one-column alignfull\" style=\"padding-right:3%;padding-bottom:2%;padding-left:5%\"><div class=\"gb-layout-column-wrap gb-block-layout-column-gap-2 gb-is-responsive-column\">\n<div class=\"wp-block-genesis-blocks-gb-column sunk-card gb-block-layout-column\"><div class=\"gb-block-layout-column-inner\">\n<h2 class=\"wp-block-heading has-text-color has-link-color wp-elements-93b31150f8eb97ea75ee9730a9170ccb\" style=\"color:#000000\">Mat\u00e9riel pour la communaut\u00e9 de praticiens <\/h2>\n\n\n\n<h3 class=\"wp-block-heading has-theme-primary-color has-text-color\" style=\"font-style:normal;font-weight:300\">Pr\u00e9sentations pour les r\u00e9unions de la communaut\u00e9 de praticiens en TCCpc<\/h3>\n\n\n\n<p>Les pr\u00e9sentations peuvent \u00eatre t\u00e9l\u00e9charg\u00e9es en format PDF pour les dates choisies.<\/p>\n\n\n\n<div class=\"wp-block-genesis-blocks-gb-columns gb-layout-columns-2 gb-2-col-equal\"><div class=\"gb-layout-column-wrap gb-block-layout-column-gap-2 gb-is-responsive-column\">\n<div class=\"wp-block-genesis-blocks-gb-column gb-block-layout-column\"><div class=\"gb-block-layout-column-inner\">\n\n<\/div><\/div>\n\n\n\n<div class=\"wp-block-genesis-blocks-gb-column gb-block-layout-column\"><div class=\"gb-block-layout-column-inner\"><\/div><\/div>\n<\/div><\/div>\n<\/div><\/div>\n<\/div><\/div>\n\n\n\n<div class=\"wp-block-genesis-blocks-gb-columns gb-layout-columns-1 one-column alignfull\" style=\"padding-right:5%;padding-bottom:2%;padding-left:5%\"><div class=\"gb-layout-column-wrap gb-block-layout-column-gap-2 gb-is-responsive-column\">\n<div class=\"wp-block-genesis-blocks-gb-column sunk-card gb-block-layout-column\"><div class=\"gb-block-layout-column-inner\">\n<h3 class=\"wp-block-heading has-theme-primary-color has-text-color\" style=\"font-style:normal;font-weight:300\">Outils et ressources sur la TCCpc<\/h3>\n\n\n\n<div class=\"wp-block-genesis-blocks-gb-columns gb-layout-columns-2 gb-2-col-equal\"><div class=\"gb-layout-column-wrap gb-block-layout-column-gap-2 gb-is-responsive-column\">\n<div class=\"wp-block-genesis-blocks-gb-column gb-block-layout-column\"><div class=\"gb-block-layout-column-inner\">\n\n<\/div><\/div>\n\n\n\n<div class=\"wp-block-genesis-blocks-gb-column gb-block-layout-column\"><div class=\"gb-block-layout-column-inner\"><\/div><\/div>\n<\/div><\/div>\n<\/div><\/div>\n<\/div><\/div>\n<\/div><\/div>\n<\/div><\/div>\n\n\n\n<div class=\"wp-block-genesis-blocks-gb-columns gb-layout-columns-1 one-column has-white-background-color alignfull\" style=\"padding-right:5%;padding-bottom:5%;padding-left:5%\"><div class=\"gb-layout-column-wrap gb-block-layout-column-gap-2 gb-is-responsive-column\">\n<div class=\"wp-block-genesis-blocks-gb-column sunk-card gb-block-layout-column\"><div class=\"gb-block-layout-column-inner\" style=\"padding:3%\">\n<div class=\"wp-block-genesis-blocks-gb-columns gb-layout-columns-1 one-column alignfull\" style=\"padding-top:5%;padding-right:5%;padding-bottom:5%;padding-left:5%\"><div class=\"gb-layout-column-wrap gb-block-layout-column-gap-2 gb-is-responsive-column\">\n<div class=\"wp-block-genesis-blocks-gb-column sunk-card gb-block-layout-column\"><div class=\"gb-block-layout-column-inner\">\n<h2 class=\"wp-block-heading has-text-color\" id=\"Additional-Materials\" style=\"color:#000000\">Mat\u00e9riel additionnel sur la CdP <\/h2>\n\n\n\n<p>Vous trouverez dans cette section d\u2019autres documents et ressources utiles sur la TCC.<\/p>\n<\/div><\/div>\n<\/div><\/div>\n\n\n\n<div class=\"wp-block-genesis-blocks-gb-columns gb-layout-columns-1 one-column alignfull\" style=\"padding-right:5%;padding-bottom:2%;padding-left:5%\"><div class=\"gb-layout-column-wrap gb-block-layout-column-gap-2 gb-is-responsive-column\">\n<div class=\"wp-block-genesis-blocks-gb-column sunk-card gb-block-layout-column\"><div class=\"gb-block-layout-column-inner\">\n<div class=\"wp-block-genesis-blocks-gb-columns gb-layout-columns-2 gb-2-col-equal\"><div class=\"gb-layout-column-wrap gb-block-layout-column-gap-2 gb-is-responsive-column\">\n<div class=\"wp-block-genesis-blocks-gb-column gb-block-layout-column\"><div class=\"gb-block-layout-column-inner\">\n\n\n\n\n\n<\/div><\/div>\n\n\n\n<div class=\"wp-block-genesis-blocks-gb-column gb-block-layout-column\"><div class=\"gb-block-layout-column-inner\">\n\n\n\n<\/div><\/div>\n<\/div><\/div>\n<\/div><\/div>\n<\/div><\/div>\n<\/div><\/div>\n<\/div><\/div>\n","protected":false},"excerpt":{"rendered":"","protected":false},"author":428,"featured_media":0,"parent":5777,"menu_order":0,"comment_status":"closed","ping_status":"closed","template":"","meta":{"_acf_changed":false,"footnotes":""},"class_list":["post-5821","page","type-page","status-publish","hentry"],"acf":[],"_links":{"self":[{"href":"https:\/\/bounce35.thedev.ca\/fr-ca\/wp-json\/wp\/v2\/pages\/5821","targetHints":{"allow":["GET"]}}],"collection":[{"href":"https:\/\/bounce35.thedev.ca\/fr-ca\/wp-json\/wp\/v2\/pages"}],"about":[{"href":"https:\/\/bounce35.thedev.ca\/fr-ca\/wp-json\/wp\/v2\/types\/page"}],"author":[{"embeddable":true,"href":"https:\/\/bounce35.thedev.ca\/fr-ca\/wp-json\/wp\/v2\/users\/428"}],"replies":[{"embeddable":true,"href":"https:\/\/bounce35.thedev.ca\/fr-ca\/wp-json\/wp\/v2\/comments?post=5821"}],"version-history":[{"count":0,"href":"https:\/\/bounce35.thedev.ca\/fr-ca\/wp-json\/wp\/v2\/pages\/5821\/revisions"}],"up":[{"embeddable":true,"href":"https:\/\/bounce35.thedev.ca\/fr-ca\/wp-json\/wp\/v2\/pages\/5777"}],"wp:attachment":[{"href":"https:\/\/bounce35.thedev.ca\/fr-ca\/wp-json\/wp\/v2\/media?parent=5821"}],"curies":[{"name":"wp","href":"https:\/\/api.w.org\/{rel}","templated":true}]}}