{"id":5896,"date":"2023-02-01T16:50:47","date_gmt":"2023-02-01T22:50:47","guid":{"rendered":"https:\/\/bounce35.thedev.ca\/pour-la-clientele\/materiel-pour-les-cours\/"},"modified":"2024-07-03T13:26:13","modified_gmt":"2024-07-03T18:26:13","slug":"materiel-pour-les-cours","status":"publish","type":"page","link":"https:\/\/bounce35.thedev.ca\/fr-ca\/pour-la-clientele\/materiel-pour-les-cours\/","title":{"rendered":"Mat\u00e9riel pour les cours"},"content":{"rendered":"\n<div class=\"wp-block-themepunch-revslider revslider\" data-modal=\"false\" data-slidertitle=\"Ressources Intro (fr-ca)\" style=\"\">[rev_slider alias=\u00a0\u00bbresources-intro-11&Prime; slidertitle=\u00a0\u00bbRessources Intro (fr-ca)\u00a0\u00bb][\/rev_slider]<\/div>\n\n\n\n<div class=\"wp-block-genesis-blocks-gb-columns submenu-navigation for-clients-submenu gb-layout-columns-1 gb-1-col-equal gb-columns-center alignfull\" style=\"padding-top:5%;padding-right:10%;padding-bottom:5%;padding-left:10%\"><div class=\"gb-layout-column-wrap gb-block-layout-column-gap-2 gb-is-responsive-column\" style=\"max-width:2000px\">\n<div class=\"wp-block-genesis-blocks-gb-column gb-block-layout-column\"><div class=\"gb-block-layout-column-inner\"><nav style=\"font-style:normal;font-weight:700;text-transform:capitalize;\" class=\"has-text-color has-theme-secondary-color has-larger-font-size is-responsive items-justified-space-between no-wrap collapsable-menu wp-block-navigation is-horizontal is-content-justification-space-between is-nowrap is-layout-flex wp-container-core-navigation-is-layout-d781b60d wp-block-navigation-is-layout-flex\" aria-label=\"Navigation\" \n\t\t data-wp-interactive=\"core\/navigation\" data-wp-context='{\"overlayOpenedBy\":{\"click\":false,\"hover\":false,\"focus\":false},\"type\":\"overlay\",\"roleAttribute\":\"\",\"ariaLabel\":\"Menu\"}'><button aria-haspopup=\"dialog\" aria-label=\"Ouvrir le menu\" class=\"wp-block-navigation__responsive-container-open\" \n\t\t\t\tdata-wp-on-async--click=\"actions.openMenuOnClick\"\n\t\t\t\tdata-wp-on--keydown=\"actions.handleMenuKeydown\"\n\t\t\t><svg width=\"24\" height=\"24\" xmlns=\"http:\/\/www.w3.org\/2000\/svg\" viewBox=\"0 0 24 24\" aria-hidden=\"true\" focusable=\"false\"><rect x=\"4\" y=\"7.5\" width=\"16\" height=\"1.5\" \/><rect x=\"4\" y=\"15\" width=\"16\" height=\"1.5\" \/><\/svg><\/button>\n\t\t\t\t<div class=\"wp-block-navigation__responsive-container\"  id=\"modal-1\" \n\t\t\t\tdata-wp-class--has-modal-open=\"state.isMenuOpen\"\n\t\t\t\tdata-wp-class--is-menu-open=\"state.isMenuOpen\"\n\t\t\t\tdata-wp-watch=\"callbacks.initMenu\"\n\t\t\t\tdata-wp-on--keydown=\"actions.handleMenuKeydown\"\n\t\t\t\tdata-wp-on-async--focusout=\"actions.handleMenuFocusout\"\n\t\t\t\ttabindex=\"-1\"\n\t\t\t>\n\t\t\t\t\t<div class=\"wp-block-navigation__responsive-close\" tabindex=\"-1\">\n\t\t\t\t\t\t<div class=\"wp-block-navigation__responsive-dialog\" \n\t\t\t\tdata-wp-bind--aria-modal=\"state.ariaModal\"\n\t\t\t\tdata-wp-bind--aria-label=\"state.ariaLabel\"\n\t\t\t\tdata-wp-bind--role=\"state.roleAttribute\"\n\t\t\t>\n\t\t\t\t\t\t\t<button aria-label=\"Fermer le menu\" class=\"wp-block-navigation__responsive-container-close\" \n\t\t\t\tdata-wp-on-async--click=\"actions.closeMenuOnClick\"\n\t\t\t><svg xmlns=\"http:\/\/www.w3.org\/2000\/svg\" viewBox=\"0 0 24 24\" width=\"24\" height=\"24\" aria-hidden=\"true\" focusable=\"false\"><path d=\"m13.06 12 6.47-6.47-1.06-1.06L12 10.94 5.53 4.47 4.47 5.53 10.94 12l-6.47 6.47 1.06 1.06L12 13.06l6.47 6.47 1.06-1.06L13.06 12Z\"><\/path><\/svg><\/button>\n\t\t\t\t\t\t\t<div class=\"wp-block-navigation__responsive-container-content\" \n\t\t\t\tdata-wp-watch=\"callbacks.focusFirstElement\"\n\t\t\t id=\"modal-1-content\">\n\t\t\t\t\t\t\t\t<ul style=\"font-style:normal;font-weight:700;text-transform:capitalize;\" class=\"wp-block-navigation__container has-text-color has-theme-secondary-color has-larger-font-size is-responsive items-justified-space-between no-wrap collapsable-menu wp-block-navigation has-larger-font-size\"><li class=\"has-larger-font-size wp-block-navigation-item wp-block-navigation-link\"><a class=\"wp-block-navigation-item__content\"  href=\"https:\/\/bounce35.thedev.ca\/fr-ca\/pour-la-clientele\/\"><span class=\"wp-block-navigation-item__label\">Sites Web recommand\u00e9s<\/span><\/a><\/li><li class=\"has-larger-font-size wp-block-navigation-item wp-block-navigation-link\"><a class=\"wp-block-navigation-item__content\"  href=\"https:\/\/bounce35.thedev.ca\/fr-ca\/ressources-dapplications-pour-telephone-intelligent\/\"><span class=\"wp-block-navigation-item__label\">Ressources d\u2019applications pour t\u00e9l\u00e9phone intelligent<\/span><\/a><\/li><li class=\"has-larger-font-size wp-block-navigation-item wp-block-navigation-link\"><a class=\"wp-block-navigation-item__content\"  href=\"https:\/\/bounce35.thedev.ca\/fr-ca\/pour-la-clientele\/services-decoute-telephonique\/\"><span class=\"wp-block-navigation-item__label\">Services d\u2019\u00e9coute t\u00e9l\u00e9phonique<\/span><\/a><\/li><li class=\"has-larger-font-size wp-block-navigation-item wp-block-navigation-link\"><a class=\"wp-block-navigation-item__content\"  href=\"https:\/\/bounce35.thedev.ca\/fr-ca\/pour-la-clientele\/materiel-pour-les-cours\/\"><span class=\"wp-block-navigation-item__label\">Mat\u00e9riel pour les cours<\/span><\/a><\/li><li class=\"has-larger-font-size wp-block-navigation-item wp-block-navigation-link\"><a class=\"wp-block-navigation-item__content\"  href=\"https:\/\/bounce35.thedev.ca\/fr-ca\/pour-la-clientele\/ressources-sur-la-pleine-conscience\/\"><span class=\"wp-block-navigation-item__label\">Ressources sur la pleine conscience<\/span><\/a><\/li><\/ul>\n\t\t\t\t\t\t\t<\/div>\n\t\t\t\t\t\t<\/div>\n\t\t\t\t\t<\/div>\n\t\t\t\t<\/div><\/nav><\/div><\/div>\n<\/div><\/div>\n\n\n\n<div class=\"wp-block-genesis-blocks-gb-columns gb-layout-columns-1 one-column has-white-background-color alignfull\" style=\"padding-top:5%;padding-right:15%;padding-bottom:5%;padding-left:15%\"><div class=\"gb-layout-column-wrap gb-block-layout-column-gap-2 gb-is-responsive-column\">\n<div class=\"wp-block-genesis-blocks-gb-column sunk-card gb-block-layout-column\"><div class=\"gb-block-layout-column-inner\" style=\"padding-top:3%;padding-right:3%;padding-left:3%\">\n<h2 class=\"wp-block-heading has-theme-secondary-color has-text-color\">Mat\u00e9riel pour les cours sur la TCCpc pour les adultes<\/h2>\n\n\n\n<p>Voici des fichiers PDF t\u00e9l\u00e9chargeables contenant le mat\u00e9riel pour les cours sur la TCCpc pour les adultes, en fran\u00e7ais ou en anglais. Ce mat\u00e9riel est utilis\u00e9 durant les cours suivis en ligne ou en personne.<\/p>\n\n\n\n<div style=\"height:50px\" aria-hidden=\"true\" class=\"wp-block-spacer\"><\/div>\n\n\n\n<div class=\"wp-block-columns is-layout-flex wp-container-core-columns-is-layout-9d6595d7 wp-block-columns-is-layout-flex\">\n<div class=\"wp-block-column is-layout-flow wp-block-column-is-layout-flow\"><\/div>\n\n\n\n<div class=\"wp-block-column is-layout-flow wp-block-column-is-layout-flow\"><\/div>\n\n\n\n<div class=\"wp-block-column is-layout-flow wp-block-column-is-layout-flow\"><\/div>\n<\/div>\n\n\n\n<div class=\"wp-block-columns is-layout-flex wp-container-core-columns-is-layout-9d6595d7 wp-block-columns-is-layout-flex\">\n<div class=\"wp-block-column is-layout-flow wp-block-column-is-layout-flow\"><\/div>\n\n\n\n<div class=\"wp-block-column is-layout-flow wp-block-column-is-layout-flow\"><\/div>\n\n\n\n<div class=\"wp-block-column is-layout-flow wp-block-column-is-layout-flow\">\n<div class=\"wp-block-columns is-layout-flex wp-container-core-columns-is-layout-9d6595d7 wp-block-columns-is-layout-flex\">\n<div class=\"wp-block-column is-layout-flow wp-block-column-is-layout-flow\"><\/div>\n<\/div>\n<\/div>\n<\/div>\n\n\n\n<div class=\"wp-block-columns is-layout-flex wp-container-core-columns-is-layout-9d6595d7 wp-block-columns-is-layout-flex\">\n<div class=\"wp-block-column is-layout-flow wp-block-column-is-layout-flow\"><\/div>\n\n\n\n<div class=\"wp-block-column is-layout-flow wp-block-column-is-layout-flow\"><\/div>\n\n\n\n<div class=\"wp-block-column is-layout-flow wp-block-column-is-layout-flow\"><\/div>\n<\/div>\n\n\n\n<div class=\"wp-block-columns is-layout-flex wp-container-core-columns-is-layout-9d6595d7 wp-block-columns-is-layout-flex\">\n<div class=\"wp-block-column is-layout-flow wp-block-column-is-layout-flow\"><\/div>\n\n\n\n<div class=\"wp-block-column is-layout-flow wp-block-column-is-layout-flow\"><\/div>\n\n\n\n<div class=\"wp-block-column is-layout-flow wp-block-column-is-layout-flow\">\n<div class=\"wp-block-columns is-layout-flex wp-container-core-columns-is-layout-9d6595d7 wp-block-columns-is-layout-flex\">\n<div class=\"wp-block-column is-layout-flow wp-block-column-is-layout-flow\"><\/div>\n<\/div>\n<\/div>\n<\/div>\n<\/div><\/div>\n<\/div><\/div>\n\n\n\n<div class=\"wp-block-genesis-blocks-gb-columns gb-layout-columns-1 one-column has-white-background-color alignfull\" style=\"padding-top:5%;padding-right:15%;padding-bottom:5%;padding-left:15%\"><div class=\"gb-layout-column-wrap gb-block-layout-column-gap-2 gb-is-responsive-column\">\n<div class=\"wp-block-genesis-blocks-gb-column sunk-card gb-block-layout-column\"><div class=\"gb-block-layout-column-inner\" style=\"padding-top:3%;padding-right:3%;padding-left:3%\">\n<h2 class=\"wp-block-heading has-theme-secondary-color has-text-color\">Autre mat\u00e9riel pour les programmes de TCCpc<\/h2>\n\n\n\n<p>Voici des fichiers PDF t\u00e9l\u00e9chargeables contenant du mat\u00e9riel sp\u00e9cialis\u00e9 pour les programmes de TCCpc. Ce mat\u00e9riel est utilis\u00e9 durant les cours suivis en ligne ou en personne.<\/p>\n\n\n\n<div style=\"height:50px\" aria-hidden=\"true\" class=\"wp-block-spacer\"><\/div>\n\n\n\n<div class=\"wp-block-columns is-layout-flex wp-container-core-columns-is-layout-9d6595d7 wp-block-columns-is-layout-flex\">\n<div class=\"wp-block-column is-layout-flow wp-block-column-is-layout-flow\">\n\n<\/div>\n<\/div>\n<\/div><\/div>\n<\/div><\/div>\n","protected":false},"excerpt":{"rendered":"","protected":false},"author":4,"featured_media":0,"parent":5846,"menu_order":1,"comment_status":"closed","ping_status":"closed","template":"","meta":{"_acf_changed":false,"footnotes":""},"class_list":["post-5896","page","type-page","status-publish","hentry"],"acf":[],"_links":{"self":[{"href":"https:\/\/bounce35.thedev.ca\/fr-ca\/wp-json\/wp\/v2\/pages\/5896","targetHints":{"allow":["GET"]}}],"collection":[{"href":"https:\/\/bounce35.thedev.ca\/fr-ca\/wp-json\/wp\/v2\/pages"}],"about":[{"href":"https:\/\/bounce35.thedev.ca\/fr-ca\/wp-json\/wp\/v2\/types\/page"}],"author":[{"embeddable":true,"href":"https:\/\/bounce35.thedev.ca\/fr-ca\/wp-json\/wp\/v2\/users\/4"}],"replies":[{"embeddable":true,"href":"https:\/\/bounce35.thedev.ca\/fr-ca\/wp-json\/wp\/v2\/comments?post=5896"}],"version-history":[{"count":0,"href":"https:\/\/bounce35.thedev.ca\/fr-ca\/wp-json\/wp\/v2\/pages\/5896\/revisions"}],"up":[{"embeddable":true,"href":"https:\/\/bounce35.thedev.ca\/fr-ca\/wp-json\/wp\/v2\/pages\/5846"}],"wp:attachment":[{"href":"https:\/\/bounce35.thedev.ca\/fr-ca\/wp-json\/wp\/v2\/media?parent=5896"}],"curies":[{"name":"wp","href":"https:\/\/api.w.org\/{rel}","templated":true}]}}