{"id":5901,"date":"2024-05-02T13:19:16","date_gmt":"2024-05-02T18:19:16","guid":{"rendered":"https:\/\/bounce35.thedev.ca\/pour-la-clientele\/ressources-sur-la-pleine-conscience\/"},"modified":"2024-10-16T10:59:35","modified_gmt":"2024-10-16T15:59:35","slug":"ressources-sur-la-pleine-conscience","status":"publish","type":"page","link":"https:\/\/bounce35.thedev.ca\/fr-ca\/pour-la-clientele\/ressources-sur-la-pleine-conscience\/","title":{"rendered":"Ressources sur la pleine conscience"},"content":{"rendered":"\n<div class=\"wp-block-genesis-blocks-gb-columns submenu-navigation for-clients-submenu gb-layout-columns-1 gb-1-col-equal gb-columns-center alignfull\" style=\"padding-top:5%;padding-right:10%;padding-bottom:5%;padding-left:10%\"><div class=\"gb-layout-column-wrap gb-block-layout-column-gap-2 gb-is-responsive-column\" style=\"max-width:2000px\">\n<div class=\"wp-block-genesis-blocks-gb-column gb-block-layout-column\"><div class=\"gb-block-layout-column-inner\"><nav style=\"font-style:normal;font-weight:700;text-transform:capitalize;\" class=\"has-text-color has-theme-secondary-color has-larger-font-size is-responsive items-justified-space-between no-wrap collapsable-menu wp-block-navigation is-horizontal is-content-justification-space-between is-nowrap is-layout-flex wp-container-core-navigation-is-layout-d781b60d wp-block-navigation-is-layout-flex\" aria-label=\"Navigation\" \n\t\t data-wp-interactive=\"core\/navigation\" data-wp-context='{\"overlayOpenedBy\":{\"click\":false,\"hover\":false,\"focus\":false},\"type\":\"overlay\",\"roleAttribute\":\"\",\"ariaLabel\":\"Menu\"}'><button aria-haspopup=\"dialog\" aria-label=\"Ouvrir le menu\" class=\"wp-block-navigation__responsive-container-open\" \n\t\t\t\tdata-wp-on-async--click=\"actions.openMenuOnClick\"\n\t\t\t\tdata-wp-on--keydown=\"actions.handleMenuKeydown\"\n\t\t\t><svg width=\"24\" height=\"24\" xmlns=\"http:\/\/www.w3.org\/2000\/svg\" viewBox=\"0 0 24 24\" aria-hidden=\"true\" focusable=\"false\"><rect x=\"4\" y=\"7.5\" width=\"16\" height=\"1.5\" \/><rect x=\"4\" y=\"15\" width=\"16\" height=\"1.5\" \/><\/svg><\/button>\n\t\t\t\t<div class=\"wp-block-navigation__responsive-container\"  id=\"modal-1\" \n\t\t\t\tdata-wp-class--has-modal-open=\"state.isMenuOpen\"\n\t\t\t\tdata-wp-class--is-menu-open=\"state.isMenuOpen\"\n\t\t\t\tdata-wp-watch=\"callbacks.initMenu\"\n\t\t\t\tdata-wp-on--keydown=\"actions.handleMenuKeydown\"\n\t\t\t\tdata-wp-on-async--focusout=\"actions.handleMenuFocusout\"\n\t\t\t\ttabindex=\"-1\"\n\t\t\t>\n\t\t\t\t\t<div class=\"wp-block-navigation__responsive-close\" tabindex=\"-1\">\n\t\t\t\t\t\t<div class=\"wp-block-navigation__responsive-dialog\" \n\t\t\t\tdata-wp-bind--aria-modal=\"state.ariaModal\"\n\t\t\t\tdata-wp-bind--aria-label=\"state.ariaLabel\"\n\t\t\t\tdata-wp-bind--role=\"state.roleAttribute\"\n\t\t\t>\n\t\t\t\t\t\t\t<button aria-label=\"Fermer le menu\" class=\"wp-block-navigation__responsive-container-close\" \n\t\t\t\tdata-wp-on-async--click=\"actions.closeMenuOnClick\"\n\t\t\t><svg xmlns=\"http:\/\/www.w3.org\/2000\/svg\" viewBox=\"0 0 24 24\" width=\"24\" height=\"24\" aria-hidden=\"true\" focusable=\"false\"><path d=\"m13.06 12 6.47-6.47-1.06-1.06L12 10.94 5.53 4.47 4.47 5.53 10.94 12l-6.47 6.47 1.06 1.06L12 13.06l6.47 6.47 1.06-1.06L13.06 12Z\"><\/path><\/svg><\/button>\n\t\t\t\t\t\t\t<div class=\"wp-block-navigation__responsive-container-content\" \n\t\t\t\tdata-wp-watch=\"callbacks.focusFirstElement\"\n\t\t\t id=\"modal-1-content\">\n\t\t\t\t\t\t\t\t<ul style=\"font-style:normal;font-weight:700;text-transform:capitalize;\" class=\"wp-block-navigation__container has-text-color has-theme-secondary-color has-larger-font-size is-responsive items-justified-space-between no-wrap collapsable-menu wp-block-navigation has-larger-font-size\"><li class=\"has-larger-font-size wp-block-navigation-item wp-block-navigation-link\"><a class=\"wp-block-navigation-item__content\"  href=\"https:\/\/bounce35.thedev.ca\/fr-ca\/pour-la-clientele\/\"><span class=\"wp-block-navigation-item__label\">Sites Web recommand\u00e9s<\/span><\/a><\/li><li class=\"has-larger-font-size wp-block-navigation-item wp-block-navigation-link\"><a class=\"wp-block-navigation-item__content\"  href=\"https:\/\/bounce35.thedev.ca\/fr-ca\/ressources-dapplications-pour-telephone-intelligent\/\"><span class=\"wp-block-navigation-item__label\">Ressources d\u2019applications pour t\u00e9l\u00e9phone intelligent<\/span><\/a><\/li><li class=\"has-larger-font-size wp-block-navigation-item wp-block-navigation-link\"><a class=\"wp-block-navigation-item__content\"  href=\"https:\/\/bounce35.thedev.ca\/fr-ca\/pour-la-clientele\/services-decoute-telephonique\/\"><span class=\"wp-block-navigation-item__label\">Services d\u2019\u00e9coute t\u00e9l\u00e9phonique<\/span><\/a><\/li><li class=\"has-larger-font-size wp-block-navigation-item wp-block-navigation-link\"><a class=\"wp-block-navigation-item__content\"  href=\"https:\/\/bounce35.thedev.ca\/fr-ca\/pour-la-clientele\/materiel-pour-les-cours\/\"><span class=\"wp-block-navigation-item__label\">Mat\u00e9riel pour les cours<\/span><\/a><\/li><li class=\"has-larger-font-size wp-block-navigation-item wp-block-navigation-link\"><a class=\"wp-block-navigation-item__content\"  href=\"https:\/\/bounce35.thedev.ca\/fr-ca\/pour-la-clientele\/ressources-sur-la-pleine-conscience\/\"><span class=\"wp-block-navigation-item__label\">Ressources sur la pleine conscience<\/span><\/a><\/li><\/ul>\n\t\t\t\t\t\t\t<\/div>\n\t\t\t\t\t\t<\/div>\n\t\t\t\t\t<\/div>\n\t\t\t\t<\/div><\/nav><\/div><\/div>\n<\/div><\/div>\n\n\n\n<div class=\"wp-block-genesis-blocks-gb-columns gb-layout-columns-2 gb-2-col-wideleft has-white-background-color alignfull\" style=\"padding-top:5%;padding-right:15%;padding-bottom:5%;padding-left:15%\"><div class=\"gb-layout-column-wrap gb-block-layout-column-gap-0 gb-is-responsive-column\">\n<div class=\"wp-block-genesis-blocks-gb-column gb-block-layout-column\"><div class=\"gb-block-layout-column-inner\">\n<h1 class=\"wp-block-heading alignfull\">Ressources sur la pleine conscience<\/h1>\n\n\n\n<p>La pleine conscience est une pratique de m\u00e9ditation qui consiste \u00e0 mettre l\u2019accent sur le moment pr\u00e9sent et \u00e0 prendre conscience des pens\u00e9es, des sentiments et des sensations, sans porter de jugement. <\/p>\n<\/div><\/div>\n\n\n\n<div class=\"wp-block-genesis-blocks-gb-column gb-block-layout-column\"><div class=\"gb-block-layout-column-inner\"><div class=\"wp-block-image\">\n<figure class=\"alignright size-full is-resized\"><img loading=\"lazy\" decoding=\"async\" width=\"800\" height=\"600\" src=\"https:\/\/bounce35.thedev.ca\/wp-content\/uploads\/2024\/04\/Mindfulness-2-edited.png\" alt=\"Illustration d\u2019une fleur\" class=\"wp-image-4839\" style=\"width:228px;height:auto\" srcset=\"https:\/\/bounce35.thedev.ca\/wp-content\/uploads\/2024\/04\/Mindfulness-2-edited.png 800w, https:\/\/bounce35.thedev.ca\/wp-content\/uploads\/2024\/04\/Mindfulness-2-edited-300x225.png 300w, https:\/\/bounce35.thedev.ca\/wp-content\/uploads\/2024\/04\/Mindfulness-2-edited-768x576.png 768w, https:\/\/bounce35.thedev.ca\/wp-content\/uploads\/2024\/04\/Mindfulness-2-edited-702x526.png 702w, https:\/\/bounce35.thedev.ca\/wp-content\/uploads\/2024\/04\/Mindfulness-2-edited-500x375.png 500w\" sizes=\"auto, (max-width: 800px) 100vw, 800px\" \/><\/figure><\/div><\/div><\/div>\n<\/div><\/div>\n\n\n\n<div class=\"wp-block-genesis-blocks-gb-columns gb-layout-columns-1 gb-1-col-equal has-white-background-color gb-columns-center alignfull\" style=\"padding-top:5%;padding-right:15%;padding-bottom:5%;padding-left:15%\"><div class=\"gb-layout-column-wrap gb-block-layout-column-gap-10 gb-is-responsive-column\" style=\"max-width:1412px\">\n<div class=\"wp-block-genesis-blocks-gb-column gb-block-layout-column gb-is-vertically-aligned-top\"><div class=\"gb-block-layout-column-inner\">\n<h2 class=\"wp-block-heading\"><strong><mark style=\"background-color:rgba(0, 0, 0, 0)\" class=\"has-inline-color has-theme-primary-color\">Exercices de pleine conscience pour la TCCpc<\/mark><\/strong><\/h2>\n\n\n\n<p>Voici des options qui comprennent des enregistrements sonores pour la pratique guid\u00e9e de la pleine conscience.<\/p>\n\n\n\n\n\n\n\n\n\n\n\n<div style=\"color:#ddd\" class=\"wp-block-genesis-blocks-gb-spacer gb-block-spacer gb-divider-solid gb-divider-size-1\"><hr style=\"height:30px\"\/><\/div>\n\n\n\n<h2 class=\"wp-block-heading\"><mark style=\"background-color:rgba(0, 0, 0, 0)\" class=\"has-inline-color has-theme-primary-color\"><strong>S\u00e9ances de yoga pour la sant\u00e9 mentale<\/strong><\/mark> <\/h2>\n\n\n\n<p>Voici des options qui comprennent des s\u00e9ances guid\u00e9es de yoga sur vid\u00e9os.<\/p>\n\n\n\n\n\n\n\n\n\n\n<\/div><\/div>\n<\/div><\/div>\n\n\n\n<div style=\"color:#ddd\" class=\"wp-block-genesis-blocks-gb-spacer gb-block-spacer gb-divider-solid gb-divider-size-1\"><hr\/><\/div>\n\n\n\n<figure class=\"wp-block-video\"><video controls src=\"https:\/\/bounce35.thedev.ca\/wp-content\/uploads\/2024\/05\/Mindful-Video-for-Website.mp4\"><\/video><\/figure>\n\n\n\n<div class=\"wp-block-group alignfull\"><div class=\"wp-block-group__inner-container is-layout-constrained wp-block-group-is-layout-constrained\"><\/div><\/div>\n","protected":false},"excerpt":{"rendered":"","protected":false},"author":10,"featured_media":0,"parent":5846,"menu_order":0,"comment_status":"closed","ping_status":"closed","template":"","meta":{"_acf_changed":false,"footnotes":""},"class_list":["post-5901","page","type-page","status-publish","hentry"],"acf":[],"_links":{"self":[{"href":"https:\/\/bounce35.thedev.ca\/fr-ca\/wp-json\/wp\/v2\/pages\/5901","targetHints":{"allow":["GET"]}}],"collection":[{"href":"https:\/\/bounce35.thedev.ca\/fr-ca\/wp-json\/wp\/v2\/pages"}],"about":[{"href":"https:\/\/bounce35.thedev.ca\/fr-ca\/wp-json\/wp\/v2\/types\/page"}],"author":[{"embeddable":true,"href":"https:\/\/bounce35.thedev.ca\/fr-ca\/wp-json\/wp\/v2\/users\/10"}],"replies":[{"embeddable":true,"href":"https:\/\/bounce35.thedev.ca\/fr-ca\/wp-json\/wp\/v2\/comments?post=5901"}],"version-history":[{"count":1,"href":"https:\/\/bounce35.thedev.ca\/fr-ca\/wp-json\/wp\/v2\/pages\/5901\/revisions"}],"predecessor-version":[{"id":6191,"href":"https:\/\/bounce35.thedev.ca\/fr-ca\/wp-json\/wp\/v2\/pages\/5901\/revisions\/6191"}],"up":[{"embeddable":true,"href":"https:\/\/bounce35.thedev.ca\/fr-ca\/wp-json\/wp\/v2\/pages\/5846"}],"wp:attachment":[{"href":"https:\/\/bounce35.thedev.ca\/fr-ca\/wp-json\/wp\/v2\/media?parent=5901"}],"curies":[{"name":"wp","href":"https:\/\/api.w.org\/{rel}","templated":true}]}}